{"id":2420,"date":"2023-05-24T14:12:12","date_gmt":"2023-05-24T12:12:12","guid":{"rendered":"https:\/\/trinitixshop.de\/?post_type=product&#038;p=2420"},"modified":"2023-05-24T14:54:40","modified_gmt":"2023-05-24T12:54:40","slug":"timantti-poely-tyylikaes-rakenne-design-energia-vanne-korvakorut-hopea-1406p","status":"publish","type":"product","link":"https:\/\/trinitixshop.de\/fi\/produkt\/diamantenstaub-elegante-struktur-design-energie-creolen-silber-1406p\/","title":{"rendered":"Timantti p\u00f6ly tyylik\u00e4s rakenne design energia vanne korvakorut hopea # 1406P"},"content":{"rendered":"<p>[759] CR140600T<\/p>\n","protected":false},"excerpt":{"rendered":"<p>Eksklusiivinen muotoilu.<br \/>\nVankka ja kiilt\u00e4v\u00e4 ruostumaton ter\u00e4s on rakenteeltaan ainutlaatuista, mik\u00e4 tekee creolesta erityisen tyylikk\u00e4\u00e4n n\u00e4k\u00f6isen, aivan kuin se olisi timanttip\u00f6ly\u00e4.<br \/>\nHopea. Hienovarainen ja tyylik\u00e4s. Ruostumatonta ter\u00e4st\u00e4, nikkeliallergiaton, kiillotettu. \u00d8 n. 14 mm.<br \/>\nVastaava sormus on saatavana numerolla # 306 ja # 406.<br \/>\nTehokkaat neodyymimagneetit (noin 1200 gaussia) istuvat suoraan korvalehteen.<\/p>","protected":false},"featured_media":2475,"comment_status":"open","ping_status":"closed","template":"","meta":[],"product_brand":[],"product_cat":[17,20],"product_tag":[25],"class_list":{"0":"post-2420","1":"product","2":"type-product","3":"status-publish","4":"has-post-thumbnail","6":"product_cat-alle-produkte","7":"product_cat-ohrringe","8":"product_tag-t-prime","9":"thunk-woo-product-list","10":"opn-qv-enable","11":"top-store-woo-hover-zoom","12":"top-store-single-product-tab-horizontal","13":"top-store-shadow-","14":"top-store-shadow-hover-","16":"first","17":"instock","18":"sale","19":"taxable","20":"shipping-taxable","21":"purchasable","22":"product-type-simple"},"_links":{"self":[{"href":"https:\/\/trinitixshop.de\/fi\/wp-json\/wp\/v2\/product\/2420","targetHints":{"allow":["GET"]}}],"collection":[{"href":"https:\/\/trinitixshop.de\/fi\/wp-json\/wp\/v2\/product"}],"about":[{"href":"https:\/\/trinitixshop.de\/fi\/wp-json\/wp\/v2\/types\/product"}],"replies":[{"embeddable":true,"href":"https:\/\/trinitixshop.de\/fi\/wp-json\/wp\/v2\/comments?post=2420"}],"wp:featuredmedia":[{"embeddable":true,"href":"https:\/\/trinitixshop.de\/fi\/wp-json\/wp\/v2\/media\/2475"}],"wp:attachment":[{"href":"https:\/\/trinitixshop.de\/fi\/wp-json\/wp\/v2\/media?parent=2420"}],"wp:term":[{"taxonomy":"product_brand","embeddable":true,"href":"https:\/\/trinitixshop.de\/fi\/wp-json\/wp\/v2\/product_brand?post=2420"},{"taxonomy":"product_cat","embeddable":true,"href":"https:\/\/trinitixshop.de\/fi\/wp-json\/wp\/v2\/product_cat?post=2420"},{"taxonomy":"product_tag","embeddable":true,"href":"https:\/\/trinitixshop.de\/fi\/wp-json\/wp\/v2\/product_tag?post=2420"}],"curies":[{"name":"wp","href":"https:\/\/api.w.org\/{rel}","templated":true}]}}