{"id":2422,"date":"2023-05-24T14:12:12","date_gmt":"2023-05-24T12:12:12","guid":{"rendered":"https:\/\/trinitixshop.de\/?post_type=product&#038;p=2422"},"modified":"2023-11-20T12:02:34","modified_gmt":"2023-11-20T11:02:34","slug":"muoti-kreolit-hopea-vaerillisillae-swarovski-kristalleilla-623ps","status":"publish","type":"product","link":"https:\/\/trinitixshop.de\/fi\/produkt\/fashion-creolen-silber-mit-bunten-swarovski-crystals-623ps\/","title":{"rendered":"Muodikkaat korvakorut hopea v\u00e4rikk\u00e4ill\u00e4 Swarovski-kristalleilla # 623Ps"},"content":{"rendered":"<p>[14] CR062300T<\/p>\n","protected":false},"excerpt":{"rendered":"<p>Kipin\u00f6iv\u00e4 korvakoru, jossa on v\u00e4rikk\u00e4it\u00e4, hohtavia Swarovski-kristalleja.<br \/>\nHienovarainen ja tyylik\u00e4s.<br \/>\nIhana lahja yhdess\u00e4 yhteensopivan magneettirannekorun #463 kanssa.<br \/>\nHopea, \u00d8 noin 13 mm, paksuus 4 mm.<br \/>\nTehokkaat neodyymimagneetit istuvat suoraan korvalehteen.<br \/>\nKaunis magneettinen koru edustaa keveytt\u00e4, energiaa ja eleganssia!<br \/>\nJokaisessa korussamme on laadukkaat ja tehokkaat neodyymimagneetit.<br \/>\ntarjotaan.<br \/>\nNeodyymimagneettisis\u00e4ke, jossa on noin 1200 gaussia.<br \/>\nRuostumatonta l\u00e4\u00e4kinn\u00e4llist\u00e4 ter\u00e4st\u00e4, ei sis\u00e4ll\u00e4 kadmiumia, nikkeli\u00e4 eik\u00e4 lyijy\u00e4. Allergiaton.<br \/>\nMagneettisoihtu, jossa on noin 1200 gaussia.<br \/>\nRuostumatonta l\u00e4\u00e4kinn\u00e4llist\u00e4 ter\u00e4st\u00e4, ei sis\u00e4ll\u00e4 kadmiumia, nikkeli\u00e4 eik\u00e4 lyijy\u00e4. Allergiaton.<\/p>","protected":false},"featured_media":2519,"comment_status":"open","ping_status":"closed","template":"","meta":[],"product_brand":[],"product_cat":[17,20],"product_tag":[28],"class_list":{"0":"post-2422","1":"product","2":"type-product","3":"status-publish","4":"has-post-thumbnail","6":"product_cat-alle-produkte","7":"product_cat-ohrringe","8":"product_tag-kurfuerst","9":"thunk-woo-product-list","10":"opn-qv-enable","11":"top-store-woo-hover-zoom","12":"top-store-single-product-tab-horizontal","13":"top-store-shadow-","14":"top-store-shadow-hover-","16":"first","17":"instock","18":"sale","19":"taxable","20":"shipping-taxable","21":"purchasable","22":"product-type-simple"},"_links":{"self":[{"href":"https:\/\/trinitixshop.de\/fi\/wp-json\/wp\/v2\/product\/2422","targetHints":{"allow":["GET"]}}],"collection":[{"href":"https:\/\/trinitixshop.de\/fi\/wp-json\/wp\/v2\/product"}],"about":[{"href":"https:\/\/trinitixshop.de\/fi\/wp-json\/wp\/v2\/types\/product"}],"replies":[{"embeddable":true,"href":"https:\/\/trinitixshop.de\/fi\/wp-json\/wp\/v2\/comments?post=2422"}],"wp:featuredmedia":[{"embeddable":true,"href":"https:\/\/trinitixshop.de\/fi\/wp-json\/wp\/v2\/media\/2519"}],"wp:attachment":[{"href":"https:\/\/trinitixshop.de\/fi\/wp-json\/wp\/v2\/media?parent=2422"}],"wp:term":[{"taxonomy":"product_brand","embeddable":true,"href":"https:\/\/trinitixshop.de\/fi\/wp-json\/wp\/v2\/product_brand?post=2422"},{"taxonomy":"product_cat","embeddable":true,"href":"https:\/\/trinitixshop.de\/fi\/wp-json\/wp\/v2\/product_cat?post=2422"},{"taxonomy":"product_tag","embeddable":true,"href":"https:\/\/trinitixshop.de\/fi\/wp-json\/wp\/v2\/product_tag?post=2422"}],"curies":[{"name":"wp","href":"https:\/\/api.w.org\/{rel}","templated":true}]}}