{"id":2424,"date":"2023-05-24T14:12:12","date_gmt":"2023-05-24T12:12:12","guid":{"rendered":"https:\/\/trinitixshop.de\/?post_type=product&#038;p=2424"},"modified":"2025-12-07T15:16:33","modified_gmt":"2025-12-07T14:16:33","slug":"filigraaniset-solitaire-korvanapit-swarovskin-timanttikristallilla-1382p-hopea","status":"publish","type":"product","link":"https:\/\/trinitixshop.de\/fi\/produkt\/filigrane-solitaire-ohrstecker-mit-swarovski-diamond-crystal-1382p-silber\/","title":{"rendered":"Filigree Solitaire korvakorut Swarovskin timantti kristalli 1382P hopea"},"content":{"rendered":"<p>[577] EX138200T<\/p>\n","protected":false},"excerpt":{"rendered":"<p>Solitaire Magnet Ohrstecker White Diamond Solitaire, silber\/hochglanz, \u00f8 ca. 6 mm.<br \/>\nMuodikas retromuotoilu, jossa on suuri kristallisolitaire, kehystettyn\u00e4 modernilla metallikehyksell\u00e4.<\/p>\n<p>Diese eleganten Ohrstecker sind auch in rosegold und gold verf\u00fcgbar.<\/p>\n<p>Ihanteellinen kuohuva kumppani, niin p\u00e4iv\u00e4ll\u00e4 kuin illallakin. Kipin\u00f6iv\u00e4 korvakoru, jossa on alkuper\u00e4inen Swarovski Crystal Element \"White Diamond\". Hienovarainen ja tyylik\u00e4s. Her\u00e4tt\u00e4\u00e4 kaikkien huomion. (# 461 on hieman suurempi, \u00f8 n. 7,5 mm).<\/p>\n<p>Loistava muotoilu tehokkaaseen ulkoasuun. T\u00e4ydellinen liike- tai glamour-naisten k\u00e4ytt\u00f6\u00f6n.<br \/>\nT\u00e4ll\u00e4 korvanastalla saavutat aina halutun vaikutuksen.<br \/>\nTehokkaat neodyymimagneetit istuvat suoraan korvalehteen.<br \/>\nKaunis magneettinen koru edustaa keveytt\u00e4, energiaa ja eleganssia!<br \/>\nJokaisessa korussamme on laadukkaat ja tehokkaat neodyymimagneetit.<br \/>\nNeodyymimagneettisis\u00e4ke, jossa on noin 1200 gaussia.<br \/>\nRuostumatonta l\u00e4\u00e4kinn\u00e4llist\u00e4 ter\u00e4st\u00e4, ei sis\u00e4ll\u00e4 kadmiumia, nikkeli\u00e4 eik\u00e4 lyijy\u00e4. Allergiaton<\/p>","protected":false},"featured_media":0,"comment_status":"open","ping_status":"closed","template":"","meta":[],"product_brand":[],"product_cat":[17,20],"product_tag":[24],"class_list":{"0":"post-2424","1":"product","2":"type-product","3":"status-publish","5":"product_cat-alle-produkte","6":"product_cat-ohrringe","7":"product_tag-jungbrunn","8":"thunk-woo-product-list","9":"opn-qv-enable","10":"top-store-woo-hover-zoom","11":"top-store-single-product-tab-horizontal","12":"top-store-shadow-","13":"top-store-shadow-hover-","15":"first","16":"instock","17":"sale","18":"taxable","19":"shipping-taxable","20":"purchasable","21":"product-type-simple"},"_links":{"self":[{"href":"https:\/\/trinitixshop.de\/fi\/wp-json\/wp\/v2\/product\/2424","targetHints":{"allow":["GET"]}}],"collection":[{"href":"https:\/\/trinitixshop.de\/fi\/wp-json\/wp\/v2\/product"}],"about":[{"href":"https:\/\/trinitixshop.de\/fi\/wp-json\/wp\/v2\/types\/product"}],"replies":[{"embeddable":true,"href":"https:\/\/trinitixshop.de\/fi\/wp-json\/wp\/v2\/comments?post=2424"}],"wp:attachment":[{"href":"https:\/\/trinitixshop.de\/fi\/wp-json\/wp\/v2\/media?parent=2424"}],"wp:term":[{"taxonomy":"product_brand","embeddable":true,"href":"https:\/\/trinitixshop.de\/fi\/wp-json\/wp\/v2\/product_brand?post=2424"},{"taxonomy":"product_cat","embeddable":true,"href":"https:\/\/trinitixshop.de\/fi\/wp-json\/wp\/v2\/product_cat?post=2424"},{"taxonomy":"product_tag","embeddable":true,"href":"https:\/\/trinitixshop.de\/fi\/wp-json\/wp\/v2\/product_tag?post=2424"}],"curies":[{"name":"wp","href":"https:\/\/api.w.org\/{rel}","templated":true}]}}