{"id":2430,"date":"2023-05-24T14:12:12","date_gmt":"2023-05-24T12:12:12","guid":{"rendered":"https:\/\/trinitixshop.de\/?post_type=product&#038;p=2430"},"modified":"2023-05-24T14:34:35","modified_gmt":"2023-05-24T12:34:35","slug":"korvanapit-tassu-swarovski-kristalli-hopea-1387p","status":"publish","type":"product","link":"https:\/\/trinitixshop.de\/fi\/produkt\/ohrstecker-pfote-mit-swarovski-crystal-silber-1387p\/","title":{"rendered":"Nastakorvakorut tassu Swarovski kristalli hopea # 1387P"},"content":{"rendered":"<p>EX138700T<\/p>","protected":false},"excerpt":{"rendered":"<p>Magneettikorvakorut tassu hopea, \u00d8 n. 13 mm. Swarovski-kristallilla s\u00e4ihkyv\u00e4 korvakoru.<br \/>\nHer\u00e4tt\u00e4\u00e4 kaikkien huomion. Se on erityisen tehokas yhteensopivan riipuksen # 714 ja magneettirannekkeen # 2153 kanssa.<br \/>\nIhanteellinen kuohuva kumppani, niin p\u00e4iv\u00e4ll\u00e4 kuin illallakin. Kipin\u00f6iv\u00e4 korvakoru, jossa on alkuper\u00e4inen Swarovskin kristallielementti.<br \/>\nT\u00e4ll\u00e4 korvanastalla saavutat aina halutun vaikutuksen.<br \/>\nTehokkaat neodyymimagneetit istuvat suoraan korvalehteen.<br \/>\nKaunis magneettinen koru edustaa keveytt\u00e4, energiaa ja eleganssia! Jokaisessa korussamme on laadukkaita ja voimakkaita neodyymimagneetteja. Neodyymimagneettisisus, jossa on n. 1200 gaussia.<br \/>\nRuostumatonta l\u00e4\u00e4kinn\u00e4llist\u00e4 ter\u00e4st\u00e4, ei sis\u00e4ll\u00e4 kadmiumia, nikkeli\u00e4 eik\u00e4 lyijy\u00e4. Allergiaton Komissio ja ranking-pisteet = 0 (Magnetschmuck.de)<\/p>","protected":false},"featured_media":2506,"comment_status":"open","ping_status":"closed","template":"","meta":[],"product_brand":[],"product_cat":[17,20],"product_tag":[25],"class_list":{"0":"post-2430","1":"product","2":"type-product","3":"status-publish","4":"has-post-thumbnail","6":"product_cat-alle-produkte","7":"product_cat-ohrringe","8":"product_tag-t-prime","9":"thunk-woo-product-list","10":"opn-qv-enable","11":"top-store-woo-hover-zoom","12":"top-store-single-product-tab-horizontal","13":"top-store-shadow-","14":"top-store-shadow-hover-","16":"first","17":"instock","18":"sale","19":"taxable","20":"shipping-taxable","21":"purchasable","22":"product-type-simple"},"_links":{"self":[{"href":"https:\/\/trinitixshop.de\/fi\/wp-json\/wp\/v2\/product\/2430","targetHints":{"allow":["GET"]}}],"collection":[{"href":"https:\/\/trinitixshop.de\/fi\/wp-json\/wp\/v2\/product"}],"about":[{"href":"https:\/\/trinitixshop.de\/fi\/wp-json\/wp\/v2\/types\/product"}],"replies":[{"embeddable":true,"href":"https:\/\/trinitixshop.de\/fi\/wp-json\/wp\/v2\/comments?post=2430"}],"wp:featuredmedia":[{"embeddable":true,"href":"https:\/\/trinitixshop.de\/fi\/wp-json\/wp\/v2\/media\/2506"}],"wp:attachment":[{"href":"https:\/\/trinitixshop.de\/fi\/wp-json\/wp\/v2\/media?parent=2430"}],"wp:term":[{"taxonomy":"product_brand","embeddable":true,"href":"https:\/\/trinitixshop.de\/fi\/wp-json\/wp\/v2\/product_brand?post=2430"},{"taxonomy":"product_cat","embeddable":true,"href":"https:\/\/trinitixshop.de\/fi\/wp-json\/wp\/v2\/product_cat?post=2430"},{"taxonomy":"product_tag","embeddable":true,"href":"https:\/\/trinitixshop.de\/fi\/wp-json\/wp\/v2\/product_tag?post=2430"}],"curies":[{"name":"wp","href":"https:\/\/api.w.org\/{rel}","templated":true}]}}