{"id":2432,"date":"2023-05-24T14:12:13","date_gmt":"2023-05-24T12:12:13","guid":{"rendered":"https:\/\/trinitixshop.de\/?post_type=product&#038;p=2432"},"modified":"2023-05-24T14:32:36","modified_gmt":"2023-05-24T12:32:36","slug":"brasilian-sateenkaari-korvakorut-swarovski-jalokivillae-hopea-xxl","status":"publish","type":"product","link":"https:\/\/trinitixshop.de\/fi\/produkt\/brazil-rainbow-ohrstecker-mit-swarovski-edelsteinen-silber-xxl\/","title":{"rendered":"Brasilia Sateenkaari korvakorut Swarovskin jalokivill\u00e4 hopea XXL"},"content":{"rendered":"<p>EX900500T<\/p>","protected":false},"excerpt":{"rendered":"<p>Kaksi v\u00e4rik\u00e4st\u00e4 magneettikorvakorua \"Rainbow Collection\" -mallistostamme. Lajitelma, jossa on v\u00e4rillisi\u00e4 Swarovskin jalokivi\u00e4 spektriv\u00e4reiss\u00e4. Todellista k\u00e4sity\u00f6t\u00e4 yrityksemme suunnittelijoilta.<br \/>\nValmistettu k\u00e4sin.<br \/>\nHienovaraisesti porrastetuissa v\u00e4reiss\u00e4 n\u00e4kyv\u00e4t sateenkaaren spektrin v\u00e4rit. Valikoimassa on granaatin, ametistin, sitriinin, peridootin ja sinisen topaasin kaltaisia synteettisi\u00e4 elementtej\u00e4.<br \/>\nSekaruutu muunnettuna leikkauksena. Hopea. Korvakorut XXL kpl. n. 6 x 32 mm. Paksuus n. 3,2 mm.<br \/>\nMuinaisessa id\u00e4ss\u00e4 sateenkaari symboloi voittoa jumalten v\u00e4lisen kiistan j\u00e4lkeen. ...<br \/>\nViel\u00e4 nyky\u00e4\u00e4nkin sateenkaaren n\u00e4kyminen taivaalla vetoaa ihmisiin. Sit\u00e4 pidet\u00e4\u00e4n harmonian, kokonaisuuden ja luonnonsuojelun symbolina tai merkkin\u00e4 taivaan ja maan v\u00e4lisest\u00e4 yhteydest\u00e4.<br \/>\nTehokkaat neodyymimagneetit istuvat suoraan korvalehteen.<br \/>\nKaunis magneettinen koru edustaa keveytt\u00e4, energiaa ja eleganssia!<br \/>\nJokaisessa korussamme on laadukkaat ja tehokkaat neodyymimagneetit.<br \/>\nNeodyymimagneettisis\u00e4ke, jossa on noin 1200 gaussia.<br \/>\nRuostumatonta l\u00e4\u00e4kinn\u00e4llist\u00e4 ter\u00e4st\u00e4, ei sis\u00e4ll\u00e4 kadmiumia, nikkeli\u00e4 eik\u00e4 lyijy\u00e4. Allergiaton<\/p>","protected":false},"featured_media":2510,"comment_status":"open","ping_status":"closed","template":"","meta":[],"product_brand":[],"product_cat":[17,20],"product_tag":[28],"class_list":{"0":"post-2432","1":"product","2":"type-product","3":"status-publish","4":"has-post-thumbnail","6":"product_cat-alle-produkte","7":"product_cat-ohrringe","8":"product_tag-kurfuerst","9":"thunk-woo-product-list","10":"opn-qv-enable","11":"top-store-woo-hover-zoom","12":"top-store-single-product-tab-horizontal","13":"top-store-shadow-","14":"top-store-shadow-hover-","16":"first","17":"instock","18":"taxable","19":"shipping-taxable","20":"purchasable","21":"product-type-simple"},"_links":{"self":[{"href":"https:\/\/trinitixshop.de\/fi\/wp-json\/wp\/v2\/product\/2432","targetHints":{"allow":["GET"]}}],"collection":[{"href":"https:\/\/trinitixshop.de\/fi\/wp-json\/wp\/v2\/product"}],"about":[{"href":"https:\/\/trinitixshop.de\/fi\/wp-json\/wp\/v2\/types\/product"}],"replies":[{"embeddable":true,"href":"https:\/\/trinitixshop.de\/fi\/wp-json\/wp\/v2\/comments?post=2432"}],"wp:featuredmedia":[{"embeddable":true,"href":"https:\/\/trinitixshop.de\/fi\/wp-json\/wp\/v2\/media\/2510"}],"wp:attachment":[{"href":"https:\/\/trinitixshop.de\/fi\/wp-json\/wp\/v2\/media?parent=2432"}],"wp:term":[{"taxonomy":"product_brand","embeddable":true,"href":"https:\/\/trinitixshop.de\/fi\/wp-json\/wp\/v2\/product_brand?post=2432"},{"taxonomy":"product_cat","embeddable":true,"href":"https:\/\/trinitixshop.de\/fi\/wp-json\/wp\/v2\/product_cat?post=2432"},{"taxonomy":"product_tag","embeddable":true,"href":"https:\/\/trinitixshop.de\/fi\/wp-json\/wp\/v2\/product_tag?post=2432"}],"curies":[{"name":"wp","href":"https:\/\/api.w.org\/{rel}","templated":true}]}}