{"id":2433,"date":"2023-05-24T14:12:13","date_gmt":"2023-05-24T12:12:13","guid":{"rendered":"https:\/\/trinitixshop.de\/?post_type=product&#038;p=2433"},"modified":"2023-05-24T14:30:21","modified_gmt":"2023-05-24T12:30:21","slug":"vintage-creoles-kultaa-valkoinen-swarovski-kiteet-o-noin-13-mm-620p-620p","status":"publish","type":"product","link":"https:\/\/trinitixshop.de\/fi\/produkt\/vintage-creolen-gold-mit-weissen-swarovski-crystals-o-ca-13-mm-620p\/","title":{"rendered":"Vintage vanne korvakorut kultaa valkoisilla Swarovski-kristalleilla \u00d8 n. 13 mm # 620P"},"content":{"rendered":"<p>CR062000T<\/p>","protected":false},"excerpt":{"rendered":"<p>Energia vanne korvakorut Vintage muoti 24k kova kullattu l\u00e4\u00e4ketieteen ruostumattomasta ter\u00e4ksest\u00e4 nikkelitt\u00f6m\u00e4t allergiaton kuohuviini Swarovski-kristallit kanssa<br \/>\nS\u00e4ihkyv\u00e4 korvakoru, jossa on kirkkaita, hohtavia Swarovski-kristalleja ja neodyymimagneetti, jossa on noin 1200 gaussia.<br \/>\nHienovarainen ja tyylik\u00e4s.<br \/>\nIhana lahja yhdistettyn\u00e4 yhteensopivaan magneettirannekoruun nro 473.24k kovakullattu.<br \/>\nRuostumaton ter\u00e4s, nikkeliallergiaton, \u00d8 n. 13 mm, paksuus 4 mm.<br \/>\nTehokkaat neodyymimagneetit (noin 1200 gaussia) istuvat suoraan korvalehteen.<\/p>","protected":false},"featured_media":2468,"comment_status":"open","ping_status":"closed","template":"","meta":[],"product_brand":[],"product_cat":[17,20],"product_tag":[28],"class_list":{"0":"post-2433","1":"product","2":"type-product","3":"status-publish","4":"has-post-thumbnail","6":"product_cat-alle-produkte","7":"product_cat-ohrringe","8":"product_tag-kurfuerst","9":"thunk-woo-product-list","10":"opn-qv-enable","11":"top-store-woo-hover-zoom","12":"top-store-single-product-tab-horizontal","13":"top-store-shadow-","14":"top-store-shadow-hover-","16":"first","17":"instock","18":"sale","19":"taxable","20":"shipping-taxable","21":"purchasable","22":"product-type-simple"},"_links":{"self":[{"href":"https:\/\/trinitixshop.de\/fi\/wp-json\/wp\/v2\/product\/2433","targetHints":{"allow":["GET"]}}],"collection":[{"href":"https:\/\/trinitixshop.de\/fi\/wp-json\/wp\/v2\/product"}],"about":[{"href":"https:\/\/trinitixshop.de\/fi\/wp-json\/wp\/v2\/types\/product"}],"replies":[{"embeddable":true,"href":"https:\/\/trinitixshop.de\/fi\/wp-json\/wp\/v2\/comments?post=2433"}],"wp:featuredmedia":[{"embeddable":true,"href":"https:\/\/trinitixshop.de\/fi\/wp-json\/wp\/v2\/media\/2468"}],"wp:attachment":[{"href":"https:\/\/trinitixshop.de\/fi\/wp-json\/wp\/v2\/media?parent=2433"}],"wp:term":[{"taxonomy":"product_brand","embeddable":true,"href":"https:\/\/trinitixshop.de\/fi\/wp-json\/wp\/v2\/product_brand?post=2433"},{"taxonomy":"product_cat","embeddable":true,"href":"https:\/\/trinitixshop.de\/fi\/wp-json\/wp\/v2\/product_cat?post=2433"},{"taxonomy":"product_tag","embeddable":true,"href":"https:\/\/trinitixshop.de\/fi\/wp-json\/wp\/v2\/product_tag?post=2433"}],"curies":[{"name":"wp","href":"https:\/\/api.w.org\/{rel}","templated":true}]}}