{"id":2440,"date":"2023-05-24T14:12:13","date_gmt":"2023-05-24T12:12:13","guid":{"rendered":"https:\/\/trinitixshop.de\/?post_type=product&#038;p=2440"},"modified":"2024-09-15T09:28:55","modified_gmt":"2024-09-15T07:28:55","slug":"taehti-korvakorut-hopea-swarovski-kristalleilla-varustettuna","status":"publish","type":"product","link":"https:\/\/trinitixshop.de\/fi\/produkt\/stern-ohrstecker-silber-mit-swarovski-crystals\/","title":{"rendered":"T\u00e4hti korvakorut Swarovski-kristalleilla 196P hopea"},"content":{"rendered":"<p>EX019600T<\/p>","protected":false},"excerpt":{"rendered":"<p>Hienovarainen ja tyylik\u00e4s. 2 eleganttia magneettikorvakorua.<br \/>\nSwarovski-kristalleilla koristellut kimaltelevat t\u00e4htikorvakorut.<br \/>\nKirurgista ruostumatonta ter\u00e4st\u00e4, sile\u00e4 \/ hopea, nikkeli- ja allergiaton,<br \/>\n\u00d8 n. 11 mm, jossa on neodyymimagneetti (n. 1200 gauss).<\/p>","protected":false},"featured_media":2488,"comment_status":"open","ping_status":"closed","template":"","meta":[],"product_brand":[],"product_cat":[17,20],"product_tag":[25],"class_list":{"0":"post-2440","1":"product","2":"type-product","3":"status-publish","4":"has-post-thumbnail","6":"product_cat-alle-produkte","7":"product_cat-ohrringe","8":"product_tag-t-prime","9":"thunk-woo-product-list","10":"opn-qv-enable","11":"top-store-woo-hover-zoom","12":"top-store-single-product-tab-horizontal","13":"top-store-shadow-","14":"top-store-shadow-hover-","16":"first","17":"instock","18":"taxable","19":"shipping-taxable","20":"purchasable","21":"product-type-simple"},"_links":{"self":[{"href":"https:\/\/trinitixshop.de\/fi\/wp-json\/wp\/v2\/product\/2440","targetHints":{"allow":["GET"]}}],"collection":[{"href":"https:\/\/trinitixshop.de\/fi\/wp-json\/wp\/v2\/product"}],"about":[{"href":"https:\/\/trinitixshop.de\/fi\/wp-json\/wp\/v2\/types\/product"}],"replies":[{"embeddable":true,"href":"https:\/\/trinitixshop.de\/fi\/wp-json\/wp\/v2\/comments?post=2440"}],"wp:featuredmedia":[{"embeddable":true,"href":"https:\/\/trinitixshop.de\/fi\/wp-json\/wp\/v2\/media\/2488"}],"wp:attachment":[{"href":"https:\/\/trinitixshop.de\/fi\/wp-json\/wp\/v2\/media?parent=2440"}],"wp:term":[{"taxonomy":"product_brand","embeddable":true,"href":"https:\/\/trinitixshop.de\/fi\/wp-json\/wp\/v2\/product_brand?post=2440"},{"taxonomy":"product_cat","embeddable":true,"href":"https:\/\/trinitixshop.de\/fi\/wp-json\/wp\/v2\/product_cat?post=2440"},{"taxonomy":"product_tag","embeddable":true,"href":"https:\/\/trinitixshop.de\/fi\/wp-json\/wp\/v2\/product_tag?post=2440"}],"curies":[{"name":"wp","href":"https:\/\/api.w.org\/{rel}","templated":true}]}}