{"id":2445,"date":"2023-05-24T14:12:13","date_gmt":"2023-05-24T12:12:13","guid":{"rendered":"https:\/\/trinitixshop.de\/?post_type=product&#038;p=2445"},"modified":"2023-05-24T14:25:58","modified_gmt":"2023-05-24T12:25:58","slug":"solitaire-korvakorut-ruusukultaa-swarovski-kristalli-persikkainen","status":"publish","type":"product","link":"https:\/\/trinitixshop.de\/fi\/produkt\/solitaire-ohrstecker-rosegold-mit-swarovski-crystal-peach\/","title":{"rendered":"Solitaire nastakorvakorut ruusukultaa ja Swarovski kristallia Peach"},"content":{"rendered":"<p>EX046000T<\/p>","protected":false},"excerpt":{"rendered":"<p>Kimaltavat ruusukultaiset korvakorut: Kristallimagneettiset korvanapit, joissa on alkuper\u00e4inen Swarovskin Solitaire-kristalli s\u00e4vyss\u00e4 \"Amber\" \/ Peach.<br \/>\nSetti yhdess\u00e4 kristallimagneettisen rannekorun # 473 kanssa on ihana lahja.<br \/>\nKlassinen muotoilu, jossa on suuri kirkas kristalli solitaire, kehystettyn\u00e4 modernilla metallikehyksell\u00e4.<br \/>\nIhanteellinen kuohuva kumppani, niin p\u00e4iv\u00e4ll\u00e4 kuin illallakin.<br \/>\nRuusukultaa, kiillotettu. \u00d8 n. 7,5 mm. Kimaltavat alkuper\u00e4iset Swarovski-kivet.<br \/>\nT\u00e4ydellinen liike-el\u00e4m\u00e4n tai glamourin naisille. N\u00e4ill\u00e4 korvakoruilla saavutat aina halutun vaikutuksen. Kimaltelevat Swarovski-kivet viimeistelev\u00e4t ilmeen ja takaavat hienovaraista glamouria ymp\u00e4ri vuorokauden.<br \/>\nTehokkaat neodyymimagneetit istuvat suoraan korvalehteen.<br \/>\nKaunis magneettinen koru edustaa keveytt\u00e4, energiaa ja eleganssia!<br \/>\nJokaisessa korussamme on laadukkaat ja tehokkaat neodyymimagneetit. Neodyymimagneetti-insertti, jossa on n. 1200 gaussia.<br \/>\nRuostumatonta l\u00e4\u00e4kinn\u00e4llist\u00e4 ter\u00e4st\u00e4, ei sis\u00e4ll\u00e4 kadmiumia, nikkeli\u00e4 eik\u00e4 lyijy\u00e4. Allergiaton.<\/p>","protected":false},"featured_media":2496,"comment_status":"open","ping_status":"closed","template":"","meta":[],"product_brand":[],"product_cat":[17,20],"product_tag":[25],"class_list":{"0":"post-2445","1":"product","2":"type-product","3":"status-publish","4":"has-post-thumbnail","6":"product_cat-alle-produkte","7":"product_cat-ohrringe","8":"product_tag-t-prime","9":"thunk-woo-product-list","10":"opn-qv-enable","11":"top-store-woo-hover-zoom","12":"top-store-single-product-tab-horizontal","13":"top-store-shadow-","14":"top-store-shadow-hover-","16":"first","17":"instock","18":"sale","19":"taxable","20":"shipping-taxable","21":"purchasable","22":"product-type-simple"},"_links":{"self":[{"href":"https:\/\/trinitixshop.de\/fi\/wp-json\/wp\/v2\/product\/2445","targetHints":{"allow":["GET"]}}],"collection":[{"href":"https:\/\/trinitixshop.de\/fi\/wp-json\/wp\/v2\/product"}],"about":[{"href":"https:\/\/trinitixshop.de\/fi\/wp-json\/wp\/v2\/types\/product"}],"replies":[{"embeddable":true,"href":"https:\/\/trinitixshop.de\/fi\/wp-json\/wp\/v2\/comments?post=2445"}],"wp:featuredmedia":[{"embeddable":true,"href":"https:\/\/trinitixshop.de\/fi\/wp-json\/wp\/v2\/media\/2496"}],"wp:attachment":[{"href":"https:\/\/trinitixshop.de\/fi\/wp-json\/wp\/v2\/media?parent=2445"}],"wp:term":[{"taxonomy":"product_brand","embeddable":true,"href":"https:\/\/trinitixshop.de\/fi\/wp-json\/wp\/v2\/product_brand?post=2445"},{"taxonomy":"product_cat","embeddable":true,"href":"https:\/\/trinitixshop.de\/fi\/wp-json\/wp\/v2\/product_cat?post=2445"},{"taxonomy":"product_tag","embeddable":true,"href":"https:\/\/trinitixshop.de\/fi\/wp-json\/wp\/v2\/product_tag?post=2445"}],"curies":[{"name":"wp","href":"https:\/\/api.w.org\/{rel}","templated":true}]}}