{"id":2447,"date":"2023-05-24T14:12:13","date_gmt":"2023-05-24T12:12:13","guid":{"rendered":"https:\/\/trinitixshop.de\/?post_type=product&#038;p=2447"},"modified":"2023-05-24T14:51:57","modified_gmt":"2023-05-24T12:51:57","slug":"solitaire-korvanapit-kulta-swarovski-kristallilla-valkoinen-462p","status":"publish","type":"product","link":"https:\/\/trinitixshop.de\/fi\/produkt\/solitaire-ohrstecker-gold-mit-swarovski-crystal-weiss-462p\/","title":{"rendered":"Solitaire nastakorvakorut kultaa Swarovski Crystal valkoinen # 462P"},"content":{"rendered":"<p>EX046200T<\/p>","protected":false},"excerpt":{"rendered":"<p>Kimaltavat kultaiset korvakorut: kristallimagneettiset korvanapit, joissa on alkuper\u00e4inen Swarovski Solitaire Crystal. Yhdess\u00e4 magneettirannekorun # 8011 kanssa t\u00e4m\u00e4 setti on ihana lahja.<br \/>\nKlassinen muotoilu, jossa on suuri kristallisolitaire, kehystettyn\u00e4 modernilla metallikehyksell\u00e4.<br \/>\nIhanteellinen kuohuva kumppani, niin p\u00e4iv\u00e4ll\u00e4 kuin illallakin.<br \/>\n24k kovakullattu, kiillotettu. \u00d8 n. 7,5 mm. Kimaltavat alkuper\u00e4iset Swarovski-kivet.<br \/>\nT\u00e4ydellinen liikemiehille tai glamourinaisille. T\u00e4ll\u00e4 korvanastalla saavutat aina halutun vaikutuksen.<br \/>\nKimaltelevat Swarovski-kivet viimeistelev\u00e4t ulkoasun ja antavat hienovaraista glamouria ymp\u00e4ri vuorokauden.<br \/>\nTehokkaat neodyymimagneetit istuvat suoraan korvalehteen.<br \/>\nKaunis magneettinen koru edustaa keveytt\u00e4, energiaa ja eleganssia!<br \/>\nJokaisessa korussamme on laadukkaat ja tehokkaat neodyymimagneetit.<br \/>\nNeodyymimagneettisis\u00e4ke, jossa on noin 1200 gaussia.<br \/>\nRuostumatonta l\u00e4\u00e4kinn\u00e4llist\u00e4 ter\u00e4st\u00e4, ei sis\u00e4ll\u00e4 kadmiumia, nikkeli\u00e4 eik\u00e4 lyijy\u00e4. Allergiaton<\/p>","protected":false},"featured_media":2497,"comment_status":"open","ping_status":"closed","template":"","meta":[],"product_brand":[],"product_cat":[17,20],"product_tag":[25],"class_list":{"0":"post-2447","1":"product","2":"type-product","3":"status-publish","4":"has-post-thumbnail","6":"product_cat-alle-produkte","7":"product_cat-ohrringe","8":"product_tag-t-prime","9":"thunk-woo-product-list","10":"opn-qv-enable","11":"top-store-woo-hover-zoom","12":"top-store-single-product-tab-horizontal","13":"top-store-shadow-","14":"top-store-shadow-hover-","16":"first","17":"instock","18":"sale","19":"taxable","20":"shipping-taxable","21":"purchasable","22":"product-type-simple"},"_links":{"self":[{"href":"https:\/\/trinitixshop.de\/fi\/wp-json\/wp\/v2\/product\/2447","targetHints":{"allow":["GET"]}}],"collection":[{"href":"https:\/\/trinitixshop.de\/fi\/wp-json\/wp\/v2\/product"}],"about":[{"href":"https:\/\/trinitixshop.de\/fi\/wp-json\/wp\/v2\/types\/product"}],"replies":[{"embeddable":true,"href":"https:\/\/trinitixshop.de\/fi\/wp-json\/wp\/v2\/comments?post=2447"}],"wp:featuredmedia":[{"embeddable":true,"href":"https:\/\/trinitixshop.de\/fi\/wp-json\/wp\/v2\/media\/2497"}],"wp:attachment":[{"href":"https:\/\/trinitixshop.de\/fi\/wp-json\/wp\/v2\/media?parent=2447"}],"wp:term":[{"taxonomy":"product_brand","embeddable":true,"href":"https:\/\/trinitixshop.de\/fi\/wp-json\/wp\/v2\/product_brand?post=2447"},{"taxonomy":"product_cat","embeddable":true,"href":"https:\/\/trinitixshop.de\/fi\/wp-json\/wp\/v2\/product_cat?post=2447"},{"taxonomy":"product_tag","embeddable":true,"href":"https:\/\/trinitixshop.de\/fi\/wp-json\/wp\/v2\/product_tag?post=2447"}],"curies":[{"name":"wp","href":"https:\/\/api.w.org\/{rel}","templated":true}]}}