{"id":2452,"date":"2023-05-24T14:12:18","date_gmt":"2023-05-24T12:12:18","guid":{"rendered":"https:\/\/trinitixshop.de\/?post_type=product&#038;p=2452"},"modified":"2023-05-24T14:19:40","modified_gmt":"2023-05-24T12:19:40","slug":"lumihiutale-korvanapit-lumihiutale-hopea-o-ca-8-mm","status":"publish","type":"product","link":"https:\/\/trinitixshop.de\/fi\/produkt\/snowflake-ohrstecker-schneeflocke-silber-o-ca-8-mm\/","title":{"rendered":"Lumihiutale korvakorut lumihiutale hopea \u00d8 n. 8 mm"},"content":{"rendered":"<p>EX105600T<\/p>","protected":false},"excerpt":{"rendered":"<p>Magneettikorvakorunapit, filigraaniset ja litte\u00e4t, kiillotetut.<br \/>\nEi vain lapsille ja nuorille.<br \/>\nVoidaan yhdist\u00e4\u00e4 magneettiriipuksen # 1056 kanssa. hopea \u00d8 n. 8 mm.<br \/>\nT\u00e4ll\u00e4 korvanastalla saavutat aina halutun vaikutuksen.<br \/>\nTehokkaat neodyymimagneetit istuvat suoraan korvalehteen.<br \/>\nKaunis magneettinen koru edustaa keveytt\u00e4, energiaa ja eleganssia!<br \/>\nJokaisessa korussamme on laadukkaat ja tehokkaat neodyymimagneetit.<br \/>\nNeodyymimagneetti, jossa on noin 600 gaussia.<br \/>\nRuostumatonta l\u00e4\u00e4kinn\u00e4llist\u00e4 ter\u00e4st\u00e4, ei sis\u00e4ll\u00e4 kadmiumia, nikkeli\u00e4 eik\u00e4 lyijy\u00e4. Allergiaton<\/p>","protected":false},"featured_media":2502,"comment_status":"open","ping_status":"closed","template":"","meta":[],"product_brand":[],"product_cat":[17,20],"product_tag":[24],"class_list":{"0":"post-2452","1":"product","2":"type-product","3":"status-publish","4":"has-post-thumbnail","6":"product_cat-alle-produkte","7":"product_cat-ohrringe","8":"product_tag-jungbrunn","9":"thunk-woo-product-list","10":"opn-qv-enable","11":"top-store-woo-hover-zoom","12":"top-store-single-product-tab-horizontal","13":"top-store-shadow-","14":"top-store-shadow-hover-","16":"first","17":"instock","18":"sale","19":"taxable","20":"shipping-taxable","21":"purchasable","22":"product-type-simple"},"_links":{"self":[{"href":"https:\/\/trinitixshop.de\/fi\/wp-json\/wp\/v2\/product\/2452","targetHints":{"allow":["GET"]}}],"collection":[{"href":"https:\/\/trinitixshop.de\/fi\/wp-json\/wp\/v2\/product"}],"about":[{"href":"https:\/\/trinitixshop.de\/fi\/wp-json\/wp\/v2\/types\/product"}],"replies":[{"embeddable":true,"href":"https:\/\/trinitixshop.de\/fi\/wp-json\/wp\/v2\/comments?post=2452"}],"wp:featuredmedia":[{"embeddable":true,"href":"https:\/\/trinitixshop.de\/fi\/wp-json\/wp\/v2\/media\/2502"}],"wp:attachment":[{"href":"https:\/\/trinitixshop.de\/fi\/wp-json\/wp\/v2\/media?parent=2452"}],"wp:term":[{"taxonomy":"product_brand","embeddable":true,"href":"https:\/\/trinitixshop.de\/fi\/wp-json\/wp\/v2\/product_brand?post=2452"},{"taxonomy":"product_cat","embeddable":true,"href":"https:\/\/trinitixshop.de\/fi\/wp-json\/wp\/v2\/product_cat?post=2452"},{"taxonomy":"product_tag","embeddable":true,"href":"https:\/\/trinitixshop.de\/fi\/wp-json\/wp\/v2\/product_tag?post=2452"}],"curies":[{"name":"wp","href":"https:\/\/api.w.org\/{rel}","templated":true}]}}