{"id":2454,"date":"2023-05-24T14:12:18","date_gmt":"2023-05-24T12:12:18","guid":{"rendered":"https:\/\/trinitixshop.de\/?post_type=product&#038;p=2454"},"modified":"2025-12-07T15:18:23","modified_gmt":"2025-12-07T14:18:23","slug":"tvvys-solitaire-korvakorut-swarovski-timantti-kristalli-18k-kullattu-1382p-1382p","status":"publish","type":"product","link":"https:\/\/trinitixshop.de\/fi\/produkt\/tvvys-solitaire-ohrstecker-mit-swarovski-diamond-crystal-18k-vergoldet-1382p\/","title":{"rendered":"TVVYS Solitaire korvakorut Swarovskin timanttikristallilla 18k kullattu # 1382P"},"content":{"rendered":"<p>EX1382G0T<\/p>","protected":false},"excerpt":{"rendered":"<p>Solitaire magneettikorvakorunapit Valkoinen timantti Solitaire, 18 karaatin kova kullattu, \u00f8 n. 6 mm.<br \/>\nMuodikas retromuotoilu, jossa on suuri kristallisolitaire, kehystettyn\u00e4 modernilla metallikehyksell\u00e4.<\/p>\n<p>Diese eleganten Ohrstecker sind auch in rosegold und silber\/hochglanz \u00a0verf\u00fcgbar.<\/p>\n<p>Ein idealer funkelnder Begleiter, ob am Tag oder bei Nacht. Funkelnder Ohrschmuck mit Original Swarovski Crystal<\/p>\n<p>Element &#8222;White Diamond&#8220;. Dezent und elegant. Zieht alle Blicke auf sich.<\/p>\n<p>Loistava muotoilu tehokkaaseen ulkoasuun. T\u00e4ydellinen liike- tai glamour-naisten k\u00e4ytt\u00f6\u00f6n.<br \/>\nT\u00e4ll\u00e4 korvanastalla saavutat aina halutun vaikutuksen.<br \/>\nTehokkaat neodyymimagneetit istuvat suoraan korvalehteen.<br \/>\nKaunis magneettinen koru edustaa keveytt\u00e4, energiaa ja eleganssia!<br \/>\nJokaisessa korussamme on laadukkaat ja tehokkaat neodyymimagneetit.<br \/>\nNeodyymimagneettisis\u00e4ke, jossa on noin 1200 gaussia.<br \/>\nRuostumatonta l\u00e4\u00e4kinn\u00e4llist\u00e4 ter\u00e4st\u00e4, ei sis\u00e4ll\u00e4 kadmiumia, nikkeli\u00e4 eik\u00e4 lyijy\u00e4. Allergiaton<\/p>","protected":false},"featured_media":2483,"comment_status":"open","ping_status":"closed","template":"","meta":[],"product_brand":[],"product_cat":[17,20],"product_tag":[24],"class_list":{"0":"post-2454","1":"product","2":"type-product","3":"status-publish","4":"has-post-thumbnail","6":"product_cat-alle-produkte","7":"product_cat-ohrringe","8":"product_tag-jungbrunn","9":"thunk-woo-product-list","10":"opn-qv-enable","11":"top-store-woo-hover-zoom","12":"top-store-single-product-tab-horizontal","13":"top-store-shadow-","14":"top-store-shadow-hover-","16":"first","17":"instock","18":"sale","19":"taxable","20":"shipping-taxable","21":"purchasable","22":"product-type-simple"},"_links":{"self":[{"href":"https:\/\/trinitixshop.de\/fi\/wp-json\/wp\/v2\/product\/2454","targetHints":{"allow":["GET"]}}],"collection":[{"href":"https:\/\/trinitixshop.de\/fi\/wp-json\/wp\/v2\/product"}],"about":[{"href":"https:\/\/trinitixshop.de\/fi\/wp-json\/wp\/v2\/types\/product"}],"replies":[{"embeddable":true,"href":"https:\/\/trinitixshop.de\/fi\/wp-json\/wp\/v2\/comments?post=2454"}],"wp:featuredmedia":[{"embeddable":true,"href":"https:\/\/trinitixshop.de\/fi\/wp-json\/wp\/v2\/media\/2483"}],"wp:attachment":[{"href":"https:\/\/trinitixshop.de\/fi\/wp-json\/wp\/v2\/media?parent=2454"}],"wp:term":[{"taxonomy":"product_brand","embeddable":true,"href":"https:\/\/trinitixshop.de\/fi\/wp-json\/wp\/v2\/product_brand?post=2454"},{"taxonomy":"product_cat","embeddable":true,"href":"https:\/\/trinitixshop.de\/fi\/wp-json\/wp\/v2\/product_cat?post=2454"},{"taxonomy":"product_tag","embeddable":true,"href":"https:\/\/trinitixshop.de\/fi\/wp-json\/wp\/v2\/product_tag?post=2454"}],"curies":[{"name":"wp","href":"https:\/\/api.w.org\/{rel}","templated":true}]}}