{"id":2457,"date":"2023-05-24T14:12:18","date_gmt":"2023-05-24T12:12:18","guid":{"rendered":"https:\/\/trinitixshop.de\/?post_type=product&#038;p=2457"},"modified":"2023-05-24T14:17:13","modified_gmt":"2023-05-24T12:17:13","slug":"hienovarainen-sydaen-korvakorut-muoti-coeur-neodyymi-hopea-2123p","status":"publish","type":"product","link":"https:\/\/trinitixshop.de\/fi\/produkt\/dezente-herz-ohrstecker-fashion-coeur-neodym-silber-2123p\/","title":{"rendered":"Huomaamaton syd\u00e4n korvakorut Fashion Coeur neodyymi hopea # 2123P"},"content":{"rendered":"<p>EX212300T<\/p>","protected":false},"excerpt":{"rendered":"<p>Houkuttelevat syd\u00e4nkorut. Huomaamaton ja tyylik\u00e4s.<br \/>\nKimaltava kiilto antaa mattapintaisia ja kiilt\u00e4vi\u00e4 kiilt\u00e4vi\u00e4 korostuksia.<br \/>\n\u00d8 noin 12 mm, paksuus 2 mm.<br \/>\nHer\u00e4tt\u00e4\u00e4 kaikkien huomion.<br \/>\nSyd\u00e4nkorvakorut tekev\u00e4t vaikutuksen yksil\u00f6llisell\u00e4 muotoilullaan ja vahvalla magneettivoimallaan.<br \/>\nIhanteellinen kuohuva kumppani, niin p\u00e4iv\u00e4ll\u00e4 kuin illallakin.<br \/>\nT\u00e4ll\u00e4 korvanastalla saavutat aina halutun vaikutuksen.<br \/>\nTehokkaat neodyymimagneetit istuvat suoraan korvalehteen.<br \/>\nKaunis magneettinen koru edustaa keveytt\u00e4, energiaa ja eleganssia!<br \/>\nJokaisessa korussamme on laadukkaat ja tehokkaat neodyymimagneetit.<br \/>\nNeodyymimagneettisis\u00e4ke, jossa on noin 1200 gaussia.<br \/>\nRuostumatonta l\u00e4\u00e4kinn\u00e4llist\u00e4 ter\u00e4st\u00e4, ei sis\u00e4ll\u00e4 kadmiumia, nikkeli\u00e4 eik\u00e4 lyijy\u00e4. Allergiaton.<\/p>","protected":false},"featured_media":2508,"comment_status":"open","ping_status":"closed","template":"","meta":[],"product_brand":[],"product_cat":[17,20],"product_tag":[25],"class_list":{"0":"post-2457","1":"product","2":"type-product","3":"status-publish","4":"has-post-thumbnail","6":"product_cat-alle-produkte","7":"product_cat-ohrringe","8":"product_tag-t-prime","9":"thunk-woo-product-list","10":"opn-qv-enable","11":"top-store-woo-hover-zoom","12":"top-store-single-product-tab-horizontal","13":"top-store-shadow-","14":"top-store-shadow-hover-","16":"first","17":"instock","18":"sale","19":"taxable","20":"shipping-taxable","21":"purchasable","22":"product-type-simple"},"_links":{"self":[{"href":"https:\/\/trinitixshop.de\/fi\/wp-json\/wp\/v2\/product\/2457","targetHints":{"allow":["GET"]}}],"collection":[{"href":"https:\/\/trinitixshop.de\/fi\/wp-json\/wp\/v2\/product"}],"about":[{"href":"https:\/\/trinitixshop.de\/fi\/wp-json\/wp\/v2\/types\/product"}],"replies":[{"embeddable":true,"href":"https:\/\/trinitixshop.de\/fi\/wp-json\/wp\/v2\/comments?post=2457"}],"wp:featuredmedia":[{"embeddable":true,"href":"https:\/\/trinitixshop.de\/fi\/wp-json\/wp\/v2\/media\/2508"}],"wp:attachment":[{"href":"https:\/\/trinitixshop.de\/fi\/wp-json\/wp\/v2\/media?parent=2457"}],"wp:term":[{"taxonomy":"product_brand","embeddable":true,"href":"https:\/\/trinitixshop.de\/fi\/wp-json\/wp\/v2\/product_brand?post=2457"},{"taxonomy":"product_cat","embeddable":true,"href":"https:\/\/trinitixshop.de\/fi\/wp-json\/wp\/v2\/product_cat?post=2457"},{"taxonomy":"product_tag","embeddable":true,"href":"https:\/\/trinitixshop.de\/fi\/wp-json\/wp\/v2\/product_tag?post=2457"}],"curies":[{"name":"wp","href":"https:\/\/api.w.org\/{rel}","templated":true}]}}