{"id":2458,"date":"2023-05-24T14:12:18","date_gmt":"2023-05-24T12:12:18","guid":{"rendered":"https:\/\/trinitixshop.de\/?post_type=product&#038;p=2458"},"modified":"2023-05-24T14:18:04","modified_gmt":"2023-05-24T12:18:04","slug":"unique-by-kokodash-wings-collection-korvanapit-9054p","status":"publish","type":"product","link":"https:\/\/trinitixshop.de\/fi\/produkt\/unique-by-kokodash-wings-collection-ohrstecker-9054p\/","title":{"rendered":"UNIQUE by KokoDash Wings Collection -korvakorut # 9054P"},"content":{"rendered":"<p>EX905400T<\/p>","protected":false},"excerpt":{"rendered":"<p>Suunnittelija KokoDash on luonut meille n\u00e4m\u00e4 herk\u00e4t magneettikorujen korvanapit, joissa on kiinnitetty paljon huomiota yksityiskohtiin.<br \/>\nSe on toivon ja el\u00e4m\u00e4nilon ilmaus. Seuralaisena talismaanin on tarkoitus antaa uutta energiaa ja rohkeutta kohdata el\u00e4m\u00e4n haasteet.<br \/>\nT\u00e4m\u00e4 hienosti muotoiltu ja merkityksellinen koruluomus inspiroi sinua joka p\u00e4iv\u00e4.<br \/>\nKokoDash esittelee t\u00e4m\u00e4n kauniin, ainutlaatuisen ja eksklusiivisen suunnittelijamalliston taiteellisessa siipimallissa.<br \/>\nHuomaamaton katseenvangitsija kiilt\u00e4v\u00e4ll\u00e4 ulkon\u00e4\u00f6ll\u00e4. Siivet tai enkelinsiivet ovat suojelun ja vapauden symboleja, ja ne huokuvat nuorekasta keveytt\u00e4. Kun n\u00e4emme siivet, ensimm\u00e4inen ajatuksemme on lent\u00e4\u00e4, mutta jos annamme mielikuvituksemme vapaat k\u00e4det, siipisymboli on pelastuksemme. Ymm\u00e4rr\u00e4mme, ett\u00e4 voimme paeta ja paeta asioita, jotka sitovat meit\u00e4, tai vapauttaa sielumme.<br \/>\nT\u00e4m\u00e4 lumoava lis\u00e4varuste on valmistettu kirurgisesta ruostumattomasta ter\u00e4ksest\u00e4.<br \/>\nKaunis magneettinen koru edustaa keveytt\u00e4, energiaa ja eleganssia!<br \/>\nJokaisessa korussamme on laadukkaat ja tehokkaat neodyymimagneetit.<br \/>\nNeodyymimagneettisis\u00e4ke, jossa on noin 1200 gaussia.<br \/>\nRuostumatonta l\u00e4\u00e4kinn\u00e4llist\u00e4 ter\u00e4st\u00e4, ei sis\u00e4ll\u00e4 kadmiumia, nikkeli\u00e4 eik\u00e4 lyijy\u00e4. Allergiaton<\/p>","protected":false},"featured_media":2515,"comment_status":"open","ping_status":"closed","template":"","meta":[],"product_brand":[],"product_cat":[17,20],"product_tag":[25],"class_list":{"0":"post-2458","1":"product","2":"type-product","3":"status-publish","4":"has-post-thumbnail","6":"product_cat-alle-produkte","7":"product_cat-ohrringe","8":"product_tag-t-prime","9":"thunk-woo-product-list","10":"opn-qv-enable","11":"top-store-woo-hover-zoom","12":"top-store-single-product-tab-horizontal","13":"top-store-shadow-","14":"top-store-shadow-hover-","16":"first","17":"instock","18":"sale","19":"taxable","20":"shipping-taxable","21":"purchasable","22":"product-type-simple"},"_links":{"self":[{"href":"https:\/\/trinitixshop.de\/fi\/wp-json\/wp\/v2\/product\/2458","targetHints":{"allow":["GET"]}}],"collection":[{"href":"https:\/\/trinitixshop.de\/fi\/wp-json\/wp\/v2\/product"}],"about":[{"href":"https:\/\/trinitixshop.de\/fi\/wp-json\/wp\/v2\/types\/product"}],"replies":[{"embeddable":true,"href":"https:\/\/trinitixshop.de\/fi\/wp-json\/wp\/v2\/comments?post=2458"}],"wp:featuredmedia":[{"embeddable":true,"href":"https:\/\/trinitixshop.de\/fi\/wp-json\/wp\/v2\/media\/2515"}],"wp:attachment":[{"href":"https:\/\/trinitixshop.de\/fi\/wp-json\/wp\/v2\/media?parent=2458"}],"wp:term":[{"taxonomy":"product_brand","embeddable":true,"href":"https:\/\/trinitixshop.de\/fi\/wp-json\/wp\/v2\/product_brand?post=2458"},{"taxonomy":"product_cat","embeddable":true,"href":"https:\/\/trinitixshop.de\/fi\/wp-json\/wp\/v2\/product_cat?post=2458"},{"taxonomy":"product_tag","embeddable":true,"href":"https:\/\/trinitixshop.de\/fi\/wp-json\/wp\/v2\/product_tag?post=2458"}],"curies":[{"name":"wp","href":"https:\/\/api.w.org\/{rel}","templated":true}]}}