{"id":2536,"date":"2023-06-16T13:34:16","date_gmt":"2023-06-16T11:34:16","guid":{"rendered":"https:\/\/trinitixshop.de\/?post_type=product&#038;p=2536"},"modified":"2024-08-07T12:31:27","modified_gmt":"2024-08-07T10:31:27","slug":"tassu-design-magneettinen-koru-kaulakoru-riipus-riipus-tassu-riipus-silikoniketjulla-714","status":"publish","type":"product","link":"https:\/\/trinitixshop.de\/fi\/produkt\/pfote-design-magnetschmuck-kette-anhaenger-paw-pendant-mit-silikonkette-714\/","title":{"rendered":"Paw Design magneettinen koruketju riipus Paw Riipus silikoniketjulla #714"},"content":{"rendered":"<p>[319] CH071400T<\/p>\n","protected":false},"excerpt":{"rendered":"<p>Magneettiketjun riipus tassu koira kissa karhu nallekarhu kimaltelevalla alkuper\u00e4isell\u00e4 Swarovski-elementill\u00e4.<br \/>\n\"Petomainen\" katseenvangitsija jokaiseen p\u00e4iv\u00e4\u00e4n. Noin 1,8 x 2,2 cm.<br \/>\nSopivien korvanappien (# 1387P) ja magneettitassurannekkeen (# 2153 tai # 7141) kanssa tehokas ulkon\u00e4k\u00f6 on taattu. Mukana ilmainen silikoniketju hummerilukolla (n. 47 cm, voidaan lyhent\u00e4\u00e4 yksinkertaisella ty\u00f6kalulla).<br \/>\nNeodyymimagneetti-insertit, joissa on noin 1200 gaussia.<br \/>\nRuostumatonta ter\u00e4st\u00e4, ei sis\u00e4ll\u00e4 kadmiumia, nikkeli\u00e4 eik\u00e4 lyijy\u00e4. Allergiaton.<br \/>\nKimaltava magneettiriipus, jossa on aito Swarovski-kristallielementti, tuo hymyn kasvoillesi.<\/p>","protected":false},"featured_media":2788,"comment_status":"open","ping_status":"closed","template":"","meta":[],"product_brand":[],"product_cat":[17,21],"product_tag":[24],"class_list":{"0":"post-2536","1":"product","2":"type-product","3":"status-publish","4":"has-post-thumbnail","6":"product_cat-alle-produkte","7":"product_cat-halsketten","8":"product_tag-jungbrunn","9":"thunk-woo-product-list","10":"opn-qv-enable","11":"top-store-woo-hover-zoom","12":"top-store-single-product-tab-horizontal","13":"top-store-shadow-","14":"top-store-shadow-hover-","16":"first","17":"instock","18":"sale","19":"taxable","20":"shipping-taxable","21":"purchasable","22":"product-type-simple"},"_links":{"self":[{"href":"https:\/\/trinitixshop.de\/fi\/wp-json\/wp\/v2\/product\/2536","targetHints":{"allow":["GET"]}}],"collection":[{"href":"https:\/\/trinitixshop.de\/fi\/wp-json\/wp\/v2\/product"}],"about":[{"href":"https:\/\/trinitixshop.de\/fi\/wp-json\/wp\/v2\/types\/product"}],"replies":[{"embeddable":true,"href":"https:\/\/trinitixshop.de\/fi\/wp-json\/wp\/v2\/comments?post=2536"}],"wp:featuredmedia":[{"embeddable":true,"href":"https:\/\/trinitixshop.de\/fi\/wp-json\/wp\/v2\/media\/2788"}],"wp:attachment":[{"href":"https:\/\/trinitixshop.de\/fi\/wp-json\/wp\/v2\/media?parent=2536"}],"wp:term":[{"taxonomy":"product_brand","embeddable":true,"href":"https:\/\/trinitixshop.de\/fi\/wp-json\/wp\/v2\/product_brand?post=2536"},{"taxonomy":"product_cat","embeddable":true,"href":"https:\/\/trinitixshop.de\/fi\/wp-json\/wp\/v2\/product_cat?post=2536"},{"taxonomy":"product_tag","embeddable":true,"href":"https:\/\/trinitixshop.de\/fi\/wp-json\/wp\/v2\/product_tag?post=2536"}],"curies":[{"name":"wp","href":"https:\/\/api.w.org\/{rel}","templated":true}]}}