{"id":2537,"date":"2023-06-16T13:34:16","date_gmt":"2023-06-16T11:34:16","guid":{"rendered":"https:\/\/trinitixshop.de\/?post_type=product&#038;p=2537"},"modified":"2024-08-07T12:05:23","modified_gmt":"2024-08-07T10:05:23","slug":"tassu-kaulakoru-hopea-yloespaein-swarovski-kristalli-linkkiketju-1714","status":"publish","type":"product","link":"https:\/\/trinitixshop.de\/fi\/produkt\/pfote-kette-silber-upside-mit-swarovski-crystal-gliederkette-1714\/","title":{"rendered":"Tassuketju hopea UPSIDE Swarovski Crystal + linkki ketju # 1714"},"content":{"rendered":"<p>[108] CH171400T<\/p>\n","protected":false},"excerpt":{"rendered":"<p>Huippumalli \"yl\u00f6salaisin\" ! Magneettiriipus - tassuhopea - korkealaatuisella leikatulla alkuper\u00e4isell\u00e4 Swarovski-elementill\u00e4.<br \/>\nMagneettinen tassu-riipus, jossa on kimaltava alkuper\u00e4inen Swarovski-elementti. Noin 1,8 x 2,2 cm.<br \/>\n\"Petomainen\" katseenvangitsija jokaiseen p\u00e4iv\u00e4\u00e4n. Olitpa sitten fani: Koira, kissa, tassu tai karhu.<br \/>\nSopivien korvanappien ( #1387P ) ja magneettitassurannekkeen ( # 2153 tai # 7141 ) kanssa tehokas ulkon\u00e4k\u00f6 on taattu.<br \/>\nMukana ilmainen ruostumattomasta ter\u00e4ksest\u00e4 valmistettu linkkiketju hummerilukolla (n. 43,5 -55 cm).<br \/>\nKaunis magneettinen koru edustaa keveytt\u00e4, energiaa ja eleganssia!<br \/>\nJokaisessa korussamme on laadukkaat ja tehokkaat neodyymimagneetit.<br \/>\nLaadukas ruostumaton ter\u00e4s, kiillotettu, hypoallergeeninen, nikkeli- ja allergiavapaa.<br \/>\nNeodyymimagneettisis\u00e4ke, jossa on noin 1200 gaussia.<\/p>","protected":false},"featured_media":3453,"comment_status":"open","ping_status":"closed","template":"","meta":[],"product_brand":[],"product_cat":[17,21],"product_tag":[25],"class_list":{"0":"post-2537","1":"product","2":"type-product","3":"status-publish","4":"has-post-thumbnail","6":"product_cat-alle-produkte","7":"product_cat-halsketten","8":"product_tag-t-prime","9":"thunk-woo-product-list","10":"opn-qv-enable","11":"top-store-woo-hover-zoom","12":"top-store-single-product-tab-horizontal","13":"top-store-shadow-","14":"top-store-shadow-hover-","16":"first","17":"instock","18":"sale","19":"taxable","20":"shipping-taxable","21":"purchasable","22":"product-type-simple"},"_links":{"self":[{"href":"https:\/\/trinitixshop.de\/fi\/wp-json\/wp\/v2\/product\/2537","targetHints":{"allow":["GET"]}}],"collection":[{"href":"https:\/\/trinitixshop.de\/fi\/wp-json\/wp\/v2\/product"}],"about":[{"href":"https:\/\/trinitixshop.de\/fi\/wp-json\/wp\/v2\/types\/product"}],"replies":[{"embeddable":true,"href":"https:\/\/trinitixshop.de\/fi\/wp-json\/wp\/v2\/comments?post=2537"}],"wp:featuredmedia":[{"embeddable":true,"href":"https:\/\/trinitixshop.de\/fi\/wp-json\/wp\/v2\/media\/3453"}],"wp:attachment":[{"href":"https:\/\/trinitixshop.de\/fi\/wp-json\/wp\/v2\/media?parent=2537"}],"wp:term":[{"taxonomy":"product_brand","embeddable":true,"href":"https:\/\/trinitixshop.de\/fi\/wp-json\/wp\/v2\/product_brand?post=2537"},{"taxonomy":"product_cat","embeddable":true,"href":"https:\/\/trinitixshop.de\/fi\/wp-json\/wp\/v2\/product_cat?post=2537"},{"taxonomy":"product_tag","embeddable":true,"href":"https:\/\/trinitixshop.de\/fi\/wp-json\/wp\/v2\/product_tag?post=2537"}],"curies":[{"name":"wp","href":"https:\/\/api.w.org\/{rel}","templated":true}]}}