{"id":2541,"date":"2023-06-16T13:34:16","date_gmt":"2023-06-16T11:34:16","guid":{"rendered":"https:\/\/trinitixshop.de\/?post_type=product&#038;p=2541"},"modified":"2024-05-29T20:27:55","modified_gmt":"2024-05-29T18:27:55","slug":"tri-balance-power-silikoni-ketju-tasapaino-ioni-hologrammi-teknologia-magneettinen-teho-hiekka-harmaa","status":"publish","type":"product","link":"https:\/\/trinitixshop.de\/fi\/produkt\/tri-balance-power-silikonkette-balance-ionen-hologram-technology-mit-magnetkraft-sand-grau\/","title":{"rendered":"TRI BALANCE Power silikoniketju - BALANCE IONEN HOLOGRAM TECHNOLOGY with MAGNETIC POWER - hiekanharmaa # 7202"},"content":{"rendered":"<p>[744] TX720200T<\/p>\n","protected":false},"excerpt":{"rendered":"<p>TRI BALANCE silikoniurheiluketju, jossa on magneetti + hologrammi + ionitekniikka. Ihanteellinen jokap\u00e4iv\u00e4iseen k\u00e4ytt\u00f6\u00f6n ja urheiluun.<br \/>\n2 neodyymimagneetti-insertti\u00e4, joissa on noin 2200 gaussia. T\u00e4m\u00e4 tarkoittaa, ett\u00e4 yht\u00e4 neodyymimagneettia voidaan k\u00e4ytt\u00e4\u00e4 kaulassa ja toista rinnassa. Ketjun pituus n. 50 cm. Riipus 1 x n. \u00d8 24 mm ja 1 x. n. 42 x 16 m.<br \/>\nMiellytt\u00e4v\u00e4n pehme\u00e4 silikonimateriaali. Ei sis\u00e4ll\u00e4 sy\u00f6p\u00e4\u00e4 aiheuttavia pehmittimi\u00e4.<br \/>\nHologrammiteknologia: parantaa kest\u00e4vyytt\u00e4, tasapainoa ja vaikuttaa my\u00f6nteisesti hyvinvointiin. Ihanteellinen henkil\u00f6ille, jotka j\u00e4rjest\u00e4v\u00e4t aktiivisesti p\u00e4ivitt\u00e4ist\u00e4 el\u00e4m\u00e4\u00e4ns\u00e4. V\u00e4itetyt vaikutukset: parempi uni, parempi tasapaino ja tuki laihduttamisessa, tupakoinnin lopettamisessa ja nivelkivuissa.<br \/>\n2000 cc negatiivisia ioneja. Teknologia: elvytt\u00e4v\u00e4\u00e4 voimaa luonnosta. Negatiiviset ionit ovat n\u00e4kym\u00e4tt\u00f6mi\u00e4 mielialan kohottajia, ja niill\u00e4 voi olla positiivinen vaikutus ihmisen hyvinvointiin. Ihanteellinen helpotuksen tarjoamiseen lukuisiin terveysongelmiin. Hoitaa allergioita, korkeaa verenpainetta, p\u00e4\u00e4ns\u00e4rky\u00e4, masennusta ja muita vaivoja luonnollisesti, lievitt\u00e4\u00e4 allergioita, parantaa keskittymiskyky\u00e4 ja jopa kohottaa mielialaa.<br \/>\nNeodyymimagneettiteknologia: Staattinen magneettikentt\u00e4hoito on osa vaihtoehtoista l\u00e4\u00e4ketiedett\u00e4, ja sit\u00e4 on k\u00e4ytetty kauemmin kuin akupunktiota. Niveltulehdusten, nivelsairauksien ja ortopedian alalla on dokumentoitu lukuisia kipua lievitt\u00e4vi\u00e4 vaikutuksia. Magneettikentt\u00e4hoidon p\u00e4\u00e4tavoitteena on lievitt\u00e4\u00e4 kroonista kipua ja parantaa verenkiertoa. Neodyymimagneetteja k\u00e4ytt\u00e4m\u00e4ll\u00e4 kehon soluihin rikastuu enemm\u00e4n happea.<br \/>\nT\u00e4m\u00e4n seurauksena kehon puolustuskyky ja immuunij\u00e4rjestelm\u00e4 vahvistuvat, mik\u00e4 lis\u00e4\u00e4 fyysist\u00e4 elinvoimaa. Yleisen hyvinvoinnin optimoimisen lis\u00e4ksi sen k\u00e4ytt\u00f6 aktivoi kehon ravintoainehuoltoa ja stimuloi t\u00e4rkeit\u00e4 paranemisprosesseja. Sivuvaikutuksia ei ole.<br \/>\nHaluamme huomauttaa, ett\u00e4 olettamuksiamme ja lausuntojamme magneettikorujen k\u00e4yt\u00f6st\u00e4 ei ole tieteellisesti todistettu, ja siksi perinteinen l\u00e4\u00e4ketiede hylk\u00e4\u00e4 ne.<\/p>","protected":false},"featured_media":2794,"comment_status":"open","ping_status":"closed","template":"","meta":[],"product_brand":[],"product_cat":[17,21],"product_tag":[27],"class_list":{"0":"post-2541","1":"product","2":"type-product","3":"status-publish","4":"has-post-thumbnail","6":"product_cat-alle-produkte","7":"product_cat-halsketten","8":"product_tag-tribalance","9":"thunk-woo-product-list","10":"opn-qv-enable","11":"top-store-woo-hover-zoom","12":"top-store-single-product-tab-horizontal","13":"top-store-shadow-","14":"top-store-shadow-hover-","16":"first","17":"instock","18":"sale","19":"taxable","20":"shipping-taxable","21":"purchasable","22":"product-type-simple"},"_links":{"self":[{"href":"https:\/\/trinitixshop.de\/fi\/wp-json\/wp\/v2\/product\/2541","targetHints":{"allow":["GET"]}}],"collection":[{"href":"https:\/\/trinitixshop.de\/fi\/wp-json\/wp\/v2\/product"}],"about":[{"href":"https:\/\/trinitixshop.de\/fi\/wp-json\/wp\/v2\/types\/product"}],"replies":[{"embeddable":true,"href":"https:\/\/trinitixshop.de\/fi\/wp-json\/wp\/v2\/comments?post=2541"}],"wp:featuredmedia":[{"embeddable":true,"href":"https:\/\/trinitixshop.de\/fi\/wp-json\/wp\/v2\/media\/2794"}],"wp:attachment":[{"href":"https:\/\/trinitixshop.de\/fi\/wp-json\/wp\/v2\/media?parent=2541"}],"wp:term":[{"taxonomy":"product_brand","embeddable":true,"href":"https:\/\/trinitixshop.de\/fi\/wp-json\/wp\/v2\/product_brand?post=2541"},{"taxonomy":"product_cat","embeddable":true,"href":"https:\/\/trinitixshop.de\/fi\/wp-json\/wp\/v2\/product_cat?post=2541"},{"taxonomy":"product_tag","embeddable":true,"href":"https:\/\/trinitixshop.de\/fi\/wp-json\/wp\/v2\/product_tag?post=2541"}],"curies":[{"name":"wp","href":"https:\/\/api.w.org\/{rel}","templated":true}]}}