{"id":2543,"date":"2023-06-16T13:34:16","date_gmt":"2023-06-16T11:34:16","guid":{"rendered":"https:\/\/trinitixshop.de\/?post_type=product&#038;p=2543"},"modified":"2025-11-30T17:00:24","modified_gmt":"2025-11-30T16:00:24","slug":"risti-krusifiksi-magneettinen-koru-ketju-hopea-kiinteae","status":"publish","type":"product","link":"https:\/\/trinitixshop.de\/fi\/produkt\/kreuz-kruzifix-magnetschmuck-kette-silber-massiv\/","title":{"rendered":"Kreuz \/ Kruzifix Magnetschmuck Kette silber massiv # 2612"},"content":{"rendered":"<p>[339] CH261200T<\/p>\n","protected":false},"excerpt":{"rendered":"<p>Massiivinen ja tyylik\u00e4s risti \/ krusifiksi magneettinen riipus, kiillotettua hopeaa,<br \/>\nKoko: noin 1,5 x 2 cm. Paksuus n. 3 mm Is\u00e4 meid\u00e4n -rukous on kristinuskon vanhin rukous. Se yhdist\u00e4\u00e4 kaikkia kristittyj\u00e4 uskossa ja on suora<br \/>\nAdressi Herralle.<br \/>\nT\u00e4m\u00e4n korun avulla voit aina kantaa t\u00e4t\u00e4 sitoumusta l\u00e4hell\u00e4 syd\u00e4nt\u00e4si.<br \/>\nMukana ilmainen ruostumattomasta ter\u00e4ksest\u00e4 valmistettu ketju hummerilukolla (n. 48 - 52,5 cm).<br \/>\nMagneettinen riipus on eksklusiivinen katseenvangitsija, ja se voidaan my\u00f6s yhdist\u00e4\u00e4 mihin tahansa<br \/>\nvoidaan k\u00e4ytt\u00e4\u00e4 toisen ketjun kanssa.<br \/>\nLaadukas ruostumaton ter\u00e4s, kiillotettu, hypoallergeeninen, nikkeli- ja allergiavapaa.<br \/>\nNeodyymimagneettisis\u00e4ke, jossa on noin 1200 gaussia.<\/p>","protected":false},"featured_media":2787,"comment_status":"open","ping_status":"closed","template":"","meta":[],"product_brand":[],"product_cat":[17,21],"product_tag":[25],"class_list":{"0":"post-2543","1":"product","2":"type-product","3":"status-publish","4":"has-post-thumbnail","6":"product_cat-alle-produkte","7":"product_cat-halsketten","8":"product_tag-t-prime","9":"thunk-woo-product-list","10":"opn-qv-enable","11":"top-store-woo-hover-zoom","12":"top-store-single-product-tab-horizontal","13":"top-store-shadow-","14":"top-store-shadow-hover-","16":"first","17":"instock","18":"sale","19":"taxable","20":"shipping-taxable","21":"purchasable","22":"product-type-simple"},"_links":{"self":[{"href":"https:\/\/trinitixshop.de\/fi\/wp-json\/wp\/v2\/product\/2543","targetHints":{"allow":["GET"]}}],"collection":[{"href":"https:\/\/trinitixshop.de\/fi\/wp-json\/wp\/v2\/product"}],"about":[{"href":"https:\/\/trinitixshop.de\/fi\/wp-json\/wp\/v2\/types\/product"}],"replies":[{"embeddable":true,"href":"https:\/\/trinitixshop.de\/fi\/wp-json\/wp\/v2\/comments?post=2543"}],"wp:featuredmedia":[{"embeddable":true,"href":"https:\/\/trinitixshop.de\/fi\/wp-json\/wp\/v2\/media\/2787"}],"wp:attachment":[{"href":"https:\/\/trinitixshop.de\/fi\/wp-json\/wp\/v2\/media?parent=2543"}],"wp:term":[{"taxonomy":"product_brand","embeddable":true,"href":"https:\/\/trinitixshop.de\/fi\/wp-json\/wp\/v2\/product_brand?post=2543"},{"taxonomy":"product_cat","embeddable":true,"href":"https:\/\/trinitixshop.de\/fi\/wp-json\/wp\/v2\/product_cat?post=2543"},{"taxonomy":"product_tag","embeddable":true,"href":"https:\/\/trinitixshop.de\/fi\/wp-json\/wp\/v2\/product_tag?post=2543"}],"curies":[{"name":"wp","href":"https:\/\/api.w.org\/{rel}","templated":true}]}}