{"id":2544,"date":"2023-06-16T13:34:17","date_gmt":"2023-06-16T11:34:17","guid":{"rendered":"https:\/\/trinitixshop.de\/?post_type=product&#038;p=2544"},"modified":"2025-08-03T15:08:34","modified_gmt":"2025-08-03T13:08:34","slug":"meritaehti-kaulakoru-riipus-atlantis-monilla-swarovski-kristalleilla-3536","status":"publish","type":"product","link":"https:\/\/trinitixshop.de\/fi\/produkt\/seestern-kettenanhaenger-atlantis-mit-vielen-swarovski-crystals-3536\/","title":{"rendered":"Merit\u00e4hti riipus Atlantis monilla Swarovski-kristalleilla # 3536"},"content":{"rendered":"<p>[123] CH353600T<\/p>\n","protected":false},"excerpt":{"rendered":"<p>Magneettinen riipus SEESTERN, joka on Sabo-mallin inspiroima ja k\u00e4sin asetettu monilla kimaltavilla alkuper\u00e4isill\u00e4 Swarovskin kristallielementeill\u00e4, on t\u00e4ydellinen lis\u00e4 mihin tahansa korukokoelmaan.<br \/>\nT\u00e4m\u00e4 kaunis, kimalteleva merit\u00e4hti lumoaa sinut luonnollisella eleganssillaan.<br \/>\nKaunis magneettinen koru edustaa keveytt\u00e4, energiaa ja eleganssia!<br \/>\nJokaisessa korussamme on laadukkaat ja tehokkaat neodyymimagneetit.<br \/>\nLaadukasta ruostumatonta ter\u00e4st\u00e4, \u00d8 n. 3,2 cm, kiillotettu, hypoallergeeninen, nikkeli- ja allergiavapaa.<br \/>\nNeodyymimagneettisis\u00e4ke, jossa on noin 1800 gaussia.<\/p>","protected":false},"featured_media":2755,"comment_status":"open","ping_status":"closed","template":"","meta":[],"product_brand":[],"product_cat":[17,21],"product_tag":[28],"class_list":{"0":"post-2544","1":"product","2":"type-product","3":"status-publish","4":"has-post-thumbnail","6":"product_cat-alle-produkte","7":"product_cat-halsketten","8":"product_tag-kurfuerst","9":"thunk-woo-product-list","10":"opn-qv-enable","11":"top-store-woo-hover-zoom","12":"top-store-single-product-tab-horizontal","13":"top-store-shadow-","14":"top-store-shadow-hover-","16":"first","17":"instock","18":"sale","19":"taxable","20":"shipping-taxable","21":"purchasable","22":"product-type-simple"},"_links":{"self":[{"href":"https:\/\/trinitixshop.de\/fi\/wp-json\/wp\/v2\/product\/2544","targetHints":{"allow":["GET"]}}],"collection":[{"href":"https:\/\/trinitixshop.de\/fi\/wp-json\/wp\/v2\/product"}],"about":[{"href":"https:\/\/trinitixshop.de\/fi\/wp-json\/wp\/v2\/types\/product"}],"replies":[{"embeddable":true,"href":"https:\/\/trinitixshop.de\/fi\/wp-json\/wp\/v2\/comments?post=2544"}],"wp:featuredmedia":[{"embeddable":true,"href":"https:\/\/trinitixshop.de\/fi\/wp-json\/wp\/v2\/media\/2755"}],"wp:attachment":[{"href":"https:\/\/trinitixshop.de\/fi\/wp-json\/wp\/v2\/media?parent=2544"}],"wp:term":[{"taxonomy":"product_brand","embeddable":true,"href":"https:\/\/trinitixshop.de\/fi\/wp-json\/wp\/v2\/product_brand?post=2544"},{"taxonomy":"product_cat","embeddable":true,"href":"https:\/\/trinitixshop.de\/fi\/wp-json\/wp\/v2\/product_cat?post=2544"},{"taxonomy":"product_tag","embeddable":true,"href":"https:\/\/trinitixshop.de\/fi\/wp-json\/wp\/v2\/product_tag?post=2544"}],"curies":[{"name":"wp","href":"https:\/\/api.w.org\/{rel}","templated":true}]}}