{"id":2545,"date":"2023-06-16T13:34:17","date_gmt":"2023-06-16T11:34:17","guid":{"rendered":"https:\/\/trinitixshop.de\/?post_type=product&#038;p=2545"},"modified":"2026-04-17T15:49:12","modified_gmt":"2026-04-17T13:49:12","slug":"lotusbluete-design-magneettinen-ruostumattomasta-teraeksestae-valmistettu-kaulakoru-vaaleanpunaisella-swarovski-jaeaekiteellae-varustettuna","status":"publish","type":"product","link":"https:\/\/trinitixshop.de\/fi\/produkt\/lotusbluete-design-magnet-edelstahl-kette-mit-rosa-swarovski-eiskristall\/","title":{"rendered":"Lotusbl\u00fcte Design Magnet Edelstahl Kette mit rosa Swarovski Eiskristall # 2775"},"content":{"rendered":"<p>[151] CH277500T<\/p>\n","protected":false},"excerpt":{"rendered":"<p>K\u00e4sintehtyj\u00e4 uniikkeja kappaleita ! - Lootuksenkukka - magneettinen riipus SABO-mallin innoittamana,<br \/>\nkoristeltu alkuper\u00e4isell\u00e4 vaaleanpunaisella Swarovskin j\u00e4\u00e4kiteell\u00e4 - n. \u00d8 25 mm, kevyt n. 10 grammaa, paksuus n. 2,9 mm, eritt\u00e4in kiillotettu.<br \/>\nMukana ilmainen ruostumattomasta ter\u00e4ksest\u00e4 valmistettu ketju hummerilukolla (n. 41 - 52 cm).<br \/>\nMagneettinen riipus on katseenvangitsija, ja sit\u00e4 voi k\u00e4ytt\u00e4\u00e4 my\u00f6s mink\u00e4 tahansa muun ketjun kanssa.<br \/>\nLootuksen kukalla on erityinen merkitys monissa kulttuureissa, ja se on vaikuttanut moniin kansoihin muinaisista ajoista l\u00e4htien.<br \/>\nKaunis magneettinen koru edustaa keveytt\u00e4, energiaa ja eleganssia!<br \/>\nJokaisessa korussamme on laadukkaat ja tehokkaat neodyymimagneetit.<br \/>\nLaadukas ruostumaton ter\u00e4s, kiillotettu, hypoallergeeninen, nikkeli- ja allergiavapaa.<br \/>\nNeodyymimagneetti, jossa on n. 1200 gaussia.<\/p>","protected":false},"featured_media":2747,"comment_status":"open","ping_status":"closed","template":"","meta":[],"product_brand":[],"product_cat":[17,21],"product_tag":[25],"class_list":{"0":"post-2545","1":"product","2":"type-product","3":"status-publish","4":"has-post-thumbnail","6":"product_cat-alle-produkte","7":"product_cat-halsketten","8":"product_tag-t-prime","9":"thunk-woo-product-list","10":"opn-qv-enable","11":"top-store-woo-hover-zoom","12":"top-store-single-product-tab-horizontal","13":"top-store-shadow-","14":"top-store-shadow-hover-","16":"first","17":"instock","18":"sale","19":"featured","20":"taxable","21":"shipping-taxable","22":"purchasable","23":"product-type-simple"},"_links":{"self":[{"href":"https:\/\/trinitixshop.de\/fi\/wp-json\/wp\/v2\/product\/2545","targetHints":{"allow":["GET"]}}],"collection":[{"href":"https:\/\/trinitixshop.de\/fi\/wp-json\/wp\/v2\/product"}],"about":[{"href":"https:\/\/trinitixshop.de\/fi\/wp-json\/wp\/v2\/types\/product"}],"replies":[{"embeddable":true,"href":"https:\/\/trinitixshop.de\/fi\/wp-json\/wp\/v2\/comments?post=2545"}],"wp:featuredmedia":[{"embeddable":true,"href":"https:\/\/trinitixshop.de\/fi\/wp-json\/wp\/v2\/media\/2747"}],"wp:attachment":[{"href":"https:\/\/trinitixshop.de\/fi\/wp-json\/wp\/v2\/media?parent=2545"}],"wp:term":[{"taxonomy":"product_brand","embeddable":true,"href":"https:\/\/trinitixshop.de\/fi\/wp-json\/wp\/v2\/product_brand?post=2545"},{"taxonomy":"product_cat","embeddable":true,"href":"https:\/\/trinitixshop.de\/fi\/wp-json\/wp\/v2\/product_cat?post=2545"},{"taxonomy":"product_tag","embeddable":true,"href":"https:\/\/trinitixshop.de\/fi\/wp-json\/wp\/v2\/product_tag?post=2545"}],"curies":[{"name":"wp","href":"https:\/\/api.w.org\/{rel}","templated":true}]}}