{"id":2546,"date":"2023-06-16T13:34:17","date_gmt":"2023-06-16T11:34:17","guid":{"rendered":"https:\/\/trinitixshop.de\/?post_type=product&#038;p=2546"},"modified":"2023-06-28T11:28:25","modified_gmt":"2023-06-28T09:28:25","slug":"premium-muoti-riipus-setti-vaerikkaeitae-swarovski-kristalleja","status":"publish","type":"product","link":"https:\/\/trinitixshop.de\/fi\/produkt\/premium-fashion-anhaenger-set-mit-bunten-swarovski-crystals\/","title":{"rendered":"Premium muoti riipus setti v\u00e4rikk\u00e4it\u00e4 Swarovski-kristalleja"},"content":{"rendered":"<p>[107] CH162300T<\/p>\n","protected":false},"excerpt":{"rendered":"<p>Ensiluokkainen magneettiriipus, joka on k\u00e4sity\u00f6n\u00e4 valmistettu monista kimaltelevista, v\u00e4rikk\u00e4ist\u00e4 Swarovski-kristallielementeist\u00e4.<br \/>\nT\u00e4ydellinen lis\u00e4 mihin tahansa korukokoelmaan.<br \/>\nIhana lahja yhdess\u00e4 yhteensopivien korvakorujen # 623P kanssa.<br \/>\nT\u00e4m\u00e4 upea, kimalteleva riipus lumoaa sinut luonnollisella eleganssillaan.<br \/>\n\u00d8 noin 35 x 18 mm.<br \/>\nSarjassa ruostumattomasta ter\u00e4ksest\u00e4 valmistettu linkkikaulakoru, \u00f8 n. 1,5 mm sile\u00e4 \/ hopea.<br \/>\nKetjun pituutta voidaan helposti vaihdella. Ketjun pituus: 40,5-52 cm.<br \/>\nMateriaali: Ruostumaton ter\u00e4s, nikkeliallergiaton.<br \/>\nV\u00e4ri: hopea.<br \/>\nHummerilukko<br \/>\nLaadukas ruostumaton ter\u00e4s, kiillotettu, hypoallergeeninen, nikkeli- ja allergiavapaa.<br \/>\nNeodyymimagneettisis\u00e4ke, jossa on noin 1800 gaussia.<\/p>","protected":false},"featured_media":2746,"comment_status":"open","ping_status":"closed","template":"","meta":[],"product_brand":[],"product_cat":[17,21],"product_tag":[28],"class_list":{"0":"post-2546","1":"product","2":"type-product","3":"status-publish","4":"has-post-thumbnail","6":"product_cat-alle-produkte","7":"product_cat-halsketten","8":"product_tag-kurfuerst","9":"thunk-woo-product-list","10":"opn-qv-enable","11":"top-store-woo-hover-zoom","12":"top-store-single-product-tab-horizontal","13":"top-store-shadow-","14":"top-store-shadow-hover-","16":"first","17":"instock","18":"sale","19":"featured","20":"taxable","21":"shipping-taxable","22":"purchasable","23":"product-type-simple"},"_links":{"self":[{"href":"https:\/\/trinitixshop.de\/fi\/wp-json\/wp\/v2\/product\/2546","targetHints":{"allow":["GET"]}}],"collection":[{"href":"https:\/\/trinitixshop.de\/fi\/wp-json\/wp\/v2\/product"}],"about":[{"href":"https:\/\/trinitixshop.de\/fi\/wp-json\/wp\/v2\/types\/product"}],"replies":[{"embeddable":true,"href":"https:\/\/trinitixshop.de\/fi\/wp-json\/wp\/v2\/comments?post=2546"}],"wp:featuredmedia":[{"embeddable":true,"href":"https:\/\/trinitixshop.de\/fi\/wp-json\/wp\/v2\/media\/2746"}],"wp:attachment":[{"href":"https:\/\/trinitixshop.de\/fi\/wp-json\/wp\/v2\/media?parent=2546"}],"wp:term":[{"taxonomy":"product_brand","embeddable":true,"href":"https:\/\/trinitixshop.de\/fi\/wp-json\/wp\/v2\/product_brand?post=2546"},{"taxonomy":"product_cat","embeddable":true,"href":"https:\/\/trinitixshop.de\/fi\/wp-json\/wp\/v2\/product_cat?post=2546"},{"taxonomy":"product_tag","embeddable":true,"href":"https:\/\/trinitixshop.de\/fi\/wp-json\/wp\/v2\/product_tag?post=2546"}],"curies":[{"name":"wp","href":"https:\/\/api.w.org\/{rel}","templated":true}]}}