{"id":2547,"date":"2023-06-16T13:34:17","date_gmt":"2023-06-16T11:34:17","guid":{"rendered":"https:\/\/trinitixshop.de\/?post_type=product&#038;p=2547"},"modified":"2023-06-28T11:34:07","modified_gmt":"2023-06-28T09:34:07","slug":"royalty-marmori-mina-nude-kaulakoru-ainutlaatuinen-sis-ketjun","status":"publish","type":"product","link":"https:\/\/trinitixshop.de\/fi\/produkt\/royalty-marmor-mina-nude-kette-unikate-inkl-kette\/","title":{"rendered":"Royalty Marble Mina Nude kaulakoru Unique sis. ketjun"},"content":{"rendered":"<p>[130] CH513100T<\/p>\n","protected":false},"excerpt":{"rendered":"<p>K\u00e4sintehtyj\u00e4 uniikkeja kappaleita !<br \/>\nRoyalty Marble - Magneettiriipus, joka on koristeltu alkuper\u00e4isell\u00e4 marmori-intaraatiolla - n. \u00d8 25 mm, kevyt, n. 10 grammaa, paksuus n. 2,4 mm, eritt\u00e4in kiillotettu.<br \/>\nMukana ilmainen ruostumattomasta ter\u00e4ksest\u00e4 valmistettu ketju hummerilukolla (n. 41 - 52 cm).<br \/>\nMagneettinen riipus on katseenvangitsija, ja sit\u00e4 voi k\u00e4ytt\u00e4\u00e4 my\u00f6s mink\u00e4 tahansa muun ketjun kanssa.<br \/>\nVoidaan yhdist\u00e4\u00e4 samaan mallistoon kuuluvaan magneettirannekoruun #5132.<br \/>\nPuhdasta eleganssia - n\u00e4in voidaan kuvata t\u00e4t\u00e4 ihanaa korua muutamalla sanalla.<br \/>\nMarmori, jossa on ruskeita suonia. Kive\u00e4 on aina pidetty jalona materiaalina. Kiillotettu.<br \/>\nJokainen kappale on yksil\u00f6llinen ja yksil\u00f6llinen (luonnonkivi). K\u00e4sintehty.<br \/>\nLaadukas ruostumaton ter\u00e4s, kiillotettu, hypoallergeeninen, nikkeli- ja allergiavapaa.<br \/>\nNeodyymimagneettisis\u00e4ke, jossa on noin 1200 gaussia.<\/p>","protected":false},"featured_media":2750,"comment_status":"open","ping_status":"closed","template":"","meta":[],"product_brand":[],"product_cat":[17,21],"product_tag":[25],"class_list":{"0":"post-2547","1":"product","2":"type-product","3":"status-publish","4":"has-post-thumbnail","6":"product_cat-alle-produkte","7":"product_cat-halsketten","8":"product_tag-t-prime","9":"thunk-woo-product-list","10":"opn-qv-enable","11":"top-store-woo-hover-zoom","12":"top-store-single-product-tab-horizontal","13":"top-store-shadow-","14":"top-store-shadow-hover-","16":"first","17":"instock","18":"sale","19":"taxable","20":"shipping-taxable","21":"purchasable","22":"product-type-simple"},"_links":{"self":[{"href":"https:\/\/trinitixshop.de\/fi\/wp-json\/wp\/v2\/product\/2547","targetHints":{"allow":["GET"]}}],"collection":[{"href":"https:\/\/trinitixshop.de\/fi\/wp-json\/wp\/v2\/product"}],"about":[{"href":"https:\/\/trinitixshop.de\/fi\/wp-json\/wp\/v2\/types\/product"}],"replies":[{"embeddable":true,"href":"https:\/\/trinitixshop.de\/fi\/wp-json\/wp\/v2\/comments?post=2547"}],"wp:featuredmedia":[{"embeddable":true,"href":"https:\/\/trinitixshop.de\/fi\/wp-json\/wp\/v2\/media\/2750"}],"wp:attachment":[{"href":"https:\/\/trinitixshop.de\/fi\/wp-json\/wp\/v2\/media?parent=2547"}],"wp:term":[{"taxonomy":"product_brand","embeddable":true,"href":"https:\/\/trinitixshop.de\/fi\/wp-json\/wp\/v2\/product_brand?post=2547"},{"taxonomy":"product_cat","embeddable":true,"href":"https:\/\/trinitixshop.de\/fi\/wp-json\/wp\/v2\/product_cat?post=2547"},{"taxonomy":"product_tag","embeddable":true,"href":"https:\/\/trinitixshop.de\/fi\/wp-json\/wp\/v2\/product_tag?post=2547"}],"curies":[{"name":"wp","href":"https:\/\/api.w.org\/{rel}","templated":true}]}}