{"id":2548,"date":"2023-06-16T13:34:17","date_gmt":"2023-06-16T11:34:17","guid":{"rendered":"https:\/\/trinitixshop.de\/?post_type=product&#038;p=2548"},"modified":"2023-06-28T11:39:25","modified_gmt":"2023-06-28T09:39:25","slug":"intialainen-sulka-musta-swarovski-kristalleilla-ja-ketjulla-3447","status":"publish","type":"product","link":"https:\/\/trinitixshop.de\/fi\/produkt\/indianische-feder-schwarz-mit-swarovski-crystals-und-kette-3447\/","title":{"rendered":"Intialainen sulka musta Swarovski-kristalleilla ja ketjulla # 3447"},"content":{"rendered":"<p>[152] CH344700T<\/p>\n","protected":false},"excerpt":{"rendered":"<p>H\u00f6yhen, kevyt magneettinen riipus, jolla on suuri vaikutus. Noin 5 x 1,7 cm, jossa on 3 kimaltavaa Swarovski-kristallia. Musta metalliseos ja kiillotettu.<br \/>\nMukana ilmainen ruostumattomasta ter\u00e4ksest\u00e4 valmistettu ketju hummerilukolla (n. 41 - 52 cm).<br \/>\nMagneettinen riipus on katseenvangitsija, ja sit\u00e4 voi k\u00e4ytt\u00e4\u00e4 my\u00f6s mink\u00e4 tahansa muun ketjun kanssa.<br \/>\nUnelmalukko-riipus tuottaa positiivista energiaa, mutta intiaanien mukaan juuri h\u00f6yhen ohjaa t\u00e4m\u00e4n energian riipuksen kantajalle.<br \/>\nHuolellisesti muotoiltu sulkaripuseriipus on yksil\u00f6llinen korusi, joka antaa sinulle energiaa ja takaa sinulle tyylikk\u00e4\u00e4n ja lumoavan ulkon\u00e4\u00f6n.<br \/>\nKuten kaikki korut, my\u00f6s magneettiset h\u00f6yhenriipukset on valmistettu \u00e4\u00e4rimm\u00e4isen tarkasti ja huolellisesti.<br \/>\nKaunis magneettinen koru edustaa keveytt\u00e4, energiaa ja eleganssia! Jokaisessa korussamme on laadukkaita ja voimakkaita neodyymimagneetteja.<br \/>\nLaadukas ruostumaton ter\u00e4s, kiillotettu, hypoallergeeninen, nikkeli- ja allergiavapaa.<br \/>\nNeodyymimagneettisis\u00e4ke, jossa on noin 1200 gaussia.<\/p>","protected":false},"featured_media":2751,"comment_status":"open","ping_status":"closed","template":"","meta":[],"product_brand":[],"product_cat":[17,21],"product_tag":[25],"class_list":{"0":"post-2548","1":"product","2":"type-product","3":"status-publish","4":"has-post-thumbnail","6":"product_cat-alle-produkte","7":"product_cat-halsketten","8":"product_tag-t-prime","9":"thunk-woo-product-list","10":"opn-qv-enable","11":"top-store-woo-hover-zoom","12":"top-store-single-product-tab-horizontal","13":"top-store-shadow-","14":"top-store-shadow-hover-","16":"first","17":"instock","18":"sale","19":"taxable","20":"shipping-taxable","21":"purchasable","22":"product-type-simple"},"_links":{"self":[{"href":"https:\/\/trinitixshop.de\/fi\/wp-json\/wp\/v2\/product\/2548","targetHints":{"allow":["GET"]}}],"collection":[{"href":"https:\/\/trinitixshop.de\/fi\/wp-json\/wp\/v2\/product"}],"about":[{"href":"https:\/\/trinitixshop.de\/fi\/wp-json\/wp\/v2\/types\/product"}],"replies":[{"embeddable":true,"href":"https:\/\/trinitixshop.de\/fi\/wp-json\/wp\/v2\/comments?post=2548"}],"wp:featuredmedia":[{"embeddable":true,"href":"https:\/\/trinitixshop.de\/fi\/wp-json\/wp\/v2\/media\/2751"}],"wp:attachment":[{"href":"https:\/\/trinitixshop.de\/fi\/wp-json\/wp\/v2\/media?parent=2548"}],"wp:term":[{"taxonomy":"product_brand","embeddable":true,"href":"https:\/\/trinitixshop.de\/fi\/wp-json\/wp\/v2\/product_brand?post=2548"},{"taxonomy":"product_cat","embeddable":true,"href":"https:\/\/trinitixshop.de\/fi\/wp-json\/wp\/v2\/product_cat?post=2548"},{"taxonomy":"product_tag","embeddable":true,"href":"https:\/\/trinitixshop.de\/fi\/wp-json\/wp\/v2\/product_tag?post=2548"}],"curies":[{"name":"wp","href":"https:\/\/api.w.org\/{rel}","templated":true}]}}