{"id":2549,"date":"2023-06-16T13:34:17","date_gmt":"2023-06-16T11:34:17","guid":{"rendered":"https:\/\/trinitixshop.de\/?post_type=product&#038;p=2549"},"modified":"2023-06-28T11:45:14","modified_gmt":"2023-06-28T09:45:14","slug":"brasilian-sateenkaari-kaulakoru-swarovski-jalokiviae-hopea","status":"publish","type":"product","link":"https:\/\/trinitixshop.de\/fi\/produkt\/brazil-rainbow-kette-mit-swarovski-edelsteinen-silber\/","title":{"rendered":"Brasilia Rainbow kaulakoru Swarovski jalokivi\u00e4 hopea"},"content":{"rendered":"<p>CH900700T<\/p>","protected":false},"excerpt":{"rendered":"<p>V\u00e4rik\u00e4s magneettinen riipus \"Rainbow Collection\" -mallistostamme.<br \/>\nLajike, jossa on v\u00e4rillisi\u00e4 Swarovskin jalokivi\u00e4 spektriv\u00e4reiss\u00e4.<br \/>\nYrityksemme suunnittelijat ovat tehneet todella taitavaa ty\u00f6t\u00e4.<br \/>\nValmistettu k\u00e4sin.<br \/>\nHienovaraisesti porrastetuissa v\u00e4reiss\u00e4 n\u00e4kyv\u00e4t sateenkaaren spektrin v\u00e4rit. Valikoimassa on granaatin, ametistin, sitriinin, peridootin ja sinisen topaasin kaltaisia synteettisi\u00e4 elementtej\u00e4. Sekoitettu neli\u00f6 muunneltuna hiottuina.<br \/>\nKoko noin 8 x 25 mm. Paksuus noin 4,6 mm.<br \/>\nToimitamme riipuksen hienolla ruostumattomasta ter\u00e4ksest\u00e4 valmistetulla neli\u00f6n muotoisella linkkiketjulla, jossa on luonnollinen kultaseos. S\u00e4\u00e4dett\u00e4v\u00e4 pituus n. 41 - 52 cm.<br \/>\nMuinaisessa id\u00e4ss\u00e4 sateenkaari symboloi voittoa jumalten v\u00e4lisen kiistan j\u00e4lkeen. ...<br \/>\nViel\u00e4 nyky\u00e4\u00e4nkin sateenkaaren n\u00e4kyminen taivaalla vetoaa ihmisiin. Sit\u00e4 pidet\u00e4\u00e4n harmonian, kokonaisuuden ja luonnonsuojelun symbolina tai merkkin\u00e4 taivaan ja maan v\u00e4lisest\u00e4 yhteydest\u00e4.<br \/>\nKaunis magneettinen koru edustaa keveytt\u00e4, energiaa ja eleganssia!<br \/>\nJokaisessa korussamme on laadukkaat ja tehokkaat neodyymimagneetit.<br \/>\nNeodyymimagneettisis\u00e4ke, jossa on noin 1200 gaussia.<br \/>\nRuostumatonta ter\u00e4st\u00e4, ei sis\u00e4ll\u00e4 kadmiumia, nikkeli\u00e4 eik\u00e4 lyijy\u00e4. Allergiaton.<\/p>","protected":false},"featured_media":2753,"comment_status":"open","ping_status":"closed","template":"","meta":[],"product_brand":[],"product_cat":[17,21],"product_tag":[28],"class_list":{"0":"post-2549","1":"product","2":"type-product","3":"status-publish","4":"has-post-thumbnail","6":"product_cat-alle-produkte","7":"product_cat-halsketten","8":"product_tag-kurfuerst","9":"thunk-woo-product-list","10":"opn-qv-enable","11":"top-store-woo-hover-zoom","12":"top-store-single-product-tab-horizontal","13":"top-store-shadow-","14":"top-store-shadow-hover-","16":"first","17":"instock","18":"sale","19":"taxable","20":"shipping-taxable","21":"purchasable","22":"product-type-simple"},"_links":{"self":[{"href":"https:\/\/trinitixshop.de\/fi\/wp-json\/wp\/v2\/product\/2549","targetHints":{"allow":["GET"]}}],"collection":[{"href":"https:\/\/trinitixshop.de\/fi\/wp-json\/wp\/v2\/product"}],"about":[{"href":"https:\/\/trinitixshop.de\/fi\/wp-json\/wp\/v2\/types\/product"}],"replies":[{"embeddable":true,"href":"https:\/\/trinitixshop.de\/fi\/wp-json\/wp\/v2\/comments?post=2549"}],"wp:featuredmedia":[{"embeddable":true,"href":"https:\/\/trinitixshop.de\/fi\/wp-json\/wp\/v2\/media\/2753"}],"wp:attachment":[{"href":"https:\/\/trinitixshop.de\/fi\/wp-json\/wp\/v2\/media?parent=2549"}],"wp:term":[{"taxonomy":"product_brand","embeddable":true,"href":"https:\/\/trinitixshop.de\/fi\/wp-json\/wp\/v2\/product_brand?post=2549"},{"taxonomy":"product_cat","embeddable":true,"href":"https:\/\/trinitixshop.de\/fi\/wp-json\/wp\/v2\/product_cat?post=2549"},{"taxonomy":"product_tag","embeddable":true,"href":"https:\/\/trinitixshop.de\/fi\/wp-json\/wp\/v2\/product_tag?post=2549"}],"curies":[{"name":"wp","href":"https:\/\/api.w.org\/{rel}","templated":true}]}}