{"id":2551,"date":"2023-06-16T13:34:17","date_gmt":"2023-06-16T11:34:17","guid":{"rendered":"https:\/\/trinitixshop.de\/?post_type=product&#038;p=2551"},"modified":"2023-06-28T11:56:27","modified_gmt":"2023-06-28T09:56:27","slug":"sydaen-kaulakoru-3-swarovski-kristallia-2177","status":"publish","type":"product","link":"https:\/\/trinitixshop.de\/fi\/produkt\/herz-design-halskette-mit-3-swarovski-crystals-2177\/","title":{"rendered":"Syd\u00e4men muotoilu kaulakoru 3 Swarovski-kristallit # 2177"},"content":{"rendered":"<p>CH217700T<\/p>","protected":false},"excerpt":{"rendered":"<p>Lis\u00e4\u00e4 kimallusta asuusi: magneettinen syd\u00e4nriipus tyylikk\u00e4\u00e4ll\u00e4 ruostumattomasta ter\u00e4ksest\u00e4 valmistetulla kaulakorulla.<br \/>\nUni \/ hopea, jossa on 3 aitoa kuohuvaa Swarovski-kristallia \"best shining Elements\".<br \/>\nRuostumaton ter\u00e4s kaiverrettavissa. Kiillotettu, nikkeliallergiaton. Inspiroitunut \"Guess Style\" -mallista, n. 18 x 21 mm.<br \/>\nSetti, jossa on ruostumattomasta ter\u00e4ksest\u00e4 valmistettu lenkkikaulakoru, \u00f8 n. 1,5 mm, yksiv\u00e4rinen \/ hopea.<br \/>\nKetjun pituus: 42-45 cm.<br \/>\nSuunnittelijakoru.<br \/>\nT\u00e4m\u00e4 syd\u00e4menmuotoinen magneettikaulakoru on ajaton ja yksinkertainen koru,<br \/>\njoka sopii aina. Unisex-muotoilu sopii sek\u00e4 miehelle ett\u00e4 naiselle. Se on erityisen tehokas yhdess\u00e4 # 447 syd\u00e4nrannekkeen kanssa. Koe selke\u00e4t muodot ja klassinen muotoilu jokaiseen tilaisuuteen.<br \/>\nLaadukas ruostumaton ter\u00e4s, kiillotettu, hypoallergeeninen, nikkeli- ja allergiavapaa.<br \/>\nNeodyymimagneettisis\u00e4ke, jossa on noin 1200 gaussia.<\/p>","protected":false},"featured_media":2762,"comment_status":"open","ping_status":"closed","template":"","meta":[],"product_brand":[],"product_cat":[17,21],"product_tag":[25],"class_list":{"0":"post-2551","1":"product","2":"type-product","3":"status-publish","4":"has-post-thumbnail","6":"product_cat-alle-produkte","7":"product_cat-halsketten","8":"product_tag-t-prime","9":"thunk-woo-product-list","10":"opn-qv-enable","11":"top-store-woo-hover-zoom","12":"top-store-single-product-tab-horizontal","13":"top-store-shadow-","14":"top-store-shadow-hover-","16":"first","17":"instock","18":"taxable","19":"shipping-taxable","20":"purchasable","21":"product-type-simple"},"_links":{"self":[{"href":"https:\/\/trinitixshop.de\/fi\/wp-json\/wp\/v2\/product\/2551","targetHints":{"allow":["GET"]}}],"collection":[{"href":"https:\/\/trinitixshop.de\/fi\/wp-json\/wp\/v2\/product"}],"about":[{"href":"https:\/\/trinitixshop.de\/fi\/wp-json\/wp\/v2\/types\/product"}],"replies":[{"embeddable":true,"href":"https:\/\/trinitixshop.de\/fi\/wp-json\/wp\/v2\/comments?post=2551"}],"wp:featuredmedia":[{"embeddable":true,"href":"https:\/\/trinitixshop.de\/fi\/wp-json\/wp\/v2\/media\/2762"}],"wp:attachment":[{"href":"https:\/\/trinitixshop.de\/fi\/wp-json\/wp\/v2\/media?parent=2551"}],"wp:term":[{"taxonomy":"product_brand","embeddable":true,"href":"https:\/\/trinitixshop.de\/fi\/wp-json\/wp\/v2\/product_brand?post=2551"},{"taxonomy":"product_cat","embeddable":true,"href":"https:\/\/trinitixshop.de\/fi\/wp-json\/wp\/v2\/product_cat?post=2551"},{"taxonomy":"product_tag","embeddable":true,"href":"https:\/\/trinitixshop.de\/fi\/wp-json\/wp\/v2\/product_tag?post=2551"}],"curies":[{"name":"wp","href":"https:\/\/api.w.org\/{rel}","templated":true}]}}