{"id":2554,"date":"2023-06-16T13:34:17","date_gmt":"2023-06-16T11:34:17","guid":{"rendered":"https:\/\/trinitixshop.de\/?post_type=product&#038;p=2554"},"modified":"2023-06-28T12:13:35","modified_gmt":"2023-06-28T10:13:35","slug":"lohikaeaerme-silmae-nousi-kultaa-swarovski-kristalli-valkoinen","status":"publish","type":"product","link":"https:\/\/trinitixshop.de\/fi\/produkt\/dragon-eye-rosegold-mit-swarovski-crystal-white\/","title":{"rendered":"Dragon Eye nousi kultaa Swarovski Crystal valkoinen"},"content":{"rendered":"<p>CH045904T<\/p>","protected":false},"excerpt":{"rendered":"<p>Magneettiriipus - Lohik\u00e4\u00e4rmeen silm\u00e4 - ruusukultaa - Solitaire Crystal - Valkoinen timantti - \u00f8 n. 12 mm, laadukkaasti hiottu alkuper\u00e4inen Swarovski Crystal.<br \/>\nNeodyymimagneetti-insertit, joissa on noin 1200 gaussia.<br \/>\nRuostumatonta ter\u00e4st\u00e4, ei sis\u00e4ll\u00e4 kadmiumia, nikkeli\u00e4 eik\u00e4 lyijy\u00e4. Allergiaton.<br \/>\nToimitetaan ruostumattomasta ter\u00e4ksest\u00e4 valmistetulla k\u00e4\u00e4rmeketjulla, jossa on hummerilukko.<br \/>\nYksitt\u00e4isen ketjun pituus n. 40,5 - 52 cm.<br \/>\nPieni - mutta lumoava. Kimaltava magneettiriipus - Amber Crystal - suurella aidolla Swarovski-elementill\u00e4 tuo hymyn kasvoillesi.<br \/>\nRiipus on erityisen tehokas yhdistettyn\u00e4 t\u00e4h\u00e4n yksinkertaiseen ruostumattomasta ter\u00e4ksest\u00e4 valmistettuun k\u00e4\u00e4rmeketjuun.<br \/>\nSwarovski-kristallien kimallus, magneetin voima ja ihoyst\u00e4v\u00e4llinen ruostumaton ter\u00e4s takaavat, ettet halua en\u00e4\u00e4 koskaan ottaa t\u00e4t\u00e4 korua pois.<br \/>\nPuhdasta eleganssia - n\u00e4in voidaan kuvata t\u00e4t\u00e4 ihanaa korua vain kahdella sanalla.<br \/>\nK\u00e4\u00e4rmeketju, joka hellii lempe\u00e4sti jokaisen naisen kaulaa, ja magneettinen riipus, joka koristaa jokaista kaula-aukkoa, tekev\u00e4t t\u00e4st\u00e4 korusta ainutlaatuisen kauniin asusteen.<\/p>","protected":false},"featured_media":2776,"comment_status":"open","ping_status":"closed","template":"","meta":[],"product_brand":[],"product_cat":[17,21],"product_tag":[26],"class_list":{"0":"post-2554","1":"product","2":"type-product","3":"status-publish","4":"has-post-thumbnail","6":"product_cat-alle-produkte","7":"product_cat-halsketten","8":"product_tag-paja","9":"thunk-woo-product-list","10":"opn-qv-enable","11":"top-store-woo-hover-zoom","12":"top-store-single-product-tab-horizontal","13":"top-store-shadow-","14":"top-store-shadow-hover-","16":"first","17":"instock","18":"taxable","19":"shipping-taxable","20":"purchasable","21":"product-type-simple"},"_links":{"self":[{"href":"https:\/\/trinitixshop.de\/fi\/wp-json\/wp\/v2\/product\/2554","targetHints":{"allow":["GET"]}}],"collection":[{"href":"https:\/\/trinitixshop.de\/fi\/wp-json\/wp\/v2\/product"}],"about":[{"href":"https:\/\/trinitixshop.de\/fi\/wp-json\/wp\/v2\/types\/product"}],"replies":[{"embeddable":true,"href":"https:\/\/trinitixshop.de\/fi\/wp-json\/wp\/v2\/comments?post=2554"}],"wp:featuredmedia":[{"embeddable":true,"href":"https:\/\/trinitixshop.de\/fi\/wp-json\/wp\/v2\/media\/2776"}],"wp:attachment":[{"href":"https:\/\/trinitixshop.de\/fi\/wp-json\/wp\/v2\/media?parent=2554"}],"wp:term":[{"taxonomy":"product_brand","embeddable":true,"href":"https:\/\/trinitixshop.de\/fi\/wp-json\/wp\/v2\/product_brand?post=2554"},{"taxonomy":"product_cat","embeddable":true,"href":"https:\/\/trinitixshop.de\/fi\/wp-json\/wp\/v2\/product_cat?post=2554"},{"taxonomy":"product_tag","embeddable":true,"href":"https:\/\/trinitixshop.de\/fi\/wp-json\/wp\/v2\/product_tag?post=2554"}],"curies":[{"name":"wp","href":"https:\/\/api.w.org\/{rel}","templated":true}]}}