{"id":2555,"date":"2023-06-16T13:34:17","date_gmt":"2023-06-16T11:34:17","guid":{"rendered":"https:\/\/trinitixshop.de\/?post_type=product&#038;p=2555"},"modified":"2023-06-28T12:15:37","modified_gmt":"2023-06-28T10:15:37","slug":"palapeli-kumppani-kaulakoru-sydaen-2in1-hopea-2-ketjut-symboli-syvaeae-ystaevyyttae-ja-rakkautta","status":"publish","type":"product","link":"https:\/\/trinitixshop.de\/fi\/produkt\/puzzle-partnerkette-herz-2in1-silber-mit-2-ketten-symbol-tiefer-freundschaft-und-liebe\/","title":{"rendered":"Puzzle kumppani ketju syd\u00e4n 2in1 hopea 2 ketjua - symboli syv\u00e4lle yst\u00e4vyydelle ja rakkaudelle."},"content":{"rendered":"<p>CH251600T<\/p>","protected":false},"excerpt":{"rendered":"<p>Kaunis korkealaatuinen ruostumattomasta ter\u00e4ksest\u00e4 valmistettu pariskuntakaulakoru hienointa design-laatua.<br \/>\nSyv\u00e4n yst\u00e4vyyden ja rakkauden symboli, joka muistuttaa palapelin paloja.<br \/>\nJaettava magneettinen koruripustin, jossa on 2 silmukkaa. Molempia palapelin paloja voi k\u00e4ytt\u00e4\u00e4 yhdess\u00e4 ketjussa tai erikseen.<br \/>\nPinta: Pinta: Syd\u00e4nmalli. Jokaisessa palapelin palassa on hopeinen syd\u00e4men puolikas.<br \/>\nSetti, jossa 2 ruostumattomasta ter\u00e4ksest\u00e4 valmistettua linkkikaulakorua, \u00f8 n. 1,5 mm, tavallinen \/ hopea.<br \/>\nKetjujen pituutta voidaan helposti vaihdella. Ketjun pituus: 38,5-46,5 cm.<br \/>\nMateriaali: ruostumaton ter\u00e4s, nikkeliallergiaton. V\u00e4ri: hopea.<br \/>\nHummerilukko ja ihoyst\u00e4v\u00e4llinen ruostumaton ter\u00e4s takaavat, ettet halua en\u00e4\u00e4 koskaan ottaa t\u00e4t\u00e4 korua pois.<br \/>\nT\u00e4ydellinen laatu ja laadukas ty\u00f6st\u00f6. Mitat palapelin palaa kohti n. 20 x 18 mm, harjattu. Voidaan kaivertaa.<br \/>\nLaadukas ruostumaton ter\u00e4s, kiillotettu, hypoallergeeninen, nikkeli- ja allergiavapaa.<br \/>\nYksi neodyymimagneetti, kussakin noin 1200 gaussia.<\/p>","protected":false},"featured_media":2779,"comment_status":"open","ping_status":"closed","template":"","meta":[],"product_brand":[],"product_cat":[17,21],"product_tag":[24],"class_list":{"0":"post-2555","1":"product","2":"type-product","3":"status-publish","4":"has-post-thumbnail","6":"product_cat-alle-produkte","7":"product_cat-halsketten","8":"product_tag-jungbrunn","9":"thunk-woo-product-list","10":"opn-qv-enable","11":"top-store-woo-hover-zoom","12":"top-store-single-product-tab-horizontal","13":"top-store-shadow-","14":"top-store-shadow-hover-","16":"first","17":"instock","18":"featured","19":"taxable","20":"shipping-taxable","21":"purchasable","22":"product-type-simple"},"_links":{"self":[{"href":"https:\/\/trinitixshop.de\/fi\/wp-json\/wp\/v2\/product\/2555","targetHints":{"allow":["GET"]}}],"collection":[{"href":"https:\/\/trinitixshop.de\/fi\/wp-json\/wp\/v2\/product"}],"about":[{"href":"https:\/\/trinitixshop.de\/fi\/wp-json\/wp\/v2\/types\/product"}],"replies":[{"embeddable":true,"href":"https:\/\/trinitixshop.de\/fi\/wp-json\/wp\/v2\/comments?post=2555"}],"wp:featuredmedia":[{"embeddable":true,"href":"https:\/\/trinitixshop.de\/fi\/wp-json\/wp\/v2\/media\/2779"}],"wp:attachment":[{"href":"https:\/\/trinitixshop.de\/fi\/wp-json\/wp\/v2\/media?parent=2555"}],"wp:term":[{"taxonomy":"product_brand","embeddable":true,"href":"https:\/\/trinitixshop.de\/fi\/wp-json\/wp\/v2\/product_brand?post=2555"},{"taxonomy":"product_cat","embeddable":true,"href":"https:\/\/trinitixshop.de\/fi\/wp-json\/wp\/v2\/product_cat?post=2555"},{"taxonomy":"product_tag","embeddable":true,"href":"https:\/\/trinitixshop.de\/fi\/wp-json\/wp\/v2\/product_tag?post=2555"}],"curies":[{"name":"wp","href":"https:\/\/api.w.org\/{rel}","templated":true}]}}