{"id":2559,"date":"2023-06-16T13:34:17","date_gmt":"2023-06-16T11:34:17","guid":{"rendered":"https:\/\/trinitixshop.de\/?post_type=product&#038;p=2559"},"modified":"2023-06-28T12:00:30","modified_gmt":"2023-06-28T10:00:30","slug":"mallorca-design-rannerengas-energia-rannerengas-m-l","status":"publish","type":"product","link":"https:\/\/trinitixshop.de\/fi\/produkt\/mallorca-design-bangle-energie-armreif-m-l\/","title":{"rendered":"Mallorca Design rannerengas Energy rannerengas M-L"},"content":{"rendered":"<p>BA005000T<\/p>","protected":false},"excerpt":{"rendered":"<p>Mallorcan saaren suunnittelu.<br \/>\nTyylik\u00e4s energiamagneettirannerengas, leveys n. 6 mm, ruostumatonta ter\u00e4st\u00e4, Salamander-logo Mallorcan saaren \u00e4\u00e4riviivoilla.<br \/>\nKoko: M\/L (n. 15-18 cm). Kohtalaisen joustava r\u00e4\u00e4t\u00e4l\u00f6inti\u00e4 varten.<br \/>\nNeodyymimagneetti-insertit, joissa on noin 2200 gaussia.<br \/>\nRuostumatonta ter\u00e4st\u00e4, ei sis\u00e4ll\u00e4 kadmiumia, nikkeli\u00e4 eik\u00e4 lyijy\u00e4. Allergiaton.<\/p>","protected":false},"featured_media":2766,"comment_status":"open","ping_status":"closed","template":"","meta":[],"product_brand":[],"product_cat":[17,21],"product_tag":[25],"class_list":{"0":"post-2559","1":"product","2":"type-product","3":"status-publish","4":"has-post-thumbnail","6":"product_cat-alle-produkte","7":"product_cat-halsketten","8":"product_tag-t-prime","9":"thunk-woo-product-list","10":"opn-qv-enable","11":"top-store-woo-hover-zoom","12":"top-store-single-product-tab-horizontal","13":"top-store-shadow-","14":"top-store-shadow-hover-","16":"first","17":"instock","18":"sale","19":"taxable","20":"shipping-taxable","21":"purchasable","22":"product-type-simple"},"_links":{"self":[{"href":"https:\/\/trinitixshop.de\/fi\/wp-json\/wp\/v2\/product\/2559","targetHints":{"allow":["GET"]}}],"collection":[{"href":"https:\/\/trinitixshop.de\/fi\/wp-json\/wp\/v2\/product"}],"about":[{"href":"https:\/\/trinitixshop.de\/fi\/wp-json\/wp\/v2\/types\/product"}],"replies":[{"embeddable":true,"href":"https:\/\/trinitixshop.de\/fi\/wp-json\/wp\/v2\/comments?post=2559"}],"wp:featuredmedia":[{"embeddable":true,"href":"https:\/\/trinitixshop.de\/fi\/wp-json\/wp\/v2\/media\/2766"}],"wp:attachment":[{"href":"https:\/\/trinitixshop.de\/fi\/wp-json\/wp\/v2\/media?parent=2559"}],"wp:term":[{"taxonomy":"product_brand","embeddable":true,"href":"https:\/\/trinitixshop.de\/fi\/wp-json\/wp\/v2\/product_brand?post=2559"},{"taxonomy":"product_cat","embeddable":true,"href":"https:\/\/trinitixshop.de\/fi\/wp-json\/wp\/v2\/product_cat?post=2559"},{"taxonomy":"product_tag","embeddable":true,"href":"https:\/\/trinitixshop.de\/fi\/wp-json\/wp\/v2\/product_tag?post=2559"}],"curies":[{"name":"wp","href":"https:\/\/api.w.org\/{rel}","templated":true}]}}