{"id":2560,"date":"2023-06-16T13:34:17","date_gmt":"2023-06-16T11:34:17","guid":{"rendered":"https:\/\/trinitixshop.de\/?post_type=product&#038;p=2560"},"modified":"2024-08-11T09:31:59","modified_gmt":"2024-08-11T07:31:59","slug":"power-heart-lily-kimalteleva-magneettinen-koru-kaulakoru-hopea-monilla-swarovski-kristalleilla-varustettuna","status":"publish","type":"product","link":"https:\/\/trinitixshop.de\/fi\/produkt\/power-herz-lily-funkelnde-magnetschmuck-kette-silber-mit-vielen-swarovski-kristallen\/","title":{"rendered":"Power heart - LILY - kimalteleva magneettinen kaulakoru, jossa on paljon Swarovski-kristalleja # 1255 hopea"},"content":{"rendered":"<p>CH001255T<\/p>","protected":false},"excerpt":{"rendered":"<p>Power heart - LILY - kimalteleva magneettinen koru kaulakoru Coracao hopea Coeur kiinte\u00e4 monilla Swarovskin kristalleilla varustettuna.<br \/>\nKiilt\u00e4v\u00e4 hopeinen magneettinen koruketju. Massiivinen ja tyylik\u00e4s kiillotettu syd\u00e4n ketjuripustuksena magneettivoimalla. K\u00e4sin aseteltu monilla kimaltelevilla Swarovski-kristalleilla (musta, persikka, valkoinen).<br \/>\n2 integroitua neodyymimagneettia (1200 gauss). Ruostumatonta ter\u00e4st\u00e4, nikkeli- ja allergiavapaa, \u00d8 n. 20 x 22 mm. Paksuus noin 12 mm.<br \/>\nAlkuper\u00e4inen korupussissa. Mukana ilmainen ruostumattomasta ter\u00e4ksest\u00e4 valmistettu ketju hummerilukolla (n. \u00d8 2mm, 40 - 50 cm).<\/p>","protected":false},"featured_media":2767,"comment_status":"open","ping_status":"closed","template":"","meta":[],"product_brand":[],"product_cat":[17,21],"product_tag":[28],"class_list":{"0":"post-2560","1":"product","2":"type-product","3":"status-publish","4":"has-post-thumbnail","6":"product_cat-alle-produkte","7":"product_cat-halsketten","8":"product_tag-kurfuerst","9":"thunk-woo-product-list","10":"opn-qv-enable","11":"top-store-woo-hover-zoom","12":"top-store-single-product-tab-horizontal","13":"top-store-shadow-","14":"top-store-shadow-hover-","16":"first","17":"instock","18":"taxable","19":"shipping-taxable","20":"purchasable","21":"product-type-simple"},"_links":{"self":[{"href":"https:\/\/trinitixshop.de\/fi\/wp-json\/wp\/v2\/product\/2560","targetHints":{"allow":["GET"]}}],"collection":[{"href":"https:\/\/trinitixshop.de\/fi\/wp-json\/wp\/v2\/product"}],"about":[{"href":"https:\/\/trinitixshop.de\/fi\/wp-json\/wp\/v2\/types\/product"}],"replies":[{"embeddable":true,"href":"https:\/\/trinitixshop.de\/fi\/wp-json\/wp\/v2\/comments?post=2560"}],"wp:featuredmedia":[{"embeddable":true,"href":"https:\/\/trinitixshop.de\/fi\/wp-json\/wp\/v2\/media\/2767"}],"wp:attachment":[{"href":"https:\/\/trinitixshop.de\/fi\/wp-json\/wp\/v2\/media?parent=2560"}],"wp:term":[{"taxonomy":"product_brand","embeddable":true,"href":"https:\/\/trinitixshop.de\/fi\/wp-json\/wp\/v2\/product_brand?post=2560"},{"taxonomy":"product_cat","embeddable":true,"href":"https:\/\/trinitixshop.de\/fi\/wp-json\/wp\/v2\/product_cat?post=2560"},{"taxonomy":"product_tag","embeddable":true,"href":"https:\/\/trinitixshop.de\/fi\/wp-json\/wp\/v2\/product_tag?post=2560"}],"curies":[{"name":"wp","href":"https:\/\/api.w.org\/{rel}","templated":true}]}}