{"id":2563,"date":"2023-06-16T13:34:18","date_gmt":"2023-06-16T11:34:18","guid":{"rendered":"https:\/\/trinitixshop.de\/?post_type=product&#038;p=2563"},"modified":"2023-06-28T10:58:12","modified_gmt":"2023-06-28T08:58:12","slug":"salamanteri-gekko-vintage-suunnittelija-kaulakoru-riipus-musta","status":"publish","type":"product","link":"https:\/\/trinitixshop.de\/fi\/produkt\/salamander-gekko-vintage-designer-kettenanhaenger-schwarz\/","title":{"rendered":"Salamander Gekko vintage designer riipus musta"},"content":{"rendered":"<p>CH005200T<\/p>","protected":false},"excerpt":{"rendered":"<p>Salamander magneettinen riipus mustana ionipinnoituksella.<br \/>\nJoynesse Design. K\u00e4sintehtyj\u00e4 suunnittelijan uniikkeja kappaleita.<br \/>\nPituus noin 55 mm. Ketjuille, joiden halkaisija on enint\u00e4\u00e4n n. 3 mm.<br \/>\nVankka ja tyylik\u00e4s riipus, jossa on magneettinen voima.<br \/>\nNeodyymimagneetti-insertit, joissa on noin 1200 gaussia.<br \/>\nRuostumatonta ter\u00e4st\u00e4, ei sis\u00e4ll\u00e4 kadmiumia, nikkeli\u00e4 eik\u00e4 lyijy\u00e4. Allergiaton.<\/p>","protected":false},"featured_media":2741,"comment_status":"open","ping_status":"closed","template":"","meta":[],"product_brand":[],"product_cat":[17,21],"product_tag":[26],"class_list":{"0":"post-2563","1":"product","2":"type-product","3":"status-publish","4":"has-post-thumbnail","6":"product_cat-alle-produkte","7":"product_cat-halsketten","8":"product_tag-paja","9":"thunk-woo-product-list","10":"opn-qv-enable","11":"top-store-woo-hover-zoom","12":"top-store-single-product-tab-horizontal","13":"top-store-shadow-","14":"top-store-shadow-hover-","16":"first","17":"instock","18":"sale","19":"taxable","20":"shipping-taxable","21":"purchasable","22":"product-type-simple"},"_links":{"self":[{"href":"https:\/\/trinitixshop.de\/fi\/wp-json\/wp\/v2\/product\/2563","targetHints":{"allow":["GET"]}}],"collection":[{"href":"https:\/\/trinitixshop.de\/fi\/wp-json\/wp\/v2\/product"}],"about":[{"href":"https:\/\/trinitixshop.de\/fi\/wp-json\/wp\/v2\/types\/product"}],"replies":[{"embeddable":true,"href":"https:\/\/trinitixshop.de\/fi\/wp-json\/wp\/v2\/comments?post=2563"}],"wp:featuredmedia":[{"embeddable":true,"href":"https:\/\/trinitixshop.de\/fi\/wp-json\/wp\/v2\/media\/2741"}],"wp:attachment":[{"href":"https:\/\/trinitixshop.de\/fi\/wp-json\/wp\/v2\/media?parent=2563"}],"wp:term":[{"taxonomy":"product_brand","embeddable":true,"href":"https:\/\/trinitixshop.de\/fi\/wp-json\/wp\/v2\/product_brand?post=2563"},{"taxonomy":"product_cat","embeddable":true,"href":"https:\/\/trinitixshop.de\/fi\/wp-json\/wp\/v2\/product_cat?post=2563"},{"taxonomy":"product_tag","embeddable":true,"href":"https:\/\/trinitixshop.de\/fi\/wp-json\/wp\/v2\/product_tag?post=2563"}],"curies":[{"name":"wp","href":"https:\/\/api.w.org\/{rel}","templated":true}]}}