{"id":2564,"date":"2023-06-16T13:34:18","date_gmt":"2023-06-16T11:34:18","guid":{"rendered":"https:\/\/trinitixshop.de\/?post_type=product&#038;p=2564"},"modified":"2023-11-16T13:55:56","modified_gmt":"2023-11-16T12:55:56","slug":"salamanterin-magneettinen-kaulakoru-jossa-on-swarovskin-smaragdinsilmaet","status":"publish","type":"product","link":"https:\/\/trinitixshop.de\/fi\/produkt\/salamander-magnetschmuck-kette-mit-swarovski-smaragd-eyes\/","title":{"rendered":"Salamander magneettinen kaulakoru Swarovski Emerald Eyes -koruilla"},"content":{"rendered":"<p>CH005300T<\/p>","protected":false},"excerpt":{"rendered":"<p>Tyylik\u00e4s design-magneettiriipus salamanteri nipussa, jossa on ruostumattomasta ter\u00e4ksest\u00e4 valmistettu ketju.<br \/>\n2 yhdistetty\u00e4, vihre\u00e4\u00e4, kimaltelevaa Swarovskin kristallielementti\u00e4 silmin\u00e4 - Emerald Eyes -<br \/>\nK\u00e4sintehtyj\u00e4 uniikkeja kappaleita. Pituus n. 40mm, uni\/hopea, kiinte\u00e4.<br \/>\nSilmukka enint\u00e4\u00e4n noin 3 mm:n halkaisijaltaan olevalle ketjulle.<br \/>\nMukana: ruostumattomasta ter\u00e4ksest\u00e4 valmistettu magneettilinkkikaulakoru hummerilukolla, tavallinen \/ hopea.<br \/>\nKetju on valmistettu ihoyst\u00e4v\u00e4llisest\u00e4 ruostumattomasta ter\u00e4ksest\u00e4 ja on nikkeliallergiaton.<br \/>\nKetjun pituutta voidaan helposti vaihdella. Ketjun pituus: n. 38,5 - 46,5 cm.<br \/>\nT\u00e4m\u00e4 magneettikorusetti on ajaton, yksinkertainen koru, joka sopii aina.<br \/>\nUnisex-muotoilu on ihanteellinen h\u00e4nelle ja naiselle. Koe selke\u00e4<br \/>\nMuodot ja klassinen muotoilu jokaiseen tilaisuuteen.<br \/>\nNeodyymimagneetti-insertit, joissa on noin 1200 gaussia.<br \/>\nRuostumatonta ter\u00e4st\u00e4, ei sis\u00e4ll\u00e4 kadmiumia, nikkeli\u00e4 eik\u00e4 lyijy\u00e4. Allergiaton.<\/p>","protected":false},"featured_media":2739,"comment_status":"open","ping_status":"closed","template":"","meta":[],"product_brand":[],"product_cat":[17,21],"product_tag":[25],"class_list":{"0":"post-2564","1":"product","2":"type-product","3":"status-publish","4":"has-post-thumbnail","6":"product_cat-alle-produkte","7":"product_cat-halsketten","8":"product_tag-t-prime","9":"thunk-woo-product-list","10":"opn-qv-enable","11":"top-store-woo-hover-zoom","12":"top-store-single-product-tab-horizontal","13":"top-store-shadow-","14":"top-store-shadow-hover-","16":"first","17":"instock","18":"taxable","19":"shipping-taxable","20":"purchasable","21":"product-type-simple"},"_links":{"self":[{"href":"https:\/\/trinitixshop.de\/fi\/wp-json\/wp\/v2\/product\/2564","targetHints":{"allow":["GET"]}}],"collection":[{"href":"https:\/\/trinitixshop.de\/fi\/wp-json\/wp\/v2\/product"}],"about":[{"href":"https:\/\/trinitixshop.de\/fi\/wp-json\/wp\/v2\/types\/product"}],"replies":[{"embeddable":true,"href":"https:\/\/trinitixshop.de\/fi\/wp-json\/wp\/v2\/comments?post=2564"}],"wp:featuredmedia":[{"embeddable":true,"href":"https:\/\/trinitixshop.de\/fi\/wp-json\/wp\/v2\/media\/2739"}],"wp:attachment":[{"href":"https:\/\/trinitixshop.de\/fi\/wp-json\/wp\/v2\/media?parent=2564"}],"wp:term":[{"taxonomy":"product_brand","embeddable":true,"href":"https:\/\/trinitixshop.de\/fi\/wp-json\/wp\/v2\/product_brand?post=2564"},{"taxonomy":"product_cat","embeddable":true,"href":"https:\/\/trinitixshop.de\/fi\/wp-json\/wp\/v2\/product_cat?post=2564"},{"taxonomy":"product_tag","embeddable":true,"href":"https:\/\/trinitixshop.de\/fi\/wp-json\/wp\/v2\/product_tag?post=2564"}],"curies":[{"name":"wp","href":"https:\/\/api.w.org\/{rel}","templated":true}]}}