{"id":2565,"date":"2023-06-16T13:34:18","date_gmt":"2023-06-16T11:34:18","guid":{"rendered":"https:\/\/trinitixshop.de\/?post_type=product&#038;p=2565"},"modified":"2024-03-08T12:53:45","modified_gmt":"2024-03-08T11:53:45","slug":"ladium-power-magneettinen-riipus-biokorrektori","status":"publish","type":"product","link":"https:\/\/trinitixshop.de\/fi\/produkt\/ladium-power-magnetanhaenger-biocorrector\/","title":{"rendered":"Ladium Power magneettinen riipus Biocorrector # 277"},"content":{"rendered":"<p>CH027700T<\/p>","protected":false},"excerpt":{"rendered":"<p>Bioenergetiikka. Biocorrector \"Ladium\" on ferromagneettinen l\u00e4\u00e4kinn\u00e4llinen kapseli, jossa on akupainallusk\u00e4rki pistem\u00e4ist\u00e4 k\u00e4ytt\u00f6\u00e4 varten.<br \/>\nErityisesti kohdistettu magneettikentt\u00e4 (3000 gaussia) on suunniteltu stimuloimaan kehon s\u00e4\u00e4telyprosesseja, palauttamaan solujen luonnollinen polarisaatio, parantamaan niiden verenkiertoa ja tehostamaan aineenvaihduntaa.<br \/>\n\u00d8 noin 53 x 12mm. Musta tekstiilihihna, 2 solmua helppoa pituuden s\u00e4\u00e4t\u00f6\u00e4 varten.<br \/>\nBiocorrector \"Ladiumin\" v\u00e4itetyt vaikutukset:<br \/>\nPositiivinen, analgeettinen ja regeneratiivinen vaikutus syd\u00e4n- ja verisuonisairauksiin, korkeaan verenpaineeseen, sepelvaltimotautiin, angina pectorikseen, aivohalvausten ja syd\u00e4nkohtausten seurauksiin, gastriittiin, mahahaavaumiin, niveltulehdukseen, bursiittiin, per\u00e4pukamiin, eturauhastulehdukseen, impotenssiin, adenoomaan, kystiittiin, \u00f6deemiin, niveltulehdukseen, suonikohjuihin, tromboosiin jne.<br \/>\nPositiivinen k\u00e4ytt\u00f6 neurologisissa ja neuropsykiatrisissa sairauksissa:<br \/>\nKipuoireyhtym\u00e4t, v\u00e4symys, p\u00e4\u00e4ns\u00e4rky, stressi, neuroosit, unih\u00e4iri\u00f6t, krooninen v\u00e4symys jne.<br \/>\nIhanteellinen yksil\u00f6lliseen k\u00e4ytt\u00f6\u00f6n. Lukuisat tutkimukset ovat osoittaneet, ett\u00e4 \"Ladium\" lievitt\u00e4\u00e4 kipua nopeasti.<br \/>\nIhanteellinen sel\u00e4lle, hartioille, niskalle tai vatsalle. N\u00e4kyv\u00e4 tai n\u00e4kym\u00e4t\u00f6n, magneettinen riipus on kumppani koko p\u00e4iv\u00e4ksi!<br \/>\nENEMM\u00c4N ENERGIAA KUIN KOSKAAN ENNEN.<br \/>\nVieroitusohjelman tukeminen. Tehostaa aineenvaihduntaa, vahvistaa immuunij\u00e4rjestelm\u00e4\u00e4 ja antaa uutta energiaa.<br \/>\nK\u00e4rke\u00e4 k\u00e4ytet\u00e4\u00e4n kohdennettuun levitykseen.<br \/>\nRiipus on varustettu eritt\u00e4in vahvalla magneetilla, ja voit k\u00e4ytt\u00e4\u00e4 sit\u00e4 miss\u00e4 haluat.<br \/>\nNeodyymimagneettisis\u00e4ke, jossa on noin 3000 gaussia.<br \/>\nRuostumatonta ter\u00e4st\u00e4, ei sis\u00e4ll\u00e4 kadmiumia, nikkeli\u00e4 eik\u00e4 lyijy\u00e4. Allergiaton.<\/p>","protected":false},"featured_media":2740,"comment_status":"open","ping_status":"closed","template":"","meta":[],"product_brand":[],"product_cat":[17,21],"product_tag":[25],"class_list":{"0":"post-2565","1":"product","2":"type-product","3":"status-publish","4":"has-post-thumbnail","6":"product_cat-alle-produkte","7":"product_cat-halsketten","8":"product_tag-t-prime","9":"thunk-woo-product-list","10":"opn-qv-enable","11":"top-store-woo-hover-zoom","12":"top-store-single-product-tab-horizontal","13":"top-store-shadow-","14":"top-store-shadow-hover-","16":"first","17":"instock","18":"sale","19":"taxable","20":"shipping-taxable","21":"purchasable","22":"product-type-simple"},"_links":{"self":[{"href":"https:\/\/trinitixshop.de\/fi\/wp-json\/wp\/v2\/product\/2565","targetHints":{"allow":["GET"]}}],"collection":[{"href":"https:\/\/trinitixshop.de\/fi\/wp-json\/wp\/v2\/product"}],"about":[{"href":"https:\/\/trinitixshop.de\/fi\/wp-json\/wp\/v2\/types\/product"}],"replies":[{"embeddable":true,"href":"https:\/\/trinitixshop.de\/fi\/wp-json\/wp\/v2\/comments?post=2565"}],"wp:featuredmedia":[{"embeddable":true,"href":"https:\/\/trinitixshop.de\/fi\/wp-json\/wp\/v2\/media\/2740"}],"wp:attachment":[{"href":"https:\/\/trinitixshop.de\/fi\/wp-json\/wp\/v2\/media?parent=2565"}],"wp:term":[{"taxonomy":"product_brand","embeddable":true,"href":"https:\/\/trinitixshop.de\/fi\/wp-json\/wp\/v2\/product_brand?post=2565"},{"taxonomy":"product_cat","embeddable":true,"href":"https:\/\/trinitixshop.de\/fi\/wp-json\/wp\/v2\/product_cat?post=2565"},{"taxonomy":"product_tag","embeddable":true,"href":"https:\/\/trinitixshop.de\/fi\/wp-json\/wp\/v2\/product_tag?post=2565"}],"curies":[{"name":"wp","href":"https:\/\/api.w.org\/{rel}","templated":true}]}}