{"id":2566,"date":"2023-06-16T13:34:22","date_gmt":"2023-06-16T11:34:22","guid":{"rendered":"https:\/\/trinitixshop.de\/?post_type=product&#038;p=2566"},"modified":"2023-06-28T10:46:12","modified_gmt":"2023-06-28T08:46:12","slug":"magneettilaatat-magneettiset-koruketjut-riipukset-kulta-14-mm-418","status":"publish","type":"product","link":"https:\/\/trinitixshop.de\/fi\/produkt\/magnetplaettchen-magnetschmuck-ketten-anhaenger-gold-14-mm-418\/","title":{"rendered":"Magneettikiekko magneettinen koruketju riipus kulta 14 mm # 418"},"content":{"rendered":"<p>CH041800T<\/p>","protected":false},"excerpt":{"rendered":"<p>Kultaketjullinen riipus. Ruostumatonta ter\u00e4st\u00e4, 24k kovakullattu, kiillotettu, nikkeliallergiaton. Koko: 14 x 7 mm.<br \/>\nT\u00e4m\u00e4 pieni riipus, jossa on kaksi integroitua magneettia, antaa my\u00f6s erityisen kosketuksen sinun<br \/>\nyksityiset suosikkikorut magneettista energiaa.<br \/>\nKoukista vain olemassa olevaan kiinnittimeen.<br \/>\nViel\u00e4 enemm\u00e4n magneettista voimaa saadaan t\u00e4ll\u00e4 \"ruostumattomasta ter\u00e4ksest\u00e4\" valmistetulla magneettilevyll\u00e4.<br \/>\nVoit helposti kiinnitt\u00e4\u00e4 pienen magneettikorun tekstiilihihnaan tai ketjuun. Magneettikiekko on valmistettu helppohoitoisesta, ihoyst\u00e4v\u00e4llisest\u00e4 ruostumattomasta ter\u00e4ksest\u00e4, ja siin\u00e4 on kaksi voimakasta neodyymimagneettia.<br \/>\nKokeile sit\u00e4 ja koe korut, joilla on sellainen vaikutus, ettet halua en\u00e4\u00e4 koskaan ottaa niit\u00e4 pois.<br \/>\nNeodyymimagneetti-insertit, joissa on noin 1200 gaussia.<br \/>\nRuostumatonta ter\u00e4st\u00e4, ei sis\u00e4ll\u00e4 kadmiumia, nikkeli\u00e4 eik\u00e4 lyijy\u00e4. Allergiaton.<\/p>","protected":false},"featured_media":2733,"comment_status":"open","ping_status":"closed","template":"","meta":[],"product_brand":[],"product_cat":[17,21],"product_tag":[25],"class_list":{"0":"post-2566","1":"product","2":"type-product","3":"status-publish","4":"has-post-thumbnail","6":"product_cat-alle-produkte","7":"product_cat-halsketten","8":"product_tag-t-prime","9":"thunk-woo-product-list","10":"opn-qv-enable","11":"top-store-woo-hover-zoom","12":"top-store-single-product-tab-horizontal","13":"top-store-shadow-","14":"top-store-shadow-hover-","16":"first","17":"instock","18":"taxable","19":"shipping-taxable","20":"purchasable","21":"product-type-simple"},"_links":{"self":[{"href":"https:\/\/trinitixshop.de\/fi\/wp-json\/wp\/v2\/product\/2566","targetHints":{"allow":["GET"]}}],"collection":[{"href":"https:\/\/trinitixshop.de\/fi\/wp-json\/wp\/v2\/product"}],"about":[{"href":"https:\/\/trinitixshop.de\/fi\/wp-json\/wp\/v2\/types\/product"}],"replies":[{"embeddable":true,"href":"https:\/\/trinitixshop.de\/fi\/wp-json\/wp\/v2\/comments?post=2566"}],"wp:featuredmedia":[{"embeddable":true,"href":"https:\/\/trinitixshop.de\/fi\/wp-json\/wp\/v2\/media\/2733"}],"wp:attachment":[{"href":"https:\/\/trinitixshop.de\/fi\/wp-json\/wp\/v2\/media?parent=2566"}],"wp:term":[{"taxonomy":"product_brand","embeddable":true,"href":"https:\/\/trinitixshop.de\/fi\/wp-json\/wp\/v2\/product_brand?post=2566"},{"taxonomy":"product_cat","embeddable":true,"href":"https:\/\/trinitixshop.de\/fi\/wp-json\/wp\/v2\/product_cat?post=2566"},{"taxonomy":"product_tag","embeddable":true,"href":"https:\/\/trinitixshop.de\/fi\/wp-json\/wp\/v2\/product_tag?post=2566"}],"curies":[{"name":"wp","href":"https:\/\/api.w.org\/{rel}","templated":true}]}}