{"id":2569,"date":"2023-06-16T13:34:22","date_gmt":"2023-06-16T11:34:22","guid":{"rendered":"https:\/\/trinitixshop.de\/?post_type=product&#038;p=2569"},"modified":"2023-06-28T10:59:00","modified_gmt":"2023-06-28T08:59:00","slug":"aeaeretoen-nauha-suunnittelija-keula-swarovski-kristallit-kaulakoru","status":"publish","type":"product","link":"https:\/\/trinitixshop.de\/fi\/produkt\/infinity-ribbon-designer-schleife-mit-swarovski-crystals-kette\/","title":{"rendered":"Infinity Ribbon Designer Bow Swarovski-kristallit + ketju"},"content":{"rendered":"<p>CH045800T<\/p>","protected":false},"excerpt":{"rendered":"<p>Suunnittelija Infinity Set Magneettinen riipus Ribbon Loop Energetix 4you 458 Swarovski-kristalleilla sis. tyylikk\u00e4\u00e4n linkkiketjun.<br \/>\nK\u00e4sintehty design-magneettiriipus - RIBBON \/ SCHLEIFE \/ INFINITO - n. 30 x 28 mm, jossa on erilaisia kimaltavia alkuper\u00e4isi\u00e4 Swarovski-kristalleja. Sis\u00e4\u00e4nrakennettu neodyymimagneetti, jossa 1200 gaussia.<br \/>\nRuostumattomasta ter\u00e4ksest\u00e4 valmistettu linkkikaulakoru hummerilukolla toimitetaan veloituksetta.<br \/>\nYksitt\u00e4isen ketjun pituus enint\u00e4\u00e4n n. 52 cm.<br \/>\nKiilt\u00e4v\u00e4 asuste, joka saa jokaisen naisen syd\u00e4men sykkim\u00e4\u00e4n nopeammin. Ruostumatonta ter\u00e4st\u00e4, nikkeliallergiatonta, tee itsellesi tai rakkaallesi aivan erityinen herkku.<br \/>\nLaadukas rodinoidun ketjun riipus kiilt\u00e4v\u00e4\u00e4 hopeaa on asetettu kuohuvilla alkuper\u00e4isill\u00e4 Swarovski ELEMENTS -elementeill\u00e4, jotka tuovat kauniisti esiin sen kantajan.<br \/>\nAika loistaa ? t\u00e4m\u00e4n lumoavan korun kanssa Energetix-4you:lta. Olemisen keveys, ranskalainen \"el\u00e4m\u00e4nilo\" ja erinomainen ammattitaito sek\u00e4 korkealaatuiset materiaalit kohtaavat t\u00e4ss\u00e4.<br \/>\nPuhdasta eleganssia ? n\u00e4in voidaan kuvata t\u00e4t\u00e4 ihanaa korua vain kahdella sanalla.<br \/>\nTyylik\u00e4s linkkiketju, joka hivelee lempe\u00e4sti jokaisen naisen kaulaa, ja magneettinen riipus, joka koristaa jokaista kaula-aukkoa, tekev\u00e4t t\u00e4st\u00e4 korusta ainutlaatuisen kauniin asusteen.<\/p>","protected":false},"featured_media":2734,"comment_status":"open","ping_status":"closed","template":"","meta":[],"product_brand":[],"product_cat":[17,21],"product_tag":[25],"class_list":{"0":"post-2569","1":"product","2":"type-product","3":"status-publish","4":"has-post-thumbnail","6":"product_cat-alle-produkte","7":"product_cat-halsketten","8":"product_tag-t-prime","9":"thunk-woo-product-list","10":"opn-qv-enable","11":"top-store-woo-hover-zoom","12":"top-store-single-product-tab-horizontal","13":"top-store-shadow-","14":"top-store-shadow-hover-","16":"first","17":"instock","18":"taxable","19":"shipping-taxable","20":"purchasable","21":"product-type-simple"},"_links":{"self":[{"href":"https:\/\/trinitixshop.de\/fi\/wp-json\/wp\/v2\/product\/2569","targetHints":{"allow":["GET"]}}],"collection":[{"href":"https:\/\/trinitixshop.de\/fi\/wp-json\/wp\/v2\/product"}],"about":[{"href":"https:\/\/trinitixshop.de\/fi\/wp-json\/wp\/v2\/types\/product"}],"replies":[{"embeddable":true,"href":"https:\/\/trinitixshop.de\/fi\/wp-json\/wp\/v2\/comments?post=2569"}],"wp:featuredmedia":[{"embeddable":true,"href":"https:\/\/trinitixshop.de\/fi\/wp-json\/wp\/v2\/media\/2734"}],"wp:attachment":[{"href":"https:\/\/trinitixshop.de\/fi\/wp-json\/wp\/v2\/media?parent=2569"}],"wp:term":[{"taxonomy":"product_brand","embeddable":true,"href":"https:\/\/trinitixshop.de\/fi\/wp-json\/wp\/v2\/product_brand?post=2569"},{"taxonomy":"product_cat","embeddable":true,"href":"https:\/\/trinitixshop.de\/fi\/wp-json\/wp\/v2\/product_cat?post=2569"},{"taxonomy":"product_tag","embeddable":true,"href":"https:\/\/trinitixshop.de\/fi\/wp-json\/wp\/v2\/product_tag?post=2569"}],"curies":[{"name":"wp","href":"https:\/\/api.w.org\/{rel}","templated":true}]}}