{"id":2571,"date":"2023-06-16T13:34:23","date_gmt":"2023-06-16T11:34:23","guid":{"rendered":"https:\/\/trinitixshop.de\/?post_type=product&#038;p=2571"},"modified":"2023-06-28T13:53:57","modified_gmt":"2023-06-28T11:53:57","slug":"linkki-kaulakoru-kultainen-magneettilevyllae-537","status":"publish","type":"product","link":"https:\/\/trinitixshop.de\/fi\/produkt\/glieder-halskette-gold-mit-magnetplaettchen-537\/","title":{"rendered":"Kultainen kaulakoru magneettikiekolla # 537"},"content":{"rendered":"<p>CH053702T<\/p>","protected":false},"excerpt":{"rendered":"<p>Yksinkertainen ruostumattomasta ter\u00e4ksest\u00e4 valmistettu kaulakoru, \u00f8 1,5 mm, jossa on magneettikiekko. 24k kova kullattu<br \/>\nMagneettikiekko on valmistettu ihoyst\u00e4v\u00e4llisest\u00e4 ruostumattomasta ter\u00e4ksest\u00e4 ja kahdesta voimakkaasta neodyymimagneetista.<br \/>\n1200 Gauss.<br \/>\nKetjun pituutta voidaan helposti vaihdella. Ketjun pituus: 38,5-46,5 cm.<br \/>\nRuostumatonta ter\u00e4st\u00e4, nikkeli- ja allergiavapaa. V\u00e4ri hopea. Hummerilukko.<br \/>\nRuostumattomasta ter\u00e4ksest\u00e4 valmistettu kaulakoru on ajaton, yksinkertainen koru, joka sopii aina.<br \/>\nRuostumattomasta ter\u00e4ksest\u00e4 valmistetun kaulakorun unisex-muotoilu sopii sek\u00e4 miehelle ett\u00e4 naiselle.<br \/>\nRuostumattomasta ter\u00e4ksest\u00e4 valmistettu kaulakoru on erityisen tehokas yhdistettyn\u00e4 rentoon riipukseen .<br \/>\nKoe selke\u00e4t muodot ja klassinen muotoilu jokaiseen tilaisuuteen.Yksinkertainen ruostumattomasta ter\u00e4ksest\u00e4 valmistettu kaulakoru, \u00f8 1,5 mm, magneettikiekolla. 24k kovakullattu<br \/>\nMagneettikiekko on valmistettu ihoyst\u00e4v\u00e4llisest\u00e4 ruostumattomasta ter\u00e4ksest\u00e4 ja kahdesta voimakkaasta neodyymimagneetista.<br \/>\n1200 Gauss.<br \/>\nKetjun pituutta voidaan helposti vaihdella. Ketjun pituus: 38,5-46,5 cm.<br \/>\nRuostumatonta ter\u00e4st\u00e4, nikkeli- ja allergiavapaa. V\u00e4ri hopea. Hummerilukko.<br \/>\nRuostumattomasta ter\u00e4ksest\u00e4 valmistettu kaulakoru on ajaton, yksinkertainen koru, joka sopii aina.<br \/>\nRuostumattomasta ter\u00e4ksest\u00e4 valmistetun kaulakorun unisex-muotoilu sopii sek\u00e4 miehelle ett\u00e4 naiselle.<br \/>\nRuostumattomasta ter\u00e4ksest\u00e4 valmistettu kaulakoru on erityisen tehokas yhdistettyn\u00e4 rentoon riipukseen .<br \/>\nKoe selke\u00e4t muodot ja klassinen muotoilu joka tilanteeseen.<\/p>","protected":false},"featured_media":2799,"comment_status":"open","ping_status":"closed","template":"","meta":[],"product_brand":[],"product_cat":[17,21],"product_tag":[25],"class_list":{"0":"post-2571","1":"product","2":"type-product","3":"status-publish","4":"has-post-thumbnail","6":"product_cat-alle-produkte","7":"product_cat-halsketten","8":"product_tag-t-prime","9":"thunk-woo-product-list","10":"opn-qv-enable","11":"top-store-woo-hover-zoom","12":"top-store-single-product-tab-horizontal","13":"top-store-shadow-","14":"top-store-shadow-hover-","16":"first","17":"instock","18":"sale","19":"taxable","20":"shipping-taxable","21":"purchasable","22":"product-type-simple"},"_links":{"self":[{"href":"https:\/\/trinitixshop.de\/fi\/wp-json\/wp\/v2\/product\/2571","targetHints":{"allow":["GET"]}}],"collection":[{"href":"https:\/\/trinitixshop.de\/fi\/wp-json\/wp\/v2\/product"}],"about":[{"href":"https:\/\/trinitixshop.de\/fi\/wp-json\/wp\/v2\/types\/product"}],"replies":[{"embeddable":true,"href":"https:\/\/trinitixshop.de\/fi\/wp-json\/wp\/v2\/comments?post=2571"}],"wp:featuredmedia":[{"embeddable":true,"href":"https:\/\/trinitixshop.de\/fi\/wp-json\/wp\/v2\/media\/2799"}],"wp:attachment":[{"href":"https:\/\/trinitixshop.de\/fi\/wp-json\/wp\/v2\/media?parent=2571"}],"wp:term":[{"taxonomy":"product_brand","embeddable":true,"href":"https:\/\/trinitixshop.de\/fi\/wp-json\/wp\/v2\/product_brand?post=2571"},{"taxonomy":"product_cat","embeddable":true,"href":"https:\/\/trinitixshop.de\/fi\/wp-json\/wp\/v2\/product_cat?post=2571"},{"taxonomy":"product_tag","embeddable":true,"href":"https:\/\/trinitixshop.de\/fi\/wp-json\/wp\/v2\/product_tag?post=2571"}],"curies":[{"name":"wp","href":"https:\/\/api.w.org\/{rel}","templated":true}]}}