{"id":2572,"date":"2023-06-16T13:34:23","date_gmt":"2023-06-16T11:34:23","guid":{"rendered":"https:\/\/trinitixshop.de\/?post_type=product&#038;p=2572"},"modified":"2023-06-26T16:01:40","modified_gmt":"2023-06-26T14:01:40","slug":"moebius-silmukka-suunnittelija-magneettinen-koru-ketju-hopea-kiinteae","status":"publish","type":"product","link":"https:\/\/trinitixshop.de\/fi\/produkt\/moebius-schleife-designer-magnetschmuck-kette-silber-massiv\/","title":{"rendered":"M\u00f6bius - Loop designer magneettinen koruketju hopea kiinte\u00e4 metallia"},"content":{"rendered":"<p>CH066600T<\/p>","protected":false},"excerpt":{"rendered":"<p>Veistoksellinen k\u00e4sity\u00f6n\u00e4 valmistettu magneettiriipus - M\u00f6bius-nauha \/ M\u00f6bius-ketju n. \u00d8 30 mm, kiillotettu.<br \/>\nNeodyymimagneetti-insertit, joissa on noin 1200 gaussia.<br \/>\nRuostumatonta ter\u00e4st\u00e4, ei sis\u00e4ll\u00e4 kadmiumia, nikkeli\u00e4 eik\u00e4 lyijy\u00e4. Allergiaton.<br \/>\nHoukuttelevana vastakohtana, mukaan lukien ilmainen silikoniketju, jossa on<br \/>\nHummerilukko (n. 47 - 52 cm, voidaan lyhent\u00e4\u00e4 yksinkertaisella ty\u00f6kalulla).<br \/>\nAinutlaatuinen kappale on katseenvangitsija, ja sit\u00e4 voi k\u00e4ytt\u00e4\u00e4 my\u00f6s mink\u00e4 tahansa muun ketjun kanssa.<br \/>\nPuhdasta eleganssia - n\u00e4in voi kuvailla t\u00e4t\u00e4 ihanaa korua.<br \/>\nM\u00f6bius-nauha on ainoa muoto, jolla on vain yksi pinta ja yksi reuna.<br \/>\nSis\u00e4- ja ulkopuoli vuorottelevat loputtomassa peliss\u00e4.<br \/>\nruostumattomasta ter\u00e4ksest\u00e4 valmistettu M\u00f6bius-riipus symboloi ulkoisen ja sis\u00e4isen olemuksemme tasapainoa sek\u00e4 loputonta rakkautta.<\/p>","protected":false},"featured_media":2708,"comment_status":"open","ping_status":"closed","template":"","meta":[],"product_brand":[],"product_cat":[17,21],"product_tag":[26],"class_list":{"0":"post-2572","1":"product","2":"type-product","3":"status-publish","4":"has-post-thumbnail","6":"product_cat-alle-produkte","7":"product_cat-halsketten","8":"product_tag-paja","9":"thunk-woo-product-list","10":"opn-qv-enable","11":"top-store-woo-hover-zoom","12":"top-store-single-product-tab-horizontal","13":"top-store-shadow-","14":"top-store-shadow-hover-","16":"first","17":"instock","18":"taxable","19":"shipping-taxable","20":"purchasable","21":"product-type-simple"},"_links":{"self":[{"href":"https:\/\/trinitixshop.de\/fi\/wp-json\/wp\/v2\/product\/2572","targetHints":{"allow":["GET"]}}],"collection":[{"href":"https:\/\/trinitixshop.de\/fi\/wp-json\/wp\/v2\/product"}],"about":[{"href":"https:\/\/trinitixshop.de\/fi\/wp-json\/wp\/v2\/types\/product"}],"replies":[{"embeddable":true,"href":"https:\/\/trinitixshop.de\/fi\/wp-json\/wp\/v2\/comments?post=2572"}],"wp:featuredmedia":[{"embeddable":true,"href":"https:\/\/trinitixshop.de\/fi\/wp-json\/wp\/v2\/media\/2708"}],"wp:attachment":[{"href":"https:\/\/trinitixshop.de\/fi\/wp-json\/wp\/v2\/media?parent=2572"}],"wp:term":[{"taxonomy":"product_brand","embeddable":true,"href":"https:\/\/trinitixshop.de\/fi\/wp-json\/wp\/v2\/product_brand?post=2572"},{"taxonomy":"product_cat","embeddable":true,"href":"https:\/\/trinitixshop.de\/fi\/wp-json\/wp\/v2\/product_cat?post=2572"},{"taxonomy":"product_tag","embeddable":true,"href":"https:\/\/trinitixshop.de\/fi\/wp-json\/wp\/v2\/product_tag?post=2572"}],"curies":[{"name":"wp","href":"https:\/\/api.w.org\/{rel}","templated":true}]}}