{"id":2574,"date":"2023-06-16T13:34:23","date_gmt":"2023-06-16T11:34:23","guid":{"rendered":"https:\/\/trinitixshop.de\/?post_type=product&#038;p=2574"},"modified":"2023-06-28T10:19:20","modified_gmt":"2023-06-28T08:19:20","slug":"merirosvot-medaljonki-kapinallinen-sydaemen-suunnittelija-magneettinen-koru-kaulakoru-hopea","status":"publish","type":"product","link":"https:\/\/trinitixshop.de\/fi\/produkt\/pirates-medaillon-rebel-of-heart-designer-magnetschmuck-kette-silber\/","title":{"rendered":"Pirates Medallion - Rebel of Heart - Suunnittelija magneettinen koru kaulakoru hopea hopea"},"content":{"rendered":"<p>CH068600T<\/p>","protected":false},"excerpt":{"rendered":"<p>K\u00e4sintehtyj\u00e4 uniikkeja kappaleita !<br \/>\nArvoituksellinen p\u00e4\u00e4kallonaamio? Rebel of Heart?<br \/>\nT\u00e4m\u00e4 on erityisen ilmeik\u00e4s koru, jossa on taidokkaasti muotoiltu leikkaus, ja se on erityisen ilmeik\u00e4s koru.<br \/>\nNoin \u00d8 25 mm. Neodyymimagneetti-insertit, joissa on n. 1200 gaussia.<br \/>\nRuostumatonta ter\u00e4st\u00e4, ei sis\u00e4ll\u00e4 kadmiumia, nikkeli\u00e4 eik\u00e4 lyijy\u00e4. Allergiaton.<br \/>\nMukana ilmainen ruostumattomasta ter\u00e4ksest\u00e4 valmistettu ketju hummerilukolla (n. 41 - 52 cm). Magneettinen riipus on katseenvangitsija ja sit\u00e4 voi k\u00e4ytt\u00e4\u00e4 my\u00f6s mink\u00e4 tahansa muun ketjun kanssa.<br \/>\nKallo symboloi yleens\u00e4 ihmisel\u00e4m\u00e4n katoavaisuutta verrattuna kuolemattomaan sieluun sek\u00e4 koko fyysist\u00e4 maailmaa verrattuna henkisiin arvoihin. Kalloa k\u00e4ytettiin kristillisiss\u00e4 hautaveistoksissa symboloimaan ihmisel\u00e4m\u00e4n sek\u00e4 maallisten t\u00f6iden ja tavaroiden katoavaisuutta.<\/p>","protected":false},"featured_media":2714,"comment_status":"open","ping_status":"closed","template":"","meta":[],"product_brand":[],"product_cat":[17,21],"product_tag":[24],"class_list":{"0":"post-2574","1":"product","2":"type-product","3":"status-publish","4":"has-post-thumbnail","6":"product_cat-alle-produkte","7":"product_cat-halsketten","8":"product_tag-jungbrunn","9":"thunk-woo-product-list","10":"opn-qv-enable","11":"top-store-woo-hover-zoom","12":"top-store-single-product-tab-horizontal","13":"top-store-shadow-","14":"top-store-shadow-hover-","16":"first","17":"instock","18":"sale","19":"taxable","20":"shipping-taxable","21":"purchasable","22":"product-type-simple"},"_links":{"self":[{"href":"https:\/\/trinitixshop.de\/fi\/wp-json\/wp\/v2\/product\/2574","targetHints":{"allow":["GET"]}}],"collection":[{"href":"https:\/\/trinitixshop.de\/fi\/wp-json\/wp\/v2\/product"}],"about":[{"href":"https:\/\/trinitixshop.de\/fi\/wp-json\/wp\/v2\/types\/product"}],"replies":[{"embeddable":true,"href":"https:\/\/trinitixshop.de\/fi\/wp-json\/wp\/v2\/comments?post=2574"}],"wp:featuredmedia":[{"embeddable":true,"href":"https:\/\/trinitixshop.de\/fi\/wp-json\/wp\/v2\/media\/2714"}],"wp:attachment":[{"href":"https:\/\/trinitixshop.de\/fi\/wp-json\/wp\/v2\/media?parent=2574"}],"wp:term":[{"taxonomy":"product_brand","embeddable":true,"href":"https:\/\/trinitixshop.de\/fi\/wp-json\/wp\/v2\/product_brand?post=2574"},{"taxonomy":"product_cat","embeddable":true,"href":"https:\/\/trinitixshop.de\/fi\/wp-json\/wp\/v2\/product_cat?post=2574"},{"taxonomy":"product_tag","embeddable":true,"href":"https:\/\/trinitixshop.de\/fi\/wp-json\/wp\/v2\/product_tag?post=2574"}],"curies":[{"name":"wp","href":"https:\/\/api.w.org\/{rel}","templated":true}]}}