{"id":2576,"date":"2023-06-16T13:34:23","date_gmt":"2023-06-16T11:34:23","guid":{"rendered":"https:\/\/trinitixshop.de\/?post_type=product&#038;p=2576"},"modified":"2023-06-28T10:29:14","modified_gmt":"2023-06-28T08:29:14","slug":"tassu-magneettinen-koru-riipus-linkkiketjulla-714-gl","status":"publish","type":"product","link":"https:\/\/trinitixshop.de\/fi\/produkt\/pfote-magnetschmuck-anhaenger-mit-gliederkette-714-gl\/","title":{"rendered":"Tassu magneettinen koruripustin linkkiketjulla # 714 Gl"},"content":{"rendered":"<p>CH071401T<\/p>","protected":false},"excerpt":{"rendered":"<p>Magneettiketjun riipus tassu koira kissa karhu nallekarhu kimaltelevalla alkuper\u00e4isell\u00e4 Swarovski-elementill\u00e4.<br \/>\n\"Petomainen\" katseenvangitsija jokaiseen p\u00e4iv\u00e4\u00e4n. Noin 1,8 x 2,2 cm.<br \/>\nSopivien korvanappien (# 1387P) ja magneettitassurannekkeen (# 2153 tai # 7141) kanssa tehokas ulkon\u00e4k\u00f6 on taattu.<br \/>\nMukana ilmainen ruostumattomasta ter\u00e4ksest\u00e4 valmistettu linkkiketju hummerilukolla (n. 47 cm, voidaan lyhent\u00e4\u00e4 yksinkertaisella ty\u00f6kalulla).<br \/>\nNeodyymimagneetti-insertit, joissa on noin 1200 gaussia.<br \/>\nRuostumatonta ter\u00e4st\u00e4, ei sis\u00e4ll\u00e4 kadmiumia, nikkeli\u00e4 eik\u00e4 lyijy\u00e4. Allergiaton.<br \/>\nKimaltava magneettiriipus, jossa on aito Swarovski-kristallielementti, tuo hymyn kasvoillesi.<\/p>","protected":false},"featured_media":2719,"comment_status":"open","ping_status":"closed","template":"","meta":[],"product_brand":[],"product_cat":[17,21],"product_tag":[24],"class_list":{"0":"post-2576","1":"product","2":"type-product","3":"status-publish","4":"has-post-thumbnail","6":"product_cat-alle-produkte","7":"product_cat-halsketten","8":"product_tag-jungbrunn","9":"thunk-woo-product-list","10":"opn-qv-enable","11":"top-store-woo-hover-zoom","12":"top-store-single-product-tab-horizontal","13":"top-store-shadow-","14":"top-store-shadow-hover-","16":"first","17":"instock","18":"taxable","19":"shipping-taxable","20":"purchasable","21":"product-type-simple"},"_links":{"self":[{"href":"https:\/\/trinitixshop.de\/fi\/wp-json\/wp\/v2\/product\/2576","targetHints":{"allow":["GET"]}}],"collection":[{"href":"https:\/\/trinitixshop.de\/fi\/wp-json\/wp\/v2\/product"}],"about":[{"href":"https:\/\/trinitixshop.de\/fi\/wp-json\/wp\/v2\/types\/product"}],"replies":[{"embeddable":true,"href":"https:\/\/trinitixshop.de\/fi\/wp-json\/wp\/v2\/comments?post=2576"}],"wp:featuredmedia":[{"embeddable":true,"href":"https:\/\/trinitixshop.de\/fi\/wp-json\/wp\/v2\/media\/2719"}],"wp:attachment":[{"href":"https:\/\/trinitixshop.de\/fi\/wp-json\/wp\/v2\/media?parent=2576"}],"wp:term":[{"taxonomy":"product_brand","embeddable":true,"href":"https:\/\/trinitixshop.de\/fi\/wp-json\/wp\/v2\/product_brand?post=2576"},{"taxonomy":"product_cat","embeddable":true,"href":"https:\/\/trinitixshop.de\/fi\/wp-json\/wp\/v2\/product_cat?post=2576"},{"taxonomy":"product_tag","embeddable":true,"href":"https:\/\/trinitixshop.de\/fi\/wp-json\/wp\/v2\/product_tag?post=2576"}],"curies":[{"name":"wp","href":"https:\/\/api.w.org\/{rel}","templated":true}]}}