{"id":2578,"date":"2023-06-16T13:34:23","date_gmt":"2023-06-16T11:34:23","guid":{"rendered":"https:\/\/trinitixshop.de\/?post_type=product&#038;p=2578"},"modified":"2023-06-28T10:35:36","modified_gmt":"2023-06-28T08:35:36","slug":"kaeaermeketju-magneettinen-kaulakoru-hopea-magneettihiutaleella-varustettuna","status":"publish","type":"product","link":"https:\/\/trinitixshop.de\/fi\/produkt\/schlangenkette-magnet-halskette-silber-mit-magnetplaettchen\/","title":{"rendered":"K\u00e4\u00e4rmeketju magneettikaulakoru hopea magneettikiekoilla varustettuna"},"content":{"rendered":"<p>CH096000T<\/p>","protected":false},"excerpt":{"rendered":"<p>Eksklusiivinen hieno ruostumattomasta ter\u00e4ksest\u00e4 valmistettu k\u00e4\u00e4rmekoru (leveys: 2,2 mm, paksuus: 0,7 mm) magneettikiekoilla, tavallinen \/ hopea.<br \/>\nMagneettikiekko on valmistettu ihoyst\u00e4v\u00e4llisest\u00e4 ruostumattomasta ter\u00e4ksest\u00e4.<br \/>\nKetjun pituutta voidaan helposti vaihdella.<br \/>\nKetjun pituus: M (40 cm) - XL (50 cm). Hummerilukko.<br \/>\nRuostumattomasta ter\u00e4ksest\u00e4 valmistettu kaulakoru on ajaton koru, joka sopii aina. Ruostumattomasta ter\u00e4ksest\u00e4 valmistetun kaulakorun unisex-muotoilu sopii sek\u00e4 miehelle ett\u00e4 naiselle.<br \/>\nRuostumattomasta ter\u00e4ksest\u00e4 valmistettu kaulakoru on erityisen tehokas yhdistettyn\u00e4 rentoon riipukseen.<br \/>\nKoe selke\u00e4t muodot ja klassinen muotoilu joka tilanteeseen.<br \/>\nNeodyymimagneettisis\u00e4ke, jossa on noin 1200 gaussia.<br \/>\nRuostumatonta ter\u00e4st\u00e4, ei sis\u00e4ll\u00e4 kadmiumia, nikkeli\u00e4 eik\u00e4 lyijy\u00e4. Allergiaton.<\/p>","protected":false},"featured_media":2723,"comment_status":"open","ping_status":"closed","template":"","meta":[],"product_brand":[],"product_cat":[17,21],"product_tag":[25],"class_list":{"0":"post-2578","1":"product","2":"type-product","3":"status-publish","4":"has-post-thumbnail","6":"product_cat-alle-produkte","7":"product_cat-halsketten","8":"product_tag-t-prime","9":"thunk-woo-product-list","10":"opn-qv-enable","11":"top-store-woo-hover-zoom","12":"top-store-single-product-tab-horizontal","13":"top-store-shadow-","14":"top-store-shadow-hover-","16":"first","17":"instock","18":"taxable","19":"shipping-taxable","20":"purchasable","21":"product-type-simple"},"_links":{"self":[{"href":"https:\/\/trinitixshop.de\/fi\/wp-json\/wp\/v2\/product\/2578","targetHints":{"allow":["GET"]}}],"collection":[{"href":"https:\/\/trinitixshop.de\/fi\/wp-json\/wp\/v2\/product"}],"about":[{"href":"https:\/\/trinitixshop.de\/fi\/wp-json\/wp\/v2\/types\/product"}],"replies":[{"embeddable":true,"href":"https:\/\/trinitixshop.de\/fi\/wp-json\/wp\/v2\/comments?post=2578"}],"wp:featuredmedia":[{"embeddable":true,"href":"https:\/\/trinitixshop.de\/fi\/wp-json\/wp\/v2\/media\/2723"}],"wp:attachment":[{"href":"https:\/\/trinitixshop.de\/fi\/wp-json\/wp\/v2\/media?parent=2578"}],"wp:term":[{"taxonomy":"product_brand","embeddable":true,"href":"https:\/\/trinitixshop.de\/fi\/wp-json\/wp\/v2\/product_brand?post=2578"},{"taxonomy":"product_cat","embeddable":true,"href":"https:\/\/trinitixshop.de\/fi\/wp-json\/wp\/v2\/product_cat?post=2578"},{"taxonomy":"product_tag","embeddable":true,"href":"https:\/\/trinitixshop.de\/fi\/wp-json\/wp\/v2\/product_tag?post=2578"}],"curies":[{"name":"wp","href":"https:\/\/api.w.org\/{rel}","templated":true}]}}