{"id":2580,"date":"2023-06-16T13:34:23","date_gmt":"2023-06-16T11:34:23","guid":{"rendered":"https:\/\/trinitixshop.de\/?post_type=product&#038;p=2580"},"modified":"2023-06-28T12:10:28","modified_gmt":"2023-06-28T10:10:28","slug":"hieno-kumikaulakoru-magneettiriipuksella-musta-xl-xxl-1016","status":"publish","type":"product","link":"https:\/\/trinitixshop.de\/fi\/produkt\/edle-kautschukkette-mit-magnetanhaenger-schwarz-xl-xxl-1016\/","title":{"rendered":"Tyylik\u00e4s kumikaulakoru magneettiriipuksella musta XL\/XXL # 1016"},"content":{"rendered":"","protected":false},"excerpt":{"rendered":"<p>Tyylik\u00e4s kumikaulakoru magneettiriipuksella # 419<br \/>\n(Ruostumaton ter\u00e4s, sile\u00e4 \/ hopea, kiillotettu, koko: 14 x 7 mm.) Neutraali, kaiverrettavissa.<br \/>\nKetjuun voidaan kiinnitt\u00e4\u00e4 riipuksia ja kuutioita.<br \/>\n\u00f8 noin 4,9 mm. S\u00e4\u00e4dett\u00e4v\u00e4 pituus 41-50 cm.<br \/>\nIlman sy\u00f6p\u00e4\u00e4 aiheuttavia pehmittimi\u00e4!<br \/>\nNeodyymimagneetti-insertit, joissa on noin 1200 gaussia.<br \/>\nRuostumatonta ter\u00e4st\u00e4, ei sis\u00e4ll\u00e4 kadmiumia, nikkeli\u00e4 eik\u00e4 lyijy\u00e4. Allergiaton.<br \/>\nMustassa v\u00e4riss\u00e4 oleva kumikaulakoru on erityisen sopiva h\u00e4nelle ja h\u00e4nelle.<br \/>\nKaulakoru sopii my\u00f6s t\u00e4ydellisesti mink\u00e4 tahansa kaulan ymp\u00e4rille joustavan kaksinkertaisen kokonsa ansiosta, ja se on eritt\u00e4in helppo kiinnitt\u00e4\u00e4 modernilla ruostumattomasta ter\u00e4ksest\u00e4 valmistetulla lukolla.<br \/>\nKumikaulakoru voidaan yhdist\u00e4\u00e4 t\u00e4ydellisesti riipusten kanssa, ja se on aina ihana lahjaidea h\u00e4nelle ja h\u00e4nelle. Ruostumattomasta ter\u00e4ksest\u00e4 valmistetulla lukolla.<br \/>\nYksinkertainen muotoilu miehille ja naisille.<\/p>","protected":false},"featured_media":2775,"comment_status":"open","ping_status":"closed","template":"","meta":[],"product_brand":[],"product_cat":[17,21],"product_tag":[25],"class_list":{"0":"post-2580","1":"product","2":"type-product","3":"status-publish","4":"has-post-thumbnail","6":"product_cat-alle-produkte","7":"product_cat-halsketten","8":"product_tag-t-prime","9":"thunk-woo-product-list","10":"opn-qv-enable","11":"top-store-woo-hover-zoom","12":"top-store-single-product-tab-horizontal","13":"top-store-shadow-","14":"top-store-shadow-hover-","16":"first","17":"instock","18":"taxable","19":"shipping-taxable","20":"purchasable","21":"product-type-variable"},"_links":{"self":[{"href":"https:\/\/trinitixshop.de\/fi\/wp-json\/wp\/v2\/product\/2580","targetHints":{"allow":["GET"]}}],"collection":[{"href":"https:\/\/trinitixshop.de\/fi\/wp-json\/wp\/v2\/product"}],"about":[{"href":"https:\/\/trinitixshop.de\/fi\/wp-json\/wp\/v2\/types\/product"}],"replies":[{"embeddable":true,"href":"https:\/\/trinitixshop.de\/fi\/wp-json\/wp\/v2\/comments?post=2580"}],"wp:featuredmedia":[{"embeddable":true,"href":"https:\/\/trinitixshop.de\/fi\/wp-json\/wp\/v2\/media\/2775"}],"wp:attachment":[{"href":"https:\/\/trinitixshop.de\/fi\/wp-json\/wp\/v2\/media?parent=2580"}],"wp:term":[{"taxonomy":"product_brand","embeddable":true,"href":"https:\/\/trinitixshop.de\/fi\/wp-json\/wp\/v2\/product_brand?post=2580"},{"taxonomy":"product_cat","embeddable":true,"href":"https:\/\/trinitixshop.de\/fi\/wp-json\/wp\/v2\/product_cat?post=2580"},{"taxonomy":"product_tag","embeddable":true,"href":"https:\/\/trinitixshop.de\/fi\/wp-json\/wp\/v2\/product_tag?post=2580"}],"curies":[{"name":"wp","href":"https:\/\/api.w.org\/{rel}","templated":true}]}}