{"id":2581,"date":"2023-06-16T13:34:23","date_gmt":"2023-06-16T11:34:23","guid":{"rendered":"https:\/\/trinitixshop.de\/?post_type=product&#038;p=2581"},"modified":"2023-06-28T10:40:45","modified_gmt":"2023-06-28T08:40:45","slug":"sydaen-coracao-magneettinen-koru-ketju-riipus-filigraani-hopea","status":"publish","type":"product","link":"https:\/\/trinitixshop.de\/fi\/produkt\/herz-coracao-magnetschmuck-kettenanhaenger-filigran-silber\/","title":{"rendered":"Syd\u00e4n Coracao magneettinen koru riipus filigraani hopea"},"content":{"rendered":"<p>CH105300T<\/p>","protected":false},"excerpt":{"rendered":"<p>Magneettinen koruripustin, eritt\u00e4in kiillotettu. Filigraania ja litte\u00e4\u00e4 ty\u00f6t\u00e4.<br \/>\n+\/- 21,5 x 14 x 1,5 mm.<br \/>\nIhanteellinen my\u00f6s lapsille ja nuorille.<br \/>\nVoidaan yhdist\u00e4\u00e4 sarjana magneettikorujen korvanappien #1053P kanssa.<br \/>\nSis\u00e4lt\u00e4\u00e4 ilmaisen lis\u00e4yksen ruostumattomasta ter\u00e4ksest\u00e4 valmistettuun kaulakoruun, joka on yleisk\u00e4ytt\u00f6inen 45 cm:iin asti ja jossa on hummerilukko.<br \/>\nLaadukas ruostumaton ter\u00e4s, kiillotettu, hypoallergeeninen, nikkeli- ja allergiavapaa.<br \/>\nNeodyymimagneetti, jossa on n. 1200 gaussia.<\/p>","protected":false},"featured_media":2726,"comment_status":"open","ping_status":"closed","template":"","meta":[],"product_brand":[],"product_cat":[17,21],"product_tag":[24],"class_list":{"0":"post-2581","1":"product","2":"type-product","3":"status-publish","4":"has-post-thumbnail","6":"product_cat-alle-produkte","7":"product_cat-halsketten","8":"product_tag-jungbrunn","9":"thunk-woo-product-list","10":"opn-qv-enable","11":"top-store-woo-hover-zoom","12":"top-store-single-product-tab-horizontal","13":"top-store-shadow-","14":"top-store-shadow-hover-","16":"first","17":"instock","18":"sale","19":"taxable","20":"shipping-taxable","21":"purchasable","22":"product-type-simple"},"_links":{"self":[{"href":"https:\/\/trinitixshop.de\/fi\/wp-json\/wp\/v2\/product\/2581","targetHints":{"allow":["GET"]}}],"collection":[{"href":"https:\/\/trinitixshop.de\/fi\/wp-json\/wp\/v2\/product"}],"about":[{"href":"https:\/\/trinitixshop.de\/fi\/wp-json\/wp\/v2\/types\/product"}],"replies":[{"embeddable":true,"href":"https:\/\/trinitixshop.de\/fi\/wp-json\/wp\/v2\/comments?post=2581"}],"wp:featuredmedia":[{"embeddable":true,"href":"https:\/\/trinitixshop.de\/fi\/wp-json\/wp\/v2\/media\/2726"}],"wp:attachment":[{"href":"https:\/\/trinitixshop.de\/fi\/wp-json\/wp\/v2\/media?parent=2581"}],"wp:term":[{"taxonomy":"product_brand","embeddable":true,"href":"https:\/\/trinitixshop.de\/fi\/wp-json\/wp\/v2\/product_brand?post=2581"},{"taxonomy":"product_cat","embeddable":true,"href":"https:\/\/trinitixshop.de\/fi\/wp-json\/wp\/v2\/product_cat?post=2581"},{"taxonomy":"product_tag","embeddable":true,"href":"https:\/\/trinitixshop.de\/fi\/wp-json\/wp\/v2\/product_tag?post=2581"}],"curies":[{"name":"wp","href":"https:\/\/api.w.org\/{rel}","templated":true}]}}