{"id":2583,"date":"2023-06-16T13:34:23","date_gmt":"2023-06-16T11:34:23","guid":{"rendered":"https:\/\/trinitixshop.de\/?post_type=product&#038;p=2583"},"modified":"2023-06-28T10:16:45","modified_gmt":"2023-06-28T08:16:45","slug":"power-heart-hopea-swarovski-kristalleilla-kaulakoru-1177","status":"publish","type":"product","link":"https:\/\/trinitixshop.de\/fi\/produkt\/power-herz-silber-mit-swarovski-crystals-kette-1177\/","title":{"rendered":"Voimasyd\u00e4n hopea Swarovski-kristalleilla + ketju # 1177"},"content":{"rendered":"<p>CH117700T<\/p>","protected":false},"excerpt":{"rendered":"<p>Tuo asuusi kimallusta.<br \/>\nEp\u00e4tavallinen magneettinen syd\u00e4nriipus, ilman ketjua.<br \/>\nUni \/ hopea, jossa on 3 aitoa kuohuvaa Swarovski-kristallia \"best shining Elements\".<br \/>\nRuostumaton ter\u00e4s kaiverrettavissa. Kiillotettu. Noin 18 x 21 mm. Silmukka ketjulle \u00d8 n. 5 mm.<br \/>\nT\u00e4m\u00e4 syd\u00e4menmuotoinen magneettiriipus on ajaton, yksinkertainen koru, joka sopii aina.<br \/>\nUnisex-muotoilu sopii sek\u00e4 miehelle ett\u00e4 naiselle. Yhdistettyn\u00e4<br \/>\n# 447 -syd\u00e4nranneke on erityisen tehokas.<br \/>\nKoe selke\u00e4t muodot ja klassinen muotoilu joka tilanteeseen.<br \/>\nLaadukas ruostumaton ter\u00e4s, kiillotettu, hypoallergeeninen, nikkeli- ja allergiavapaa.<br \/>\nNeodyymimagneettisis\u00e4ke, jossa on noin 1200 gaussia.<\/p>","protected":false},"featured_media":2710,"comment_status":"open","ping_status":"closed","template":"","meta":[],"product_brand":[],"product_cat":[17,21],"product_tag":[24],"class_list":{"0":"post-2583","1":"product","2":"type-product","3":"status-publish","4":"has-post-thumbnail","6":"product_cat-alle-produkte","7":"product_cat-halsketten","8":"product_tag-jungbrunn","9":"thunk-woo-product-list","10":"opn-qv-enable","11":"top-store-woo-hover-zoom","12":"top-store-single-product-tab-horizontal","13":"top-store-shadow-","14":"top-store-shadow-hover-","16":"first","17":"instock","18":"sale","19":"taxable","20":"shipping-taxable","21":"purchasable","22":"product-type-simple"},"_links":{"self":[{"href":"https:\/\/trinitixshop.de\/fi\/wp-json\/wp\/v2\/product\/2583","targetHints":{"allow":["GET"]}}],"collection":[{"href":"https:\/\/trinitixshop.de\/fi\/wp-json\/wp\/v2\/product"}],"about":[{"href":"https:\/\/trinitixshop.de\/fi\/wp-json\/wp\/v2\/types\/product"}],"replies":[{"embeddable":true,"href":"https:\/\/trinitixshop.de\/fi\/wp-json\/wp\/v2\/comments?post=2583"}],"wp:featuredmedia":[{"embeddable":true,"href":"https:\/\/trinitixshop.de\/fi\/wp-json\/wp\/v2\/media\/2710"}],"wp:attachment":[{"href":"https:\/\/trinitixshop.de\/fi\/wp-json\/wp\/v2\/media?parent=2583"}],"wp:term":[{"taxonomy":"product_brand","embeddable":true,"href":"https:\/\/trinitixshop.de\/fi\/wp-json\/wp\/v2\/product_brand?post=2583"},{"taxonomy":"product_cat","embeddable":true,"href":"https:\/\/trinitixshop.de\/fi\/wp-json\/wp\/v2\/product_cat?post=2583"},{"taxonomy":"product_tag","embeddable":true,"href":"https:\/\/trinitixshop.de\/fi\/wp-json\/wp\/v2\/product_tag?post=2583"}],"curies":[{"name":"wp","href":"https:\/\/api.w.org\/{rel}","templated":true}]}}