{"id":2584,"date":"2023-06-16T13:34:23","date_gmt":"2023-06-16T11:34:23","guid":{"rendered":"https:\/\/trinitixshop.de\/?post_type=product&#038;p=2584"},"modified":"2025-03-25T20:49:16","modified_gmt":"2025-03-25T19:49:16","slug":"suunnittelija-voima-sydaen-kaulakoru-hopea-3-swarovski-kiteet","status":"publish","type":"product","link":"https:\/\/trinitixshop.de\/fi\/produkt\/designer-power-herz-kette-silber-mit-3-swarovski-crystals\/","title":{"rendered":"Designer Power Herz Kette silber mit 3 Swarovski Crystals # 1180"},"content":{"rendered":"<p>CH118000T<\/p>","protected":false},"excerpt":{"rendered":"<p>Lis\u00e4\u00e4 kimallusta asuusi: suunnittelija magneettinen syd\u00e4nriipus<br \/>\nUni \/ hopea, jossa on 3 aitoa kuohuvaa Swarovski-kristallia \"best shining Elements\".<br \/>\nKaiverrettava ruostumaton ter\u00e4s. Kiillotettu, n. 18 x 21 mm.<br \/>\nEksklusiivinen ja tyylik\u00e4s. Alessin syd\u00e4men muotoilun innoittamana. Ihanan py\u00f6ristetty pinta.<br \/>\nSetti, jossa on ruostumattomasta ter\u00e4ksest\u00e4 valmistettu lenkkikaulakoru, \u00f8 n. 1,5 mm, yksiv\u00e4rinen \/ hopea.<br \/>\nKetjun pituutta voidaan helposti vaihdella.<br \/>\nKetjun pituus: 40,5-52 cm. Materiaali: ruostumaton ter\u00e4s, nikkeliallergiaton.<br \/>\nV\u00e4ri: hopea. Hummerilukko.<br \/>\nT\u00e4m\u00e4 syd\u00e4menmuotoinen magneettikaulakoru on ajaton, yksinkertainen koru, joka sopii aina. Unisex-muotoilu sopii sek\u00e4 miehelle ett\u00e4 naiselle.<br \/>\nSe on erityisen tehokas yhdistettyn\u00e4 # 447 syd\u00e4nrannekkeen kanssa . Koe selke\u00e4t muodot ja klassinen muotoilu jokaiseen tilaisuuteen.<br \/>\nKaunis magneettinen koru edustaa keveytt\u00e4, energiaa ja eleganssia!<br \/>\nJokaisessa korussamme on laadukkaat ja tehokkaat neodyymimagneetit.<br \/>\nLaadukas ruostumaton ter\u00e4s, kiillotettu, hypoallergeeninen, nikkeli- ja allergiavapaa.<br \/>\nNeodyymimagneettisis\u00e4ke, jossa on noin 1200 gaussia.<\/p>","protected":false},"featured_media":2716,"comment_status":"open","ping_status":"closed","template":"","meta":[],"product_brand":[],"product_cat":[17,21],"product_tag":[25],"class_list":{"0":"post-2584","1":"product","2":"type-product","3":"status-publish","4":"has-post-thumbnail","6":"product_cat-alle-produkte","7":"product_cat-halsketten","8":"product_tag-t-prime","9":"thunk-woo-product-list","10":"opn-qv-enable","11":"top-store-woo-hover-zoom","12":"top-store-single-product-tab-horizontal","13":"top-store-shadow-","14":"top-store-shadow-hover-","16":"first","17":"instock","18":"sale","19":"taxable","20":"shipping-taxable","21":"purchasable","22":"product-type-simple"},"_links":{"self":[{"href":"https:\/\/trinitixshop.de\/fi\/wp-json\/wp\/v2\/product\/2584","targetHints":{"allow":["GET"]}}],"collection":[{"href":"https:\/\/trinitixshop.de\/fi\/wp-json\/wp\/v2\/product"}],"about":[{"href":"https:\/\/trinitixshop.de\/fi\/wp-json\/wp\/v2\/types\/product"}],"replies":[{"embeddable":true,"href":"https:\/\/trinitixshop.de\/fi\/wp-json\/wp\/v2\/comments?post=2584"}],"wp:featuredmedia":[{"embeddable":true,"href":"https:\/\/trinitixshop.de\/fi\/wp-json\/wp\/v2\/media\/2716"}],"wp:attachment":[{"href":"https:\/\/trinitixshop.de\/fi\/wp-json\/wp\/v2\/media?parent=2584"}],"wp:term":[{"taxonomy":"product_brand","embeddable":true,"href":"https:\/\/trinitixshop.de\/fi\/wp-json\/wp\/v2\/product_brand?post=2584"},{"taxonomy":"product_cat","embeddable":true,"href":"https:\/\/trinitixshop.de\/fi\/wp-json\/wp\/v2\/product_cat?post=2584"},{"taxonomy":"product_tag","embeddable":true,"href":"https:\/\/trinitixshop.de\/fi\/wp-json\/wp\/v2\/product_tag?post=2584"}],"curies":[{"name":"wp","href":"https:\/\/api.w.org\/{rel}","templated":true}]}}