{"id":2591,"date":"2023-06-16T13:34:24","date_gmt":"2023-06-16T11:34:24","guid":{"rendered":"https:\/\/trinitixshop.de\/?post_type=product&#038;p=2591"},"modified":"2025-06-11T15:34:40","modified_gmt":"2025-06-11T13:34:40","slug":"etana-magneetti-riipus-ketjulla-hopea-swarovski-kristallilla","status":"publish","type":"product","link":"https:\/\/trinitixshop.de\/fi\/produkt\/schnecke-magnet-anhaenger-mit-kette-silber-swarovski-crystal\/","title":{"rendered":"Schnecke Magnet Anh\u00e4nger mit Kette silber + Swarovski Crystal # 1247"},"content":{"rendered":"<p>CH124700T<\/p>","protected":false},"excerpt":{"rendered":"<p>Magneettiriipus - etana - n. 19 x 22 x 3 mm, hopea \/ harjattu.<br \/>\nLaadukkaasti leikattu alkuper\u00e4inen Swarovskin kristalli. Toimitetaan ruostumattomasta ter\u00e4ksest\u00e4 valmistetulla k\u00e4\u00e4rmeketjulla, jossa on hummerilukko.<br \/>\nKetjun pituus yksil\u00f6llisesti n. 40 - 50 cm.<br \/>\nSymboli Merkitys huomaavaisuus, herkkyys (hienot antennit), varovaisuus, herkkyys, taipumus vet\u00e4yty\u00e4 (\"vet\u00e4yty\u00e4 kuoreensa\").<br \/>\nEtana on kuun symboli. T\u00e4ss\u00e4 mieless\u00e4 se on my\u00f6s jatkuvan uudistumisen ja yl\u00f6snousemuksen symboli.<br \/>\nPieni ? mutta hohdokas.<br \/>\nKimaltava magneettiriipus, jossa on aito Swarovski-kristallielementti, tuo hymyn kasvoillesi. Riipus on erityisen tehokas yhdistettyn\u00e4 t\u00e4h\u00e4n yksinkertaiseen ruostumattomasta ter\u00e4ksest\u00e4 valmistettuun k\u00e4\u00e4rmeketjuun. Swarovski-kristallin kimallus, magneetin voima ja ihoyst\u00e4v\u00e4llinen ruostumaton ter\u00e4s takaavat, ettet en\u00e4\u00e4 koskaan halua ottaa t\u00e4t\u00e4 korua pois.<br \/>\nLaadukas ruostumaton ter\u00e4s, kiillotettu, hypoallergeeninen, nikkeli- ja allergiavapaa.<\/p>","protected":false},"featured_media":2703,"comment_status":"open","ping_status":"closed","template":"","meta":[],"product_brand":[],"product_cat":[17,21],"product_tag":[24],"class_list":{"0":"post-2591","1":"product","2":"type-product","3":"status-publish","4":"has-post-thumbnail","6":"product_cat-alle-produkte","7":"product_cat-halsketten","8":"product_tag-jungbrunn","9":"thunk-woo-product-list","10":"opn-qv-enable","11":"top-store-woo-hover-zoom","12":"top-store-single-product-tab-horizontal","13":"top-store-shadow-","14":"top-store-shadow-hover-","16":"first","17":"instock","18":"taxable","19":"shipping-taxable","20":"purchasable","21":"product-type-simple"},"_links":{"self":[{"href":"https:\/\/trinitixshop.de\/fi\/wp-json\/wp\/v2\/product\/2591","targetHints":{"allow":["GET"]}}],"collection":[{"href":"https:\/\/trinitixshop.de\/fi\/wp-json\/wp\/v2\/product"}],"about":[{"href":"https:\/\/trinitixshop.de\/fi\/wp-json\/wp\/v2\/types\/product"}],"replies":[{"embeddable":true,"href":"https:\/\/trinitixshop.de\/fi\/wp-json\/wp\/v2\/comments?post=2591"}],"wp:featuredmedia":[{"embeddable":true,"href":"https:\/\/trinitixshop.de\/fi\/wp-json\/wp\/v2\/media\/2703"}],"wp:attachment":[{"href":"https:\/\/trinitixshop.de\/fi\/wp-json\/wp\/v2\/media?parent=2591"}],"wp:term":[{"taxonomy":"product_brand","embeddable":true,"href":"https:\/\/trinitixshop.de\/fi\/wp-json\/wp\/v2\/product_brand?post=2591"},{"taxonomy":"product_cat","embeddable":true,"href":"https:\/\/trinitixshop.de\/fi\/wp-json\/wp\/v2\/product_cat?post=2591"},{"taxonomy":"product_tag","embeddable":true,"href":"https:\/\/trinitixshop.de\/fi\/wp-json\/wp\/v2\/product_tag?post=2591"}],"curies":[{"name":"wp","href":"https:\/\/api.w.org\/{rel}","templated":true}]}}