{"id":2595,"date":"2023-06-16T13:34:24","date_gmt":"2023-06-16T11:34:24","guid":{"rendered":"https:\/\/trinitixshop.de\/?post_type=product&#038;p=2595"},"modified":"2023-06-26T15:44:11","modified_gmt":"2023-06-26T13:44:11","slug":"sydaemen-avain-rakkauden-magneettinen-koru-kaulakoru-swarovski-kristalleilla","status":"publish","type":"product","link":"https:\/\/trinitixshop.de\/fi\/produkt\/herz-schluessel-der-liebe-magnetschmuck-kette-mit-swarovski-crystals\/","title":{"rendered":"Syd\u00e4n - Rakkauden avain - Magneettikoru kaulakoru Swarovski-kristalleilla"},"content":{"rendered":"<p>CH153900T<\/p>","protected":false},"excerpt":{"rendered":"<p>Magneettiketjun riipus - Schl\u00fcssel der Liebe \/ Rakkauden avain -<br \/>\nalkuper\u00e4isill\u00e4 Swarowski-kiteill\u00e4.<br \/>\nPituus n. 5,5 cm \/ leveys n. 3 cm. Eritt\u00e4in kiillotettu. K\u00e4sity\u00f6n\u00e4 valmistettuja uniikkeja kappaleita.<br \/>\nMukana ilmainen ruostumattomasta ter\u00e4ksest\u00e4 valmistettu ketju hummerilukolla (n. 39 - 50 cm).<br \/>\nMagneettinen riipus on eksklusiivinen katseenvangitsija, ja sit\u00e4 voidaan k\u00e4ytt\u00e4\u00e4 my\u00f6s mink\u00e4 tahansa muun ketjun kanssa.<br \/>\nPuhdasta eleganssia - n\u00e4in voidaan kuvata t\u00e4t\u00e4 ihanaa korua muutamalla sanalla: Ruostumattomasta ter\u00e4ksest\u00e4 valmistettu syd\u00e4navain magneettiriipus symboloi rakkautta.<br \/>\nLaadukas ruostumaton ter\u00e4s, kiillotettu, hypoallergeeninen, nikkeli- ja allergiavapaa.<br \/>\nNeodyymimagneettisis\u00e4ke, jossa on noin 1200 gaussia.<\/p>","protected":false},"featured_media":2706,"comment_status":"open","ping_status":"closed","template":"","meta":[],"product_brand":[],"product_cat":[17,21],"product_tag":[28],"class_list":{"0":"post-2595","1":"product","2":"type-product","3":"status-publish","4":"has-post-thumbnail","6":"product_cat-alle-produkte","7":"product_cat-halsketten","8":"product_tag-kurfuerst","9":"thunk-woo-product-list","10":"opn-qv-enable","11":"top-store-woo-hover-zoom","12":"top-store-single-product-tab-horizontal","13":"top-store-shadow-","14":"top-store-shadow-hover-","16":"first","17":"instock","18":"taxable","19":"shipping-taxable","20":"purchasable","21":"product-type-simple"},"_links":{"self":[{"href":"https:\/\/trinitixshop.de\/fi\/wp-json\/wp\/v2\/product\/2595","targetHints":{"allow":["GET"]}}],"collection":[{"href":"https:\/\/trinitixshop.de\/fi\/wp-json\/wp\/v2\/product"}],"about":[{"href":"https:\/\/trinitixshop.de\/fi\/wp-json\/wp\/v2\/types\/product"}],"replies":[{"embeddable":true,"href":"https:\/\/trinitixshop.de\/fi\/wp-json\/wp\/v2\/comments?post=2595"}],"wp:featuredmedia":[{"embeddable":true,"href":"https:\/\/trinitixshop.de\/fi\/wp-json\/wp\/v2\/media\/2706"}],"wp:attachment":[{"href":"https:\/\/trinitixshop.de\/fi\/wp-json\/wp\/v2\/media?parent=2595"}],"wp:term":[{"taxonomy":"product_brand","embeddable":true,"href":"https:\/\/trinitixshop.de\/fi\/wp-json\/wp\/v2\/product_brand?post=2595"},{"taxonomy":"product_cat","embeddable":true,"href":"https:\/\/trinitixshop.de\/fi\/wp-json\/wp\/v2\/product_cat?post=2595"},{"taxonomy":"product_tag","embeddable":true,"href":"https:\/\/trinitixshop.de\/fi\/wp-json\/wp\/v2\/product_tag?post=2595"}],"curies":[{"name":"wp","href":"https:\/\/api.w.org\/{rel}","templated":true}]}}