{"id":2596,"date":"2023-06-16T13:34:27","date_gmt":"2023-06-16T11:34:27","guid":{"rendered":"https:\/\/trinitixshop.de\/?post_type=product&#038;p=2596"},"modified":"2025-12-03T11:53:22","modified_gmt":"2025-12-03T10:53:22","slug":"apilanlehti-kaulakoru-sininen-ja-swarovski-kristalli-sydaemen-muotoinen","status":"publish","type":"product","link":"https:\/\/trinitixshop.de\/fi\/produkt\/kleeblatt-kette-blau-mit-swarovski-crystal-in-herzform\/","title":{"rendered":"Kleeblatt Kette Aquamarine mit Swarovski Crystal in Herzform # 1646 blau"},"content":{"rendered":"<p>CH164601T<\/p>","protected":false},"excerpt":{"rendered":"<p>K\u00e4sintehtyj\u00e4 uniikkeja kappaleita ! Magneetti riipus apilanlehti \/ onnen apila - Royal Aquamarine sininen<br \/>\n- Swarovskin tansaniittikristalli syd\u00e4men muotoinen. Noin 2,2 x 2,6 cm. Eritt\u00e4in kiillotettu.<br \/>\nMukana ilmainen ruostumattomasta ter\u00e4ksest\u00e4 valmistettu ketju hummerilukolla (n. 50 cm).<br \/>\nMagneettinen riipus on katseenvangitsija, ja sit\u00e4 voi k\u00e4ytt\u00e4\u00e4 my\u00f6s mink\u00e4 tahansa muun ketjun kanssa.<br \/>\nNelilehtisen apilan merkitys hyv\u00e4n onnen symbolina juontaa juurensa legendaan, jonka mukaan Eeva vei sen mukanaan ihmisten maailmaan muistutukseksi siit\u00e4, ett\u00e4 h\u00e4net heitettiin ulos paratiisista. Uskomus siit\u00e4, ett\u00e4 neliapila tuo onnea ja vaurautta, juontaa juurensa oletettavasti t\u00e4st\u00e4 perinteest\u00e4. Tavallisesti apilalla on kolme lehte\u00e4, mutta nelilehtiset apilat ovat harvinaisia, eik\u00e4 niit\u00e4 siksi ole helppo havaita.<br \/>\nLaadukas ruostumaton ter\u00e4s, kiillotettu, hypoallergeeninen, nikkeli- ja allergiavapaa.<br \/>\nNeodyymimagneettisis\u00e4ke, jossa on noin 1200 gaussia.<\/p>","protected":false},"featured_media":2694,"comment_status":"open","ping_status":"closed","template":"","meta":[],"product_brand":[],"product_cat":[17,21],"product_tag":[26],"class_list":{"0":"post-2596","1":"product","2":"type-product","3":"status-publish","4":"has-post-thumbnail","6":"product_cat-alle-produkte","7":"product_cat-halsketten","8":"product_tag-paja","9":"thunk-woo-product-list","10":"opn-qv-enable","11":"top-store-woo-hover-zoom","12":"top-store-single-product-tab-horizontal","13":"top-store-shadow-","14":"top-store-shadow-hover-","16":"first","17":"instock","18":"sale","19":"taxable","20":"shipping-taxable","21":"purchasable","22":"product-type-simple"},"_links":{"self":[{"href":"https:\/\/trinitixshop.de\/fi\/wp-json\/wp\/v2\/product\/2596","targetHints":{"allow":["GET"]}}],"collection":[{"href":"https:\/\/trinitixshop.de\/fi\/wp-json\/wp\/v2\/product"}],"about":[{"href":"https:\/\/trinitixshop.de\/fi\/wp-json\/wp\/v2\/types\/product"}],"replies":[{"embeddable":true,"href":"https:\/\/trinitixshop.de\/fi\/wp-json\/wp\/v2\/comments?post=2596"}],"wp:featuredmedia":[{"embeddable":true,"href":"https:\/\/trinitixshop.de\/fi\/wp-json\/wp\/v2\/media\/2694"}],"wp:attachment":[{"href":"https:\/\/trinitixshop.de\/fi\/wp-json\/wp\/v2\/media?parent=2596"}],"wp:term":[{"taxonomy":"product_brand","embeddable":true,"href":"https:\/\/trinitixshop.de\/fi\/wp-json\/wp\/v2\/product_brand?post=2596"},{"taxonomy":"product_cat","embeddable":true,"href":"https:\/\/trinitixshop.de\/fi\/wp-json\/wp\/v2\/product_cat?post=2596"},{"taxonomy":"product_tag","embeddable":true,"href":"https:\/\/trinitixshop.de\/fi\/wp-json\/wp\/v2\/product_tag?post=2596"}],"curies":[{"name":"wp","href":"https:\/\/api.w.org\/{rel}","templated":true}]}}