{"id":2598,"date":"2023-06-16T13:34:27","date_gmt":"2023-06-16T11:34:27","guid":{"rendered":"https:\/\/trinitixshop.de\/?post_type=product&#038;p=2598"},"modified":"2025-06-11T15:34:57","modified_gmt":"2025-06-11T13:34:57","slug":"enkelin-siivet-suojelusenkeli-onnea-charmia-magneettinen-koru-kaulakoru-hopea","status":"publish","type":"product","link":"https:\/\/trinitixshop.de\/fi\/produkt\/engelsfluegel-schutzengel-gluecksbringer-magnetschmuck-kette-silber\/","title":{"rendered":"Engelsfl\u00fcgel Schutzengel Gl\u00fccksbringer Magnetschmuck Kette silber # 1749"},"content":{"rendered":"<p>CH174900T<\/p>","protected":false},"excerpt":{"rendered":"<p>Oma henkil\u00f6kohtainen suojelusenkelisi, merkityksellinen talismaani ja tyylik\u00e4s onnenamuletti jokaiseen p\u00e4iv\u00e4\u00e4n.<br \/>\nAnna suojelusenkelillesi merkki ? t\u00e4m\u00e4n yksityiskohtaisesti muotoillun, el\u00e4v\u00e4n n\u00e4k\u00f6isen siiven avulla.<br \/>\nSiiven yksitt\u00e4iset h\u00f6yhenet n\u00e4ytt\u00e4v\u00e4t uskomattoman luonnollisilta ja tekev\u00e4t symbolisesta riipuksesta rakastetun asusteen.<br \/>\nK\u00e4ytitp\u00e4 sit\u00e4 sitten rennosti nahkahihnassa tai hienoon ketjuun ripustettuna, se n\u00e4yttelee mielell\u00e4\u00e4n johtavaa roolia el\u00e4m\u00e4ss\u00e4si.<br \/>\nAinutlaatuinen koru, jossa on kiinnitetty paljon huomiota yksityiskohtiin. Herkk\u00e4 koru, joka on valmistettu k\u00e4sin ja tarkasti. Modernia muotoilua laadukkaissa koruissa.<br \/>\nNoin 2 x 5 cm .<br \/>\nMukana ilmainen ruostumattomasta ter\u00e4ksest\u00e4 valmistettu ketju hummerilukolla (n. 46-54 cm).<br \/>\nKauniit \"enkelin siivet\" -magneettikorut symboloivat rauhaa, onnea ja henkisyytt\u00e4.<br \/>\nJokaisessa korussamme on laadukkaat ja tehokkaat neodyymimagneetit.<br \/>\nLaadukas ruostumaton ter\u00e4s, kiillotettu, hypoallergeeninen, nikkeli- ja allergiavapaa.<br \/>\nNeodyymimagneettisis\u00e4ke, jossa on noin 1200 gaussia.<\/p>","protected":false},"featured_media":2676,"comment_status":"open","ping_status":"closed","template":"","meta":[],"product_brand":[],"product_cat":[17,21],"product_tag":[26],"class_list":{"0":"post-2598","1":"product","2":"type-product","3":"status-publish","4":"has-post-thumbnail","6":"product_cat-alle-produkte","7":"product_cat-halsketten","8":"product_tag-paja","9":"thunk-woo-product-list","10":"opn-qv-enable","11":"top-store-woo-hover-zoom","12":"top-store-single-product-tab-horizontal","13":"top-store-shadow-","14":"top-store-shadow-hover-","16":"first","17":"instock","18":"taxable","19":"shipping-taxable","20":"purchasable","21":"product-type-simple"},"_links":{"self":[{"href":"https:\/\/trinitixshop.de\/fi\/wp-json\/wp\/v2\/product\/2598","targetHints":{"allow":["GET"]}}],"collection":[{"href":"https:\/\/trinitixshop.de\/fi\/wp-json\/wp\/v2\/product"}],"about":[{"href":"https:\/\/trinitixshop.de\/fi\/wp-json\/wp\/v2\/types\/product"}],"replies":[{"embeddable":true,"href":"https:\/\/trinitixshop.de\/fi\/wp-json\/wp\/v2\/comments?post=2598"}],"wp:featuredmedia":[{"embeddable":true,"href":"https:\/\/trinitixshop.de\/fi\/wp-json\/wp\/v2\/media\/2676"}],"wp:attachment":[{"href":"https:\/\/trinitixshop.de\/fi\/wp-json\/wp\/v2\/media?parent=2598"}],"wp:term":[{"taxonomy":"product_brand","embeddable":true,"href":"https:\/\/trinitixshop.de\/fi\/wp-json\/wp\/v2\/product_brand?post=2598"},{"taxonomy":"product_cat","embeddable":true,"href":"https:\/\/trinitixshop.de\/fi\/wp-json\/wp\/v2\/product_cat?post=2598"},{"taxonomy":"product_tag","embeddable":true,"href":"https:\/\/trinitixshop.de\/fi\/wp-json\/wp\/v2\/product_tag?post=2598"}],"curies":[{"name":"wp","href":"https:\/\/api.w.org\/{rel}","templated":true}]}}