{"id":2599,"date":"2023-06-16T13:34:27","date_gmt":"2023-06-16T11:34:27","guid":{"rendered":"https:\/\/trinitixshop.de\/?post_type=product&#038;p=2599"},"modified":"2023-11-17T13:26:53","modified_gmt":"2023-11-17T12:26:53","slug":"puolikuu-vintage-amuletti-emali-suunnittelu-tekstiili-ketjuun","status":"publish","type":"product","link":"https:\/\/trinitixshop.de\/fi\/produkt\/halbmond-vintage-amulett-emaille-design-mit-textilkette\/","title":{"rendered":"Kuunsirppi vintage amuletti emali suunnittelu tekstiili ketjuun"},"content":{"rendered":"<p>CH195100T<\/p>","protected":false},"excerpt":{"rendered":"<p>K\u00e4sintehtyj\u00e4 uniikkeja kappaleita!<br \/>\nHalf Moon amuletti vintage design emali magneettinen koru riipus.<br \/>\nKuunsirppi tekstiiliketjulla, k\u00e4sintehty. Leveys: n. 49 mm, korkeus: n. 35 mm,<br \/>\nPaksuus: noin 3 mm. Tekstiilinaru (n. 90 cm), jonka keskiosa on ruostumatonta ter\u00e4st\u00e4.<br \/>\nVaihteleva pituus yksil\u00f6llisesti s\u00e4\u00e4dett\u00e4viss\u00e4.<br \/>\nHALBMOND-riipuksen erottamaton muoto on tyylik\u00e4s muotoilu. Rakkaudella k\u00e4sity\u00f6n\u00e4 valmistettu monin k\u00e4sity\u00f6vaihein. Muotoilu on saanut inspiraationsa modernien taiteilijoiden, kuten Hundertwasserin, ajatuksista, ja se s\u00e4teilee koko pinnalle. Valmistettu arvokkaista materiaaleista korkeimman t\u00e4ydellisyyden mukaisesti.<br \/>\nKorkealaatuinen valmistus tekee siit\u00e4 ajattoman tyylikk\u00e4\u00e4n korun.<br \/>\nLaadukas ruostumaton ter\u00e4s, kiillotettu, hypoallergeeninen, nikkeli- ja allergiavapaa.<br \/>\nNeodyymimagneettisis\u00e4ke, jossa on noin 2000 gaussia.<\/p>","protected":false},"featured_media":2693,"comment_status":"open","ping_status":"closed","template":"","meta":[],"product_brand":[],"product_cat":[17,21],"product_tag":[26],"class_list":{"0":"post-2599","1":"product","2":"type-product","3":"status-publish","4":"has-post-thumbnail","6":"product_cat-alle-produkte","7":"product_cat-halsketten","8":"product_tag-paja","9":"thunk-woo-product-list","10":"opn-qv-enable","11":"top-store-woo-hover-zoom","12":"top-store-single-product-tab-horizontal","13":"top-store-shadow-","14":"top-store-shadow-hover-","16":"first","17":"instock","18":"sale","19":"taxable","20":"shipping-taxable","21":"purchasable","22":"product-type-simple"},"_links":{"self":[{"href":"https:\/\/trinitixshop.de\/fi\/wp-json\/wp\/v2\/product\/2599","targetHints":{"allow":["GET"]}}],"collection":[{"href":"https:\/\/trinitixshop.de\/fi\/wp-json\/wp\/v2\/product"}],"about":[{"href":"https:\/\/trinitixshop.de\/fi\/wp-json\/wp\/v2\/types\/product"}],"replies":[{"embeddable":true,"href":"https:\/\/trinitixshop.de\/fi\/wp-json\/wp\/v2\/comments?post=2599"}],"wp:featuredmedia":[{"embeddable":true,"href":"https:\/\/trinitixshop.de\/fi\/wp-json\/wp\/v2\/media\/2693"}],"wp:attachment":[{"href":"https:\/\/trinitixshop.de\/fi\/wp-json\/wp\/v2\/media?parent=2599"}],"wp:term":[{"taxonomy":"product_brand","embeddable":true,"href":"https:\/\/trinitixshop.de\/fi\/wp-json\/wp\/v2\/product_brand?post=2599"},{"taxonomy":"product_cat","embeddable":true,"href":"https:\/\/trinitixshop.de\/fi\/wp-json\/wp\/v2\/product_cat?post=2599"},{"taxonomy":"product_tag","embeddable":true,"href":"https:\/\/trinitixshop.de\/fi\/wp-json\/wp\/v2\/product_tag?post=2599"}],"curies":[{"name":"wp","href":"https:\/\/api.w.org\/{rel}","templated":true}]}}