{"id":2600,"date":"2023-06-16T13:34:27","date_gmt":"2023-06-16T11:34:27","guid":{"rendered":"https:\/\/trinitixshop.de\/?post_type=product&#038;p=2600"},"modified":"2024-07-07T20:49:27","modified_gmt":"2024-07-07T18:49:27","slug":"energy-magnetheart-powerheart-ruostumaton-teraes-kupari-sis-ketju-ja-merkki","status":"publish","type":"product","link":"https:\/\/trinitixshop.de\/fi\/produkt\/energy-magnetheart-powerherz-edelstahl-kupfer-inkl-kette-und-gegenstueck\/","title":{"rendered":"Energy MagnetHeart voimasyd\u00e4n ruostumatonta ter\u00e4st\u00e4\/kuparia sis. ketjun ja vastakappaleen # 2049"},"content":{"rendered":"<p>CH20490T<\/p>","protected":false},"excerpt":{"rendered":"<p>Bio Energy MagnetSyd\u00e4n riipus aidolla KUPARILLA.<br \/>\nIdenttinen voimasyd\u00e4men # 1114\/177Cu kanssa, lis\u00e4ksi ketjuripustin, \u00d8 n. 3 cm. Sis\u00e4lt\u00e4\u00e4 vastakappaleen.<br \/>\nRuostumatonta ter\u00e4st\u00e4, ei sis\u00e4ll\u00e4 kadmiumia, nikkeli\u00e4 eik\u00e4 lyijy\u00e4. Allergiaton.<br \/>\nMukana ilmainen silikoniketju hummerilukolla (n. 47 cm, voidaan lyhent\u00e4\u00e4 yksinkertaisella ty\u00f6kalulla).<br \/>\nTCM magneettinen syd\u00e4n sopii sel\u00e4lle, olkap\u00e4\u00e4lle, niskalle tai vatsalle. N\u00e4kyv\u00e4 tai n\u00e4kym\u00e4t\u00f6n, magneettisyd\u00e4n on kumppani koko p\u00e4iv\u00e4ksi!<br \/>\nVoimasyd\u00e4n voidaan kiinnitt\u00e4\u00e4 vaatteisiin mukana toimitetulla vastakappaleella ja k\u00e4ytt\u00e4\u00e4 rintakorun tavoin.<br \/>\nHyvinvointivaikutteinen voimasyd\u00e4n, joka on valmistettu ruostumattomasta ter\u00e4ksest\u00e4 ja jossa on aito kuparipuoli. Voimasyd\u00e4mess\u00e4 on n. 3000 gaussin neodyymimagneetti.<br \/>\nKuparin (CU) oletettu vaikutus: Edist\u00e4\u00e4 vasta-aineiden muodostumista puolustusj\u00e4rjestelm\u00e4ss\u00e4, kasvua, kehityst\u00e4, luuston vahvistumista.<br \/>\nKuparipuoli on k\u00e4ytett\u00e4v\u00e4 ihoa vasten (napaisuus: pohjoinen).<\/p>","protected":false},"featured_media":2680,"comment_status":"open","ping_status":"closed","template":"","meta":[],"product_brand":[],"product_cat":[17,21],"product_tag":[26],"class_list":{"0":"post-2600","1":"product","2":"type-product","3":"status-publish","4":"has-post-thumbnail","6":"product_cat-alle-produkte","7":"product_cat-halsketten","8":"product_tag-paja","9":"thunk-woo-product-list","10":"opn-qv-enable","11":"top-store-woo-hover-zoom","12":"top-store-single-product-tab-horizontal","13":"top-store-shadow-","14":"top-store-shadow-hover-","16":"first","17":"instock","18":"taxable","19":"shipping-taxable","20":"purchasable","21":"product-type-simple"},"_links":{"self":[{"href":"https:\/\/trinitixshop.de\/fi\/wp-json\/wp\/v2\/product\/2600","targetHints":{"allow":["GET"]}}],"collection":[{"href":"https:\/\/trinitixshop.de\/fi\/wp-json\/wp\/v2\/product"}],"about":[{"href":"https:\/\/trinitixshop.de\/fi\/wp-json\/wp\/v2\/types\/product"}],"replies":[{"embeddable":true,"href":"https:\/\/trinitixshop.de\/fi\/wp-json\/wp\/v2\/comments?post=2600"}],"wp:featuredmedia":[{"embeddable":true,"href":"https:\/\/trinitixshop.de\/fi\/wp-json\/wp\/v2\/media\/2680"}],"wp:attachment":[{"href":"https:\/\/trinitixshop.de\/fi\/wp-json\/wp\/v2\/media?parent=2600"}],"wp:term":[{"taxonomy":"product_brand","embeddable":true,"href":"https:\/\/trinitixshop.de\/fi\/wp-json\/wp\/v2\/product_brand?post=2600"},{"taxonomy":"product_cat","embeddable":true,"href":"https:\/\/trinitixshop.de\/fi\/wp-json\/wp\/v2\/product_cat?post=2600"},{"taxonomy":"product_tag","embeddable":true,"href":"https:\/\/trinitixshop.de\/fi\/wp-json\/wp\/v2\/product_tag?post=2600"}],"curies":[{"name":"wp","href":"https:\/\/api.w.org\/{rel}","templated":true}]}}