{"id":2602,"date":"2023-06-16T13:34:27","date_gmt":"2023-06-16T11:34:27","guid":{"rendered":"https:\/\/trinitixshop.de\/?post_type=product&#038;p=2602"},"modified":"2023-06-23T10:46:08","modified_gmt":"2023-06-23T08:46:08","slug":"puhdas-paeaettaeae-magneetti-ruostumattomasta-teraeksestae-ketju-tekninen-vintage-tyyli","status":"publish","type":"product","link":"https:\/\/trinitixshop.de\/fi\/produkt\/pure-decide-magnet-edelstahlkette-technischer-vintage-style\/","title":{"rendered":"Pure Decide magneetti ruostumattomasta ter\u00e4ksest\u00e4 valmistettu ketju tekninen vintage-tyyliin"},"content":{"rendered":"<p>CH219100T<\/p>","protected":false},"excerpt":{"rendered":"<p>Pure Decide. Inspiroitunut \"Fossil Style\".<br \/>\nTekninen ja jalo !!! Magneettiriipus harjattu\/kiillotettu, kaiverrettavissa - n. 35 x 17 mm.<br \/>\nSis\u00e4lt\u00e4\u00e4 ilmaiseksi lis\u00e4tt\u00e4v\u00e4n ruostumattomasta ter\u00e4ksest\u00e4 valmistetun ketjun - palloketjun - hummerilukolla (n. 55 - 65 cm).<br \/>\nMagneettinen riipus on katseenvangitsija, ja sit\u00e4 voi k\u00e4ytt\u00e4\u00e4 my\u00f6s muiden kaulakorujen kanssa.<br \/>\nKeskiosa kuin timanttip\u00f6ly\u00e4. Fossil-tyylin innoittamana. T\u00e4ydellinen magneettinen koru suoraviivaisille tyypeille. Riipus tekee vaikutuksen rennolla ulkon\u00e4\u00f6ll\u00e4\u00e4n, jonka moderni ruostumaton ter\u00e4s ja voimakas magneetti viimeistelev\u00e4t.<br \/>\nVastaavassa renkaassa on tunnus # 219.<br \/>\nLaadukas ruostumaton ter\u00e4s, kiillotettu, hypoallergeeninen, nikkeli- ja allergiavapaa.<br \/>\nNeodyymimagneettisis\u00e4ke, jossa on noin 2000 gaussia.<\/p>","protected":false},"featured_media":2683,"comment_status":"open","ping_status":"closed","template":"","meta":[],"product_brand":[],"product_cat":[17,21],"product_tag":[25],"class_list":{"0":"post-2602","1":"product","2":"type-product","3":"status-publish","4":"has-post-thumbnail","6":"product_cat-alle-produkte","7":"product_cat-halsketten","8":"product_tag-t-prime","9":"thunk-woo-product-list","10":"opn-qv-enable","11":"top-store-woo-hover-zoom","12":"top-store-single-product-tab-horizontal","13":"top-store-shadow-","14":"top-store-shadow-hover-","16":"first","17":"instock","18":"taxable","19":"shipping-taxable","20":"purchasable","21":"product-type-simple"},"_links":{"self":[{"href":"https:\/\/trinitixshop.de\/fi\/wp-json\/wp\/v2\/product\/2602","targetHints":{"allow":["GET"]}}],"collection":[{"href":"https:\/\/trinitixshop.de\/fi\/wp-json\/wp\/v2\/product"}],"about":[{"href":"https:\/\/trinitixshop.de\/fi\/wp-json\/wp\/v2\/types\/product"}],"replies":[{"embeddable":true,"href":"https:\/\/trinitixshop.de\/fi\/wp-json\/wp\/v2\/comments?post=2602"}],"wp:featuredmedia":[{"embeddable":true,"href":"https:\/\/trinitixshop.de\/fi\/wp-json\/wp\/v2\/media\/2683"}],"wp:attachment":[{"href":"https:\/\/trinitixshop.de\/fi\/wp-json\/wp\/v2\/media?parent=2602"}],"wp:term":[{"taxonomy":"product_brand","embeddable":true,"href":"https:\/\/trinitixshop.de\/fi\/wp-json\/wp\/v2\/product_brand?post=2602"},{"taxonomy":"product_cat","embeddable":true,"href":"https:\/\/trinitixshop.de\/fi\/wp-json\/wp\/v2\/product_cat?post=2602"},{"taxonomy":"product_tag","embeddable":true,"href":"https:\/\/trinitixshop.de\/fi\/wp-json\/wp\/v2\/product_tag?post=2602"}],"curies":[{"name":"wp","href":"https:\/\/api.w.org\/{rel}","templated":true}]}}