{"id":2604,"date":"2023-06-16T13:34:27","date_gmt":"2023-06-16T11:34:27","guid":{"rendered":"https:\/\/trinitixshop.de\/?post_type=product&#038;p=2604"},"modified":"2023-06-23T10:50:45","modified_gmt":"2023-06-23T08:50:45","slug":"moon-heart-noble-premium-linkki-ketju-swarovski-kristalleja-2331-plus","status":"publish","type":"product","link":"https:\/\/trinitixshop.de\/fi\/produkt\/mond-herz-edle-premium-gliederkette-mit-swarovski-crystals-2331-plus\/","title":{"rendered":"Kuu syd\u00e4n hieno premium-linkkiketju Swarovski-kristalleilla # 2331 plus"},"content":{"rendered":"<p>CH233101T<\/p>","protected":false},"excerpt":{"rendered":"<p>Romanttinen kuun riipus sadanp\u00e4\u00e4miehen syd\u00e4mell\u00e4.<br \/>\nSwarovski-kristallit upotettuna vintage-timanttihiontaan syd\u00e4mess\u00e4 ja keskiosassa.<br \/>\nSis\u00e4lt\u00e4\u00e4 ruostumattomasta ter\u00e4ksest\u00e4 valmistetun lenkkiketjun, pituus 42 - 53 cm.<br \/>\nKuun riipuksen pituus v\u00e4likappaleen kanssa n. 2,8 cm.<br \/>\nKaunis magneettinen koru edustaa keveytt\u00e4, energiaa ja eleganssia! Jokaisessa korussamme on laadukkaita ja voimakkaita neodyymimagneetteja.<br \/>\nLaadukas ruostumaton ter\u00e4s, kiillotettu, hypoallergeeninen, nikkeli- ja allergiavapaa.<br \/>\nNeodyymimagneettisis\u00e4ke, jossa on noin 1200 gaussia.<\/p>","protected":false},"featured_media":2686,"comment_status":"open","ping_status":"closed","template":"","meta":[],"product_brand":[],"product_cat":[17,21],"product_tag":[25],"class_list":{"0":"post-2604","1":"product","2":"type-product","3":"status-publish","4":"has-post-thumbnail","6":"product_cat-alle-produkte","7":"product_cat-halsketten","8":"product_tag-t-prime","9":"thunk-woo-product-list","10":"opn-qv-enable","11":"top-store-woo-hover-zoom","12":"top-store-single-product-tab-horizontal","13":"top-store-shadow-","14":"top-store-shadow-hover-","16":"first","17":"instock","18":"sale","19":"taxable","20":"shipping-taxable","21":"purchasable","22":"product-type-simple"},"_links":{"self":[{"href":"https:\/\/trinitixshop.de\/fi\/wp-json\/wp\/v2\/product\/2604","targetHints":{"allow":["GET"]}}],"collection":[{"href":"https:\/\/trinitixshop.de\/fi\/wp-json\/wp\/v2\/product"}],"about":[{"href":"https:\/\/trinitixshop.de\/fi\/wp-json\/wp\/v2\/types\/product"}],"replies":[{"embeddable":true,"href":"https:\/\/trinitixshop.de\/fi\/wp-json\/wp\/v2\/comments?post=2604"}],"wp:featuredmedia":[{"embeddable":true,"href":"https:\/\/trinitixshop.de\/fi\/wp-json\/wp\/v2\/media\/2686"}],"wp:attachment":[{"href":"https:\/\/trinitixshop.de\/fi\/wp-json\/wp\/v2\/media?parent=2604"}],"wp:term":[{"taxonomy":"product_brand","embeddable":true,"href":"https:\/\/trinitixshop.de\/fi\/wp-json\/wp\/v2\/product_brand?post=2604"},{"taxonomy":"product_cat","embeddable":true,"href":"https:\/\/trinitixshop.de\/fi\/wp-json\/wp\/v2\/product_cat?post=2604"},{"taxonomy":"product_tag","embeddable":true,"href":"https:\/\/trinitixshop.de\/fi\/wp-json\/wp\/v2\/product_tag?post=2604"}],"curies":[{"name":"wp","href":"https:\/\/api.w.org\/{rel}","templated":true}]}}